{"id":1412,"date":"2020-06-22T16:12:15","date_gmt":"2020-06-22T16:12:15","guid":{"rendered":"https:\/\/hospirent.com\/Hospirentsv\/?page_id=1412"},"modified":"2022-04-13T19:16:59","modified_gmt":"2022-04-13T19:16:59","slug":"sillon-y-accesorios","status":"publish","type":"page","link":"https:\/\/hospirent.com\/Hospirentsv\/sillon-y-accesorios\/","title":{"rendered":"Sill\u00f3n y accesorios"},"content":{"rendered":"\t\t<div data-elementor-type=\"wp-page\" data-elementor-id=\"1412\" class=\"elementor elementor-1412\">\n\t\t\t\t\t\t<section class=\"elementor-section elementor-top-section elementor-element elementor-element-1e99157 elementor-section-boxed elementor-section-height-default elementor-section-height-default\" data-id=\"1e99157\" data-element_type=\"section\" data-e-type=\"section\">\n\t\t\t\t\t\t<div class=\"elementor-container elementor-column-gap-default\">\n\t\t\t\t\t<div class=\"elementor-column elementor-col-25 elementor-top-column elementor-element elementor-element-4eb83ab\" data-id=\"4eb83ab\" data-element_type=\"column\" data-e-type=\"column\">\n\t\t\t<div class=\"elementor-widget-wrap\">\n\t\t\t\t\t\t\t<\/div>\n\t\t<\/div>\n\t\t\t\t<div class=\"elementor-column elementor-col-25 elementor-top-column elementor-element elementor-element-f16a454\" data-id=\"f16a454\" data-element_type=\"column\" data-e-type=\"column\">\n\t\t\t<div class=\"elementor-widget-wrap\">\n\t\t\t\t\t\t\t<\/div>\n\t\t<\/div>\n\t\t\t\t<div class=\"elementor-column elementor-col-25 elementor-top-column elementor-element elementor-element-bb07f80\" data-id=\"bb07f80\" data-element_type=\"column\" data-e-type=\"column\">\n\t\t\t<div class=\"elementor-widget-wrap\">\n\t\t\t\t\t\t\t<\/div>\n\t\t<\/div>\n\t\t\t\t<div class=\"elementor-column elementor-col-25 elementor-top-column elementor-element elementor-element-d78fe93\" data-id=\"d78fe93\" data-element_type=\"column\" data-e-type=\"column\">\n\t\t\t<div class=\"elementor-widget-wrap elementor-element-populated\">\n\t\t\t\t\t\t<div class=\"elementor-element elementor-element-89f163c elementor-align-center elementor-widget elementor-widget-button\" data-id=\"89f163c\" data-element_type=\"widget\" data-e-type=\"widget\" data-widget_type=\"button.default\">\n\t\t\t\t<div class=\"elementor-widget-container\">\n\t\t\t\t\t\t\t\t\t<div class=\"elementor-button-wrapper\">\n\t\t\t\t\t<a class=\"elementor-button elementor-button-link elementor-size-sm\" href=\"https:\/\/hospirent.com\/Hospirentsv\/catalogo-de-productos\/\">\n\t\t\t\t\t\t<span class=\"elementor-button-content-wrapper\">\n\t\t\t\t\t\t<span class=\"elementor-button-icon\">\n\t\t\t\t<i aria-hidden=\"true\" class=\"fas fa-caret-square-left\"><\/i>\t\t\t<\/span>\n\t\t\t\t\t\t\t\t\t<span class=\"elementor-button-text\">Cat\u00e1logo<\/span>\n\t\t\t\t\t<\/span>\n\t\t\t\t\t<\/a>\n\t\t\t\t<\/div>\n\t\t\t\t\t\t\t\t<\/div>\n\t\t\t\t<\/div>\n\t\t\t\t\t<\/div>\n\t\t<\/div>\n\t\t\t\t\t<\/div>\n\t\t<\/section>\n\t\t\t\t<section class=\"elementor-section elementor-top-section elementor-element elementor-element-24e6dc8 elementor-section-boxed elementor-section-height-default elementor-section-height-default\" data-id=\"24e6dc8\" data-element_type=\"section\" data-e-type=\"section\" data-settings=\"{&quot;background_background&quot;:&quot;classic&quot;}\">\n\t\t\t\t\t\t<div class=\"elementor-container elementor-column-gap-default\">\n\t\t\t\t\t<div class=\"elementor-column elementor-col-100 elementor-top-column elementor-element elementor-element-8e716cb\" data-id=\"8e716cb\" data-element_type=\"column\" data-e-type=\"column\">\n\t\t\t<div class=\"elementor-widget-wrap elementor-element-populated\">\n\t\t\t\t\t\t<section class=\"elementor-section elementor-inner-section elementor-element elementor-element-86679a5 elementor-section-boxed elementor-section-height-default elementor-section-height-default\" data-id=\"86679a5\" data-element_type=\"section\" data-e-type=\"section\">\n\t\t\t\t\t\t<div class=\"elementor-container elementor-column-gap-default\">\n\t\t\t\t\t<div class=\"elementor-column elementor-col-100 elementor-inner-column elementor-element elementor-element-03d0c41\" data-id=\"03d0c41\" data-element_type=\"column\" data-e-type=\"column\">\n\t\t\t<div class=\"elementor-widget-wrap elementor-element-populated\">\n\t\t\t\t\t\t<div class=\"elementor-element elementor-element-c20b288 elementor-widget elementor-widget-heading\" data-id=\"c20b288\" data-element_type=\"widget\" data-e-type=\"widget\" data-widget_type=\"heading.default\">\n\t\t\t\t<div class=\"elementor-widget-container\">\n\t\t\t\t\t<h2 class=\"elementor-heading-title elementor-size-default\">Sill\u00f3n y accesorios<\/h2>\t\t\t\t<\/div>\n\t\t\t\t<\/div>\n\t\t\t\t<div class=\"elementor-element elementor-element-ba69baf elementor-position-left elementor-vertical-align-top elementor-widget elementor-widget-image-box\" data-id=\"ba69baf\" data-element_type=\"widget\" data-e-type=\"widget\" data-widget_type=\"image-box.default\">\n\t\t\t\t<div class=\"elementor-widget-container\">\n\t\t\t\t\t<div class=\"elementor-image-box-wrapper\"><figure class=\"elementor-image-box-img\"><img fetchpriority=\"high\" decoding=\"async\" width=\"4500\" height=\"4500\" src=\"https:\/\/hospirent.com\/Hospirentsv\/wp-content\/uploads\/2022\/04\/Sillon-reposet.png\" class=\"attachment-full size-full wp-image-3004\" alt=\"\" srcset=\"https:\/\/hospirent.com\/Hospirentsv\/wp-content\/uploads\/2022\/04\/Sillon-reposet.png 4500w, https:\/\/hospirent.com\/Hospirentsv\/wp-content\/uploads\/2022\/04\/Sillon-reposet-300x300.png 300w, https:\/\/hospirent.com\/Hospirentsv\/wp-content\/uploads\/2022\/04\/Sillon-reposet-1024x1024.png 1024w, https:\/\/hospirent.com\/Hospirentsv\/wp-content\/uploads\/2022\/04\/Sillon-reposet-150x150.png 150w, https:\/\/hospirent.com\/Hospirentsv\/wp-content\/uploads\/2022\/04\/Sillon-reposet-768x768.png 768w, https:\/\/hospirent.com\/Hospirentsv\/wp-content\/uploads\/2022\/04\/Sillon-reposet-1536x1536.png 1536w\" sizes=\"(max-width: 4500px) 100vw, 4500px\" \/><\/figure><div class=\"elementor-image-box-content\"><h3 class=\"elementor-image-box-title\">Sill\u00f3n reposet<\/h3><p class=\"elementor-image-box-description\">Sill\u00f3n de elevaci\u00f3n dise\u00f1ado para personas mayores, discapacitadas o con problemas al ponerse de pie.<br>Tama\u00f1o 31.1\u201d ancho x 37\u201d largo x 41.6\u201d altura.<br>Sistema de elevaci\u00f3n silencioso y suave.<br>Control remoto con sistema de bater\u00edas.<br>Sistema ahorrador de energ\u00eda.<br>Capacidad de peso: 440lbs.<br>Con rodos.\n<\/p><\/div><\/div>\t\t\t\t<\/div>\n\t\t\t\t<\/div>\n\t\t\t\t<div class=\"elementor-element elementor-element-4a8a426 elementor-position-left elementor-vertical-align-top elementor-widget elementor-widget-image-box\" data-id=\"4a8a426\" data-element_type=\"widget\" data-e-type=\"widget\" data-widget_type=\"image-box.default\">\n\t\t\t\t<div class=\"elementor-widget-container\">\n\t\t\t\t\t<div class=\"elementor-image-box-wrapper\"><figure class=\"elementor-image-box-img\"><img decoding=\"async\" width=\"800\" height=\"800\" src=\"https:\/\/hospirent.com\/Hospirentsv\/wp-content\/uploads\/2022\/04\/Asistente-de-elevador.png\" class=\"attachment-full size-full wp-image-3002\" alt=\"\" srcset=\"https:\/\/hospirent.com\/Hospirentsv\/wp-content\/uploads\/2022\/04\/Asistente-de-elevador.png 800w, https:\/\/hospirent.com\/Hospirentsv\/wp-content\/uploads\/2022\/04\/Asistente-de-elevador-300x300.png 300w, https:\/\/hospirent.com\/Hospirentsv\/wp-content\/uploads\/2022\/04\/Asistente-de-elevador-150x150.png 150w, https:\/\/hospirent.com\/Hospirentsv\/wp-content\/uploads\/2022\/04\/Asistente-de-elevador-768x768.png 768w\" sizes=\"(max-width: 800px) 100vw, 800px\" \/><\/figure><div class=\"elementor-image-box-content\"><h3 class=\"elementor-image-box-title\">Asistente de elevador<\/h3><p class=\"elementor-image-box-description\">Baja o levanta suavemente hasta el 70% del peso.<br>Elevaci\u00f3n ajustable resistente desde las 95 libras hasta 350 en base al modelo.<br>Mecanismo antideslizante en la base.<br>Coj\u00edn con n\u00facleo de espuma de memoria para mayor comomodidad.<br>Resistente al agua, lavable para f\u00e1cil cuidado.<\/p><\/div><\/div>\t\t\t\t<\/div>\n\t\t\t\t<\/div>\n\t\t\t\t\t<\/div>\n\t\t<\/div>\n\t\t\t\t\t<\/div>\n\t\t<\/section>\n\t\t\t\t\t<\/div>\n\t\t<\/div>\n\t\t\t\t\t<\/div>\n\t\t<\/section>\n\t\t\t\t<\/div>\n\t\t","protected":false},"excerpt":{"rendered":"<p>Cat\u00e1logo Sill\u00f3n y accesorios Sill\u00f3n reposet Sill\u00f3n de elevaci\u00f3n dise\u00f1ado para personas mayores, discapacitadas o con problemas al ponerse de pie.Tama\u00f1o 31.1\u201d ancho x 37\u201d largo x 41.6\u201d altura.Sistema de elevaci\u00f3n silencioso y suave.Control remoto con sistema de bater\u00edas.Sistema ahorrador de energ\u00eda.Capacidad de peso: 440lbs.Con rodos. Asistente de elevador Baja o levanta suavemente hasta el &hellip;<\/p>\n<p class=\"read-more\"> <a class=\"\" href=\"https:\/\/hospirent.com\/Hospirentsv\/sillon-y-accesorios\/\"> <span class=\"screen-reader-text\">Sill\u00f3n y accesorios<\/span> Leer m\u00e1s &raquo;<\/a><\/p>\n","protected":false},"author":1,"featured_media":0,"parent":0,"menu_order":0,"comment_status":"closed","ping_status":"closed","template":"","meta":{"site-sidebar-layout":"default","site-content-layout":"default","ast-global-header-display":"","ast-main-header-display":"","ast-hfb-above-header-display":"","ast-hfb-below-header-display":"","ast-hfb-mobile-header-display":"","site-post-title":"","ast-breadcrumbs-content":"","ast-featured-img":"","footer-sml-layout":"","theme-transparent-header-meta":"","adv-header-id-meta":"","stick-header-meta":"","header-above-stick-meta":"","header-main-stick-meta":"","header-below-stick-meta":"","_joinchat":[],"footnotes":""},"class_list":["post-1412","page","type-page","status-publish","hentry"],"_links":{"self":[{"href":"https:\/\/hospirent.com\/Hospirentsv\/wp-json\/wp\/v2\/pages\/1412","targetHints":{"allow":["GET"]}}],"collection":[{"href":"https:\/\/hospirent.com\/Hospirentsv\/wp-json\/wp\/v2\/pages"}],"about":[{"href":"https:\/\/hospirent.com\/Hospirentsv\/wp-json\/wp\/v2\/types\/page"}],"author":[{"embeddable":true,"href":"https:\/\/hospirent.com\/Hospirentsv\/wp-json\/wp\/v2\/users\/1"}],"replies":[{"embeddable":true,"href":"https:\/\/hospirent.com\/Hospirentsv\/wp-json\/wp\/v2\/comments?post=1412"}],"version-history":[{"count":17,"href":"https:\/\/hospirent.com\/Hospirentsv\/wp-json\/wp\/v2\/pages\/1412\/revisions"}],"predecessor-version":[{"id":3010,"href":"https:\/\/hospirent.com\/Hospirentsv\/wp-json\/wp\/v2\/pages\/1412\/revisions\/3010"}],"wp:attachment":[{"href":"https:\/\/hospirent.com\/Hospirentsv\/wp-json\/wp\/v2\/media?parent=1412"}],"curies":[{"name":"wp","href":"https:\/\/api.w.org\/{rel}","templated":true}]}}