{"id":1415,"date":"2020-06-22T16:15:18","date_gmt":"2020-06-22T16:15:18","guid":{"rendered":"https:\/\/hospirent.com\/Hospirentsv\/?page_id=1415"},"modified":"2022-04-13T19:26:24","modified_gmt":"2022-04-13T19:26:24","slug":"herramientas-de-ayuda","status":"publish","type":"page","link":"https:\/\/hospirent.com\/Hospirentsv\/herramientas-de-ayuda\/","title":{"rendered":"Herramientas de ayuda"},"content":{"rendered":"\t\t<div data-elementor-type=\"wp-page\" data-elementor-id=\"1415\" class=\"elementor elementor-1415\">\n\t\t\t\t\t\t<section class=\"elementor-section elementor-top-section elementor-element elementor-element-a239531 elementor-section-boxed elementor-section-height-default elementor-section-height-default\" data-id=\"a239531\" data-element_type=\"section\" data-e-type=\"section\">\n\t\t\t\t\t\t<div class=\"elementor-container elementor-column-gap-default\">\n\t\t\t\t\t<div class=\"elementor-column elementor-col-25 elementor-top-column elementor-element elementor-element-282a4ea\" data-id=\"282a4ea\" data-element_type=\"column\" data-e-type=\"column\">\n\t\t\t<div class=\"elementor-widget-wrap\">\n\t\t\t\t\t\t\t<\/div>\n\t\t<\/div>\n\t\t\t\t<div class=\"elementor-column elementor-col-25 elementor-top-column elementor-element elementor-element-7dea5be\" data-id=\"7dea5be\" data-element_type=\"column\" data-e-type=\"column\">\n\t\t\t<div class=\"elementor-widget-wrap\">\n\t\t\t\t\t\t\t<\/div>\n\t\t<\/div>\n\t\t\t\t<div class=\"elementor-column elementor-col-25 elementor-top-column elementor-element elementor-element-1731b88\" data-id=\"1731b88\" data-element_type=\"column\" data-e-type=\"column\">\n\t\t\t<div class=\"elementor-widget-wrap\">\n\t\t\t\t\t\t\t<\/div>\n\t\t<\/div>\n\t\t\t\t<div class=\"elementor-column elementor-col-25 elementor-top-column elementor-element elementor-element-93d465f\" data-id=\"93d465f\" data-element_type=\"column\" data-e-type=\"column\">\n\t\t\t<div class=\"elementor-widget-wrap elementor-element-populated\">\n\t\t\t\t\t\t<div class=\"elementor-element elementor-element-1649af2 elementor-align-center elementor-widget elementor-widget-button\" data-id=\"1649af2\" data-element_type=\"widget\" data-e-type=\"widget\" data-widget_type=\"button.default\">\n\t\t\t\t<div class=\"elementor-widget-container\">\n\t\t\t\t\t\t\t\t\t<div class=\"elementor-button-wrapper\">\n\t\t\t\t\t<a class=\"elementor-button elementor-button-link elementor-size-sm\" href=\"https:\/\/hospirent.com\/Hospirentsv\/catalogo-de-productos\/\">\n\t\t\t\t\t\t<span class=\"elementor-button-content-wrapper\">\n\t\t\t\t\t\t<span class=\"elementor-button-icon\">\n\t\t\t\t<i aria-hidden=\"true\" class=\"fas fa-caret-square-left\"><\/i>\t\t\t<\/span>\n\t\t\t\t\t\t\t\t\t<span class=\"elementor-button-text\">Cat\u00e1logo<\/span>\n\t\t\t\t\t<\/span>\n\t\t\t\t\t<\/a>\n\t\t\t\t<\/div>\n\t\t\t\t\t\t\t\t<\/div>\n\t\t\t\t<\/div>\n\t\t\t\t\t<\/div>\n\t\t<\/div>\n\t\t\t\t\t<\/div>\n\t\t<\/section>\n\t\t\t\t<section class=\"elementor-section elementor-top-section elementor-element elementor-element-f8ca665 elementor-section-boxed elementor-section-height-default elementor-section-height-default\" data-id=\"f8ca665\" data-element_type=\"section\" data-e-type=\"section\" data-settings=\"{&quot;background_background&quot;:&quot;classic&quot;}\">\n\t\t\t\t\t\t<div class=\"elementor-container elementor-column-gap-default\">\n\t\t\t\t\t<div class=\"elementor-column elementor-col-100 elementor-top-column elementor-element elementor-element-ff0989c\" data-id=\"ff0989c\" data-element_type=\"column\" data-e-type=\"column\">\n\t\t\t<div class=\"elementor-widget-wrap elementor-element-populated\">\n\t\t\t\t\t\t<section class=\"elementor-section elementor-inner-section elementor-element elementor-element-59c6aeb elementor-section-boxed elementor-section-height-default elementor-section-height-default\" data-id=\"59c6aeb\" data-element_type=\"section\" data-e-type=\"section\">\n\t\t\t\t\t\t<div class=\"elementor-container elementor-column-gap-default\">\n\t\t\t\t\t<div class=\"elementor-column elementor-col-100 elementor-inner-column elementor-element elementor-element-554fbfe\" data-id=\"554fbfe\" data-element_type=\"column\" data-e-type=\"column\">\n\t\t\t<div class=\"elementor-widget-wrap elementor-element-populated\">\n\t\t\t\t\t\t<div class=\"elementor-element elementor-element-a39cab5 elementor-widget elementor-widget-heading\" data-id=\"a39cab5\" data-element_type=\"widget\" data-e-type=\"widget\" data-widget_type=\"heading.default\">\n\t\t\t\t<div class=\"elementor-widget-container\">\n\t\t\t\t\t<h2 class=\"elementor-heading-title elementor-size-default\">Herramientas de ayuda<\/h2>\t\t\t\t<\/div>\n\t\t\t\t<\/div>\n\t\t\t\t<div class=\"elementor-element elementor-element-35c3a1f elementor-position-left elementor-vertical-align-top elementor-widget elementor-widget-image-box\" data-id=\"35c3a1f\" data-element_type=\"widget\" data-e-type=\"widget\" data-widget_type=\"image-box.default\">\n\t\t\t\t<div class=\"elementor-widget-container\">\n\t\t\t\t\t<div class=\"elementor-image-box-wrapper\"><figure class=\"elementor-image-box-img\"><img fetchpriority=\"high\" decoding=\"async\" width=\"3292\" height=\"3292\" src=\"https:\/\/hospirent.com\/Hospirentsv\/wp-content\/uploads\/2022\/04\/Herramienta-de-mano-de-facil-alcance.png\" class=\"attachment-full size-full wp-image-3011\" alt=\"\" srcset=\"https:\/\/hospirent.com\/Hospirentsv\/wp-content\/uploads\/2022\/04\/Herramienta-de-mano-de-facil-alcance.png 3292w, https:\/\/hospirent.com\/Hospirentsv\/wp-content\/uploads\/2022\/04\/Herramienta-de-mano-de-facil-alcance-300x300.png 300w, https:\/\/hospirent.com\/Hospirentsv\/wp-content\/uploads\/2022\/04\/Herramienta-de-mano-de-facil-alcance-1024x1024.png 1024w, https:\/\/hospirent.com\/Hospirentsv\/wp-content\/uploads\/2022\/04\/Herramienta-de-mano-de-facil-alcance-150x150.png 150w, https:\/\/hospirent.com\/Hospirentsv\/wp-content\/uploads\/2022\/04\/Herramienta-de-mano-de-facil-alcance-768x768.png 768w, https:\/\/hospirent.com\/Hospirentsv\/wp-content\/uploads\/2022\/04\/Herramienta-de-mano-de-facil-alcance-1536x1536.png 1536w\" sizes=\"(max-width: 3292px) 100vw, 3292px\" \/><\/figure><div class=\"elementor-image-box-content\"><h3 class=\"elementor-image-box-title\">Herramienta de mano de f\u00e1cil alcance<\/h3><p class=\"elementor-image-box-description\">Ideal para personas con problemas de movimientos.<br>Agarre muy eficiente.<br>Capacidad de agarre de 2 libras m\u00e1ximo.<br>Tama\u00f1o 78 cm en total.<br>Peso ligero.<br>Construcci\u00f3n del aluminio durable.<br>Maneral de agarre muy c\u00f3modo.<br>El articulo viene en azul y negro.<\/p><\/div><\/div>\t\t\t\t<\/div>\n\t\t\t\t<\/div>\n\t\t\t\t<div class=\"elementor-element elementor-element-1965d49 elementor-position-left elementor-vertical-align-top elementor-widget elementor-widget-image-box\" data-id=\"1965d49\" data-element_type=\"widget\" data-e-type=\"widget\" data-widget_type=\"image-box.default\">\n\t\t\t\t<div class=\"elementor-widget-container\">\n\t\t\t\t\t<div class=\"elementor-image-box-wrapper\"><figure class=\"elementor-image-box-img\"><img decoding=\"async\" width=\"800\" height=\"800\" src=\"https:\/\/hospirent.com\/Hospirentsv\/wp-content\/uploads\/2022\/04\/Asistente-de-elevador.png\" class=\"attachment-full size-full wp-image-3002\" alt=\"\" srcset=\"https:\/\/hospirent.com\/Hospirentsv\/wp-content\/uploads\/2022\/04\/Asistente-de-elevador.png 800w, https:\/\/hospirent.com\/Hospirentsv\/wp-content\/uploads\/2022\/04\/Asistente-de-elevador-300x300.png 300w, https:\/\/hospirent.com\/Hospirentsv\/wp-content\/uploads\/2022\/04\/Asistente-de-elevador-150x150.png 150w, https:\/\/hospirent.com\/Hospirentsv\/wp-content\/uploads\/2022\/04\/Asistente-de-elevador-768x768.png 768w\" sizes=\"(max-width: 800px) 100vw, 800px\" \/><\/figure><div class=\"elementor-image-box-content\"><h3 class=\"elementor-image-box-title\">Asistente de elevador<\/h3><p class=\"elementor-image-box-description\">Baja o levanta suavemente hasta el 70% del peso.<br>Elevaci\u00f3n ajustable resistente desde las 95 libras hasta 350 en base al modelo.<br>Mecanismo antideslizante en la base.<br>Coj\u00edn con n\u00facleo de espuma de memoria para mayor comomodidad.<br>Resistente al agua, lavable para f\u00e1cil cuidado.<\/p><\/div><\/div>\t\t\t\t<\/div>\n\t\t\t\t<\/div>\n\t\t\t\t\t<\/div>\n\t\t<\/div>\n\t\t\t\t\t<\/div>\n\t\t<\/section>\n\t\t\t\t\t<\/div>\n\t\t<\/div>\n\t\t\t\t\t<\/div>\n\t\t<\/section>\n\t\t\t\t<\/div>\n\t\t","protected":false},"excerpt":{"rendered":"<p>Cat\u00e1logo Herramientas de ayuda Herramienta de mano de f\u00e1cil alcance Ideal para personas con problemas de movimientos.Agarre muy eficiente.Capacidad de agarre de 2 libras m\u00e1ximo.Tama\u00f1o 78 cm en total.Peso ligero.Construcci\u00f3n del aluminio durable.Maneral de agarre muy c\u00f3modo.El articulo viene en azul y negro. Asistente de elevador Baja o levanta suavemente hasta el 70% del peso.Elevaci\u00f3n &hellip;<\/p>\n<p class=\"read-more\"> <a class=\"\" href=\"https:\/\/hospirent.com\/Hospirentsv\/herramientas-de-ayuda\/\"> <span class=\"screen-reader-text\">Herramientas de ayuda<\/span> Leer m\u00e1s &raquo;<\/a><\/p>\n","protected":false},"author":1,"featured_media":0,"parent":0,"menu_order":0,"comment_status":"closed","ping_status":"closed","template":"","meta":{"site-sidebar-layout":"default","site-content-layout":"default","ast-global-header-display":"","ast-main-header-display":"","ast-hfb-above-header-display":"","ast-hfb-below-header-display":"","ast-hfb-mobile-header-display":"","site-post-title":"","ast-breadcrumbs-content":"","ast-featured-img":"","footer-sml-layout":"","theme-transparent-header-meta":"","adv-header-id-meta":"","stick-header-meta":"","header-above-stick-meta":"","header-main-stick-meta":"","header-below-stick-meta":"","_joinchat":[],"footnotes":""},"class_list":["post-1415","page","type-page","status-publish","hentry"],"_links":{"self":[{"href":"https:\/\/hospirent.com\/Hospirentsv\/wp-json\/wp\/v2\/pages\/1415","targetHints":{"allow":["GET"]}}],"collection":[{"href":"https:\/\/hospirent.com\/Hospirentsv\/wp-json\/wp\/v2\/pages"}],"about":[{"href":"https:\/\/hospirent.com\/Hospirentsv\/wp-json\/wp\/v2\/types\/page"}],"author":[{"embeddable":true,"href":"https:\/\/hospirent.com\/Hospirentsv\/wp-json\/wp\/v2\/users\/1"}],"replies":[{"embeddable":true,"href":"https:\/\/hospirent.com\/Hospirentsv\/wp-json\/wp\/v2\/comments?post=1415"}],"version-history":[{"count":15,"href":"https:\/\/hospirent.com\/Hospirentsv\/wp-json\/wp\/v2\/pages\/1415\/revisions"}],"predecessor-version":[{"id":3021,"href":"https:\/\/hospirent.com\/Hospirentsv\/wp-json\/wp\/v2\/pages\/1415\/revisions\/3021"}],"wp:attachment":[{"href":"https:\/\/hospirent.com\/Hospirentsv\/wp-json\/wp\/v2\/media?parent=1415"}],"curies":[{"name":"wp","href":"https:\/\/api.w.org\/{rel}","templated":true}]}}