{"id":1433,"date":"2020-06-22T16:51:32","date_gmt":"2020-06-22T16:51:32","guid":{"rendered":"https:\/\/hospirent.com\/Hospirentsv\/?page_id=1433"},"modified":"2022-04-13T18:57:12","modified_gmt":"2022-04-13T18:57:12","slug":"grua-de-transferencia-y-accesorios","status":"publish","type":"page","link":"https:\/\/hospirent.com\/Hospirentsv\/grua-de-transferencia-y-accesorios\/","title":{"rendered":"Gr\u00faa de transferencia y accesorios"},"content":{"rendered":"\t\t<div data-elementor-type=\"wp-page\" data-elementor-id=\"1433\" class=\"elementor elementor-1433\">\n\t\t\t\t\t\t<section class=\"elementor-section elementor-top-section elementor-element elementor-element-cff37c6 elementor-section-boxed elementor-section-height-default elementor-section-height-default\" data-id=\"cff37c6\" data-element_type=\"section\" data-e-type=\"section\">\n\t\t\t\t\t\t<div class=\"elementor-container elementor-column-gap-default\">\n\t\t\t\t\t<div class=\"elementor-column elementor-col-25 elementor-top-column elementor-element elementor-element-1466c06\" data-id=\"1466c06\" data-element_type=\"column\" data-e-type=\"column\">\n\t\t\t<div class=\"elementor-widget-wrap\">\n\t\t\t\t\t\t\t<\/div>\n\t\t<\/div>\n\t\t\t\t<div class=\"elementor-column elementor-col-25 elementor-top-column elementor-element elementor-element-595f190\" data-id=\"595f190\" data-element_type=\"column\" data-e-type=\"column\">\n\t\t\t<div class=\"elementor-widget-wrap\">\n\t\t\t\t\t\t\t<\/div>\n\t\t<\/div>\n\t\t\t\t<div class=\"elementor-column elementor-col-25 elementor-top-column elementor-element elementor-element-a3af7bd\" data-id=\"a3af7bd\" data-element_type=\"column\" data-e-type=\"column\">\n\t\t\t<div class=\"elementor-widget-wrap\">\n\t\t\t\t\t\t\t<\/div>\n\t\t<\/div>\n\t\t\t\t<div class=\"elementor-column elementor-col-25 elementor-top-column elementor-element elementor-element-f4f9de1\" data-id=\"f4f9de1\" data-element_type=\"column\" data-e-type=\"column\">\n\t\t\t<div class=\"elementor-widget-wrap elementor-element-populated\">\n\t\t\t\t\t\t<div class=\"elementor-element elementor-element-a648a5e elementor-align-center elementor-widget elementor-widget-button\" data-id=\"a648a5e\" data-element_type=\"widget\" data-e-type=\"widget\" data-widget_type=\"button.default\">\n\t\t\t\t<div class=\"elementor-widget-container\">\n\t\t\t\t\t\t\t\t\t<div class=\"elementor-button-wrapper\">\n\t\t\t\t\t<a class=\"elementor-button elementor-button-link elementor-size-sm\" href=\"https:\/\/hospirent.com\/Hospirentsv\/catalogo-de-productos\/\">\n\t\t\t\t\t\t<span class=\"elementor-button-content-wrapper\">\n\t\t\t\t\t\t<span class=\"elementor-button-icon\">\n\t\t\t\t<i aria-hidden=\"true\" class=\"fas fa-caret-square-left\"><\/i>\t\t\t<\/span>\n\t\t\t\t\t\t\t\t\t<span class=\"elementor-button-text\">Cat\u00e1logo<\/span>\n\t\t\t\t\t<\/span>\n\t\t\t\t\t<\/a>\n\t\t\t\t<\/div>\n\t\t\t\t\t\t\t\t<\/div>\n\t\t\t\t<\/div>\n\t\t\t\t\t<\/div>\n\t\t<\/div>\n\t\t\t\t\t<\/div>\n\t\t<\/section>\n\t\t\t\t<section class=\"elementor-section elementor-top-section elementor-element elementor-element-d81a2ec elementor-section-boxed elementor-section-height-default elementor-section-height-default\" data-id=\"d81a2ec\" data-element_type=\"section\" data-e-type=\"section\" data-settings=\"{&quot;background_background&quot;:&quot;classic&quot;}\">\n\t\t\t\t\t\t<div class=\"elementor-container elementor-column-gap-default\">\n\t\t\t\t\t<div class=\"elementor-column elementor-col-100 elementor-top-column elementor-element elementor-element-eaecca7\" data-id=\"eaecca7\" data-element_type=\"column\" data-e-type=\"column\">\n\t\t\t<div class=\"elementor-widget-wrap elementor-element-populated\">\n\t\t\t\t\t\t<section class=\"elementor-section elementor-inner-section elementor-element elementor-element-859a536 elementor-section-boxed elementor-section-height-default elementor-section-height-default\" data-id=\"859a536\" data-element_type=\"section\" data-e-type=\"section\">\n\t\t\t\t\t\t<div class=\"elementor-container elementor-column-gap-default\">\n\t\t\t\t\t<div class=\"elementor-column elementor-col-100 elementor-inner-column elementor-element elementor-element-518b8e7\" data-id=\"518b8e7\" data-element_type=\"column\" data-e-type=\"column\">\n\t\t\t<div class=\"elementor-widget-wrap elementor-element-populated\">\n\t\t\t\t\t\t<div class=\"elementor-element elementor-element-74c30b4 elementor-widget elementor-widget-heading\" data-id=\"74c30b4\" data-element_type=\"widget\" data-e-type=\"widget\" data-widget_type=\"heading.default\">\n\t\t\t\t<div class=\"elementor-widget-container\">\n\t\t\t\t\t<h2 class=\"elementor-heading-title elementor-size-default\">Gr\u00faa de <br>transferencia<\/h2>\t\t\t\t<\/div>\n\t\t\t\t<\/div>\n\t\t\t\t<div class=\"elementor-element elementor-element-5b3ebb0 elementor-position-left elementor-vertical-align-top elementor-widget elementor-widget-image-box\" data-id=\"5b3ebb0\" data-element_type=\"widget\" data-e-type=\"widget\" data-widget_type=\"image-box.default\">\n\t\t\t\t<div class=\"elementor-widget-container\">\n\t\t\t\t\t<div class=\"elementor-image-box-wrapper\"><figure class=\"elementor-image-box-img\"><img fetchpriority=\"high\" decoding=\"async\" width=\"470\" height=\"470\" src=\"https:\/\/hospirent.com\/Hospirentsv\/wp-content\/uploads\/2020\/05\/movilizar2.jpg\" class=\"attachment-full size-full wp-image-1354\" alt=\"\" srcset=\"https:\/\/hospirent.com\/Hospirentsv\/wp-content\/uploads\/2020\/05\/movilizar2.jpg 470w, https:\/\/hospirent.com\/Hospirentsv\/wp-content\/uploads\/2020\/05\/movilizar2-300x300.jpg 300w, https:\/\/hospirent.com\/Hospirentsv\/wp-content\/uploads\/2020\/05\/movilizar2-150x150.jpg 150w\" sizes=\"(max-width: 470px) 100vw, 470px\" \/><\/figure><div class=\"elementor-image-box-content\"><h3 class=\"elementor-image-box-title\">Gr\u00faa de transferencia<\/h3><p class=\"elementor-image-box-description\">La posici\u00f3n del paciente cambia seg\u00fan uso del accesorio.<br>Capacidad de peso de 450 libras.<br>Sistema de levantamiento hidr\u00e1ulico.<br>Incluye rodos de alta resistencia<\/p><\/div><\/div>\t\t\t\t<\/div>\n\t\t\t\t<\/div>\n\t\t\t\t<div class=\"elementor-element elementor-element-5b56518 elementor-position-left elementor-vertical-align-top elementor-widget elementor-widget-image-box\" data-id=\"5b56518\" data-element_type=\"widget\" data-e-type=\"widget\" data-widget_type=\"image-box.default\">\n\t\t\t\t<div class=\"elementor-widget-container\">\n\t\t\t\t\t<div class=\"elementor-image-box-wrapper\"><figure class=\"elementor-image-box-img\"><img decoding=\"async\" width=\"1280\" height=\"1280\" src=\"https:\/\/hospirent.com\/Hospirentsv\/wp-content\/uploads\/2022\/04\/Accesorios-de-grua.png\" class=\"attachment-full size-full wp-image-2982\" alt=\"\" srcset=\"https:\/\/hospirent.com\/Hospirentsv\/wp-content\/uploads\/2022\/04\/Accesorios-de-grua.png 1280w, https:\/\/hospirent.com\/Hospirentsv\/wp-content\/uploads\/2022\/04\/Accesorios-de-grua-300x300.png 300w, https:\/\/hospirent.com\/Hospirentsv\/wp-content\/uploads\/2022\/04\/Accesorios-de-grua-1024x1024.png 1024w, https:\/\/hospirent.com\/Hospirentsv\/wp-content\/uploads\/2022\/04\/Accesorios-de-grua-150x150.png 150w, https:\/\/hospirent.com\/Hospirentsv\/wp-content\/uploads\/2022\/04\/Accesorios-de-grua-768x768.png 768w\" sizes=\"(max-width: 1280px) 100vw, 1280px\" \/><\/figure><div class=\"elementor-image-box-content\"><h3 class=\"elementor-image-box-title\">Accesorio de gr\u00faa cuerpo completo<\/h3><p class=\"elementor-image-box-description\">Asegura una buena sujeci\u00f3n del paciente para que no se mueva.<br>F\u00e1cil uso, dise\u00f1ado para adecuarse a las necesidades del paciente.<br>Soporta un peso hasta de 600 libras.<br>Material c\u00f3modo y resistente.<br>Tallas desde M a XL.<br>Ajuste r\u00e1pido. <\/p><\/div><\/div>\t\t\t\t<\/div>\n\t\t\t\t<\/div>\n\t\t\t\t\t<\/div>\n\t\t<\/div>\n\t\t\t\t\t<\/div>\n\t\t<\/section>\n\t\t\t\t\t<\/div>\n\t\t<\/div>\n\t\t\t\t\t<\/div>\n\t\t<\/section>\n\t\t\t\t<\/div>\n\t\t","protected":false},"excerpt":{"rendered":"<p>Cat\u00e1logo Gr\u00faa de transferencia Gr\u00faa de transferencia La posici\u00f3n del paciente cambia seg\u00fan uso del accesorio.Capacidad de peso de 450 libras.Sistema de levantamiento hidr\u00e1ulico.Incluye rodos de alta resistencia Accesorio de gr\u00faa cuerpo completo Asegura una buena sujeci\u00f3n del paciente para que no se mueva.F\u00e1cil uso, dise\u00f1ado para adecuarse a las necesidades del paciente.Soporta un peso &hellip;<\/p>\n<p class=\"read-more\"> <a class=\"\" href=\"https:\/\/hospirent.com\/Hospirentsv\/grua-de-transferencia-y-accesorios\/\"> <span class=\"screen-reader-text\">Gr\u00faa de transferencia y accesorios<\/span> Leer m\u00e1s &raquo;<\/a><\/p>\n","protected":false},"author":1,"featured_media":0,"parent":0,"menu_order":0,"comment_status":"closed","ping_status":"closed","template":"","meta":{"site-sidebar-layout":"default","site-content-layout":"default","ast-global-header-display":"","ast-main-header-display":"","ast-hfb-above-header-display":"","ast-hfb-below-header-display":"","ast-hfb-mobile-header-display":"","site-post-title":"","ast-breadcrumbs-content":"","ast-featured-img":"","footer-sml-layout":"","theme-transparent-header-meta":"","adv-header-id-meta":"","stick-header-meta":"","header-above-stick-meta":"","header-main-stick-meta":"","header-below-stick-meta":"","_joinchat":[],"footnotes":""},"class_list":["post-1433","page","type-page","status-publish","hentry"],"_links":{"self":[{"href":"https:\/\/hospirent.com\/Hospirentsv\/wp-json\/wp\/v2\/pages\/1433","targetHints":{"allow":["GET"]}}],"collection":[{"href":"https:\/\/hospirent.com\/Hospirentsv\/wp-json\/wp\/v2\/pages"}],"about":[{"href":"https:\/\/hospirent.com\/Hospirentsv\/wp-json\/wp\/v2\/types\/page"}],"author":[{"embeddable":true,"href":"https:\/\/hospirent.com\/Hospirentsv\/wp-json\/wp\/v2\/users\/1"}],"replies":[{"embeddable":true,"href":"https:\/\/hospirent.com\/Hospirentsv\/wp-json\/wp\/v2\/comments?post=1433"}],"version-history":[{"count":14,"href":"https:\/\/hospirent.com\/Hospirentsv\/wp-json\/wp\/v2\/pages\/1433\/revisions"}],"predecessor-version":[{"id":2985,"href":"https:\/\/hospirent.com\/Hospirentsv\/wp-json\/wp\/v2\/pages\/1433\/revisions\/2985"}],"wp:attachment":[{"href":"https:\/\/hospirent.com\/Hospirentsv\/wp-json\/wp\/v2\/media?parent=1433"}],"curies":[{"name":"wp","href":"https:\/\/api.w.org\/{rel}","templated":true}]}}