{"id":1497,"date":"2020-06-22T18:58:39","date_gmt":"2020-06-22T18:58:39","guid":{"rendered":"https:\/\/hospirent.com\/Hospirentsv\/?page_id=1497"},"modified":"2022-04-12T16:02:30","modified_gmt":"2022-04-12T16:02:30","slug":"sillas-para-bano-y-transferencia","status":"publish","type":"page","link":"https:\/\/hospirent.com\/Hospirentsv\/sillas-para-bano-y-transferencia\/","title":{"rendered":"Sillas para ba\u00f1o y transferencia"},"content":{"rendered":"\t\t<div data-elementor-type=\"wp-page\" data-elementor-id=\"1497\" class=\"elementor elementor-1497\">\n\t\t\t\t\t\t<section class=\"elementor-section elementor-top-section elementor-element elementor-element-5272e24 elementor-section-boxed elementor-section-height-default elementor-section-height-default\" data-id=\"5272e24\" data-element_type=\"section\" data-e-type=\"section\">\n\t\t\t\t\t\t<div class=\"elementor-container elementor-column-gap-default\">\n\t\t\t\t\t<div class=\"elementor-column elementor-col-25 elementor-top-column elementor-element elementor-element-7a1face\" data-id=\"7a1face\" data-element_type=\"column\" data-e-type=\"column\">\n\t\t\t<div class=\"elementor-widget-wrap\">\n\t\t\t\t\t\t\t<\/div>\n\t\t<\/div>\n\t\t\t\t<div class=\"elementor-column elementor-col-25 elementor-top-column elementor-element elementor-element-beff312\" data-id=\"beff312\" data-element_type=\"column\" data-e-type=\"column\">\n\t\t\t<div class=\"elementor-widget-wrap\">\n\t\t\t\t\t\t\t<\/div>\n\t\t<\/div>\n\t\t\t\t<div class=\"elementor-column elementor-col-25 elementor-top-column elementor-element elementor-element-c44b5a0\" data-id=\"c44b5a0\" data-element_type=\"column\" data-e-type=\"column\">\n\t\t\t<div class=\"elementor-widget-wrap\">\n\t\t\t\t\t\t\t<\/div>\n\t\t<\/div>\n\t\t\t\t<div class=\"elementor-column elementor-col-25 elementor-top-column elementor-element elementor-element-099c22e\" data-id=\"099c22e\" data-element_type=\"column\" data-e-type=\"column\">\n\t\t\t<div class=\"elementor-widget-wrap elementor-element-populated\">\n\t\t\t\t\t\t<div class=\"elementor-element elementor-element-a36688d elementor-align-center elementor-widget elementor-widget-button\" data-id=\"a36688d\" data-element_type=\"widget\" data-e-type=\"widget\" data-widget_type=\"button.default\">\n\t\t\t\t<div class=\"elementor-widget-container\">\n\t\t\t\t\t\t\t\t\t<div class=\"elementor-button-wrapper\">\n\t\t\t\t\t<a class=\"elementor-button elementor-button-link elementor-size-sm\" href=\"https:\/\/hospirent.com\/Hospirentsv\/catalogo-de-productos\/\">\n\t\t\t\t\t\t<span class=\"elementor-button-content-wrapper\">\n\t\t\t\t\t\t<span class=\"elementor-button-icon\">\n\t\t\t\t<i aria-hidden=\"true\" class=\"fas fa-caret-square-left\"><\/i>\t\t\t<\/span>\n\t\t\t\t\t\t\t\t\t<span class=\"elementor-button-text\">Cat\u00e1logo<\/span>\n\t\t\t\t\t<\/span>\n\t\t\t\t\t<\/a>\n\t\t\t\t<\/div>\n\t\t\t\t\t\t\t\t<\/div>\n\t\t\t\t<\/div>\n\t\t\t\t\t<\/div>\n\t\t<\/div>\n\t\t\t\t\t<\/div>\n\t\t<\/section>\n\t\t\t\t<section class=\"elementor-section elementor-top-section elementor-element elementor-element-0bfd54c elementor-section-boxed elementor-section-height-default elementor-section-height-default\" data-id=\"0bfd54c\" data-element_type=\"section\" data-e-type=\"section\" data-settings=\"{&quot;background_background&quot;:&quot;classic&quot;}\">\n\t\t\t\t\t\t<div class=\"elementor-container elementor-column-gap-default\">\n\t\t\t\t\t<div class=\"elementor-column elementor-col-100 elementor-top-column elementor-element elementor-element-e9755be\" data-id=\"e9755be\" data-element_type=\"column\" data-e-type=\"column\">\n\t\t\t<div class=\"elementor-widget-wrap elementor-element-populated\">\n\t\t\t\t\t\t<div class=\"elementor-element elementor-element-3aa537b elementor-widget elementor-widget-heading\" data-id=\"3aa537b\" data-element_type=\"widget\" data-e-type=\"widget\" data-widget_type=\"heading.default\">\n\t\t\t\t<div class=\"elementor-widget-container\">\n\t\t\t\t\t<h2 class=\"elementor-heading-title elementor-size-default\">Sillas de ba\u00f1o<\/h2>\t\t\t\t<\/div>\n\t\t\t\t<\/div>\n\t\t\t\t<div class=\"elementor-element elementor-element-5cc1ad1 elementor-position-left elementor-vertical-align-top elementor-widget elementor-widget-image-box\" data-id=\"5cc1ad1\" data-element_type=\"widget\" data-e-type=\"widget\" data-widget_type=\"image-box.default\">\n\t\t\t\t<div class=\"elementor-widget-container\">\n\t\t\t\t\t<div class=\"elementor-image-box-wrapper\"><figure class=\"elementor-image-box-img\"><img fetchpriority=\"high\" decoding=\"async\" width=\"470\" height=\"470\" src=\"https:\/\/hospirent.com\/Hospirentsv\/wp-content\/uploads\/2020\/04\/Silla-ba\u00f1o1.jpg\" class=\"attachment-full size-full wp-image-874\" alt=\"\" srcset=\"https:\/\/hospirent.com\/Hospirentsv\/wp-content\/uploads\/2020\/04\/Silla-ba\u00f1o1.jpg 470w, https:\/\/hospirent.com\/Hospirentsv\/wp-content\/uploads\/2020\/04\/Silla-ba\u00f1o1-300x300.jpg 300w, https:\/\/hospirent.com\/Hospirentsv\/wp-content\/uploads\/2020\/04\/Silla-ba\u00f1o1-150x150.jpg 150w\" sizes=\"(max-width: 470px) 100vw, 470px\" \/><\/figure><div class=\"elementor-image-box-content\"><h3 class=\"elementor-image-box-title\">Silla de ba\u00f1o con brazos<\/h3><p class=\"elementor-image-box-description\">Taquitos antideslizantes en los cuatro puntos de apoyo.<br>Fabricado en aluminio resistente a 200 libras.<br>Material pl\u00e1stico antideslizante de asiento y respaldo.<br>Ajustable en altura.<br>Desmontables.\n\n<\/p><\/div><\/div>\t\t\t\t<\/div>\n\t\t\t\t<\/div>\n\t\t\t\t<div class=\"elementor-element elementor-element-b7c35fa elementor-position-left elementor-vertical-align-top elementor-widget elementor-widget-image-box\" data-id=\"b7c35fa\" data-element_type=\"widget\" data-e-type=\"widget\" data-widget_type=\"image-box.default\">\n\t\t\t\t<div class=\"elementor-widget-container\">\n\t\t\t\t\t<div class=\"elementor-image-box-wrapper\"><figure class=\"elementor-image-box-img\"><img decoding=\"async\" width=\"470\" height=\"470\" src=\"https:\/\/hospirent.com\/Hospirentsv\/wp-content\/uploads\/2020\/04\/Silla-ba\u00f1o2.jpg\" class=\"attachment-full size-full wp-image-875\" alt=\"\" srcset=\"https:\/\/hospirent.com\/Hospirentsv\/wp-content\/uploads\/2020\/04\/Silla-ba\u00f1o2.jpg 470w, https:\/\/hospirent.com\/Hospirentsv\/wp-content\/uploads\/2020\/04\/Silla-ba\u00f1o2-300x300.jpg 300w, https:\/\/hospirent.com\/Hospirentsv\/wp-content\/uploads\/2020\/04\/Silla-ba\u00f1o2-150x150.jpg 150w\" sizes=\"(max-width: 470px) 100vw, 470px\" \/><\/figure><div class=\"elementor-image-box-content\"><h3 class=\"elementor-image-box-title\">Silla de ba\u00f1o sin brazos<\/h3><p class=\"elementor-image-box-description\">Taquitos antideslizantes en los cuatro puntos de apoyo.<br>Fabricado en aluminio resistente a 200 libras.<br>Material pl\u00e1stico antideslizante de asiento y respaldo.<br>Ajustable en altura.<br>Desmontables.\n\n<\/p><\/div><\/div>\t\t\t\t<\/div>\n\t\t\t\t<\/div>\n\t\t\t\t<div class=\"elementor-element elementor-element-8546e3e elementor-position-left elementor-vertical-align-top elementor-widget elementor-widget-image-box\" data-id=\"8546e3e\" data-element_type=\"widget\" data-e-type=\"widget\" data-widget_type=\"image-box.default\">\n\t\t\t\t<div class=\"elementor-widget-container\">\n\t\t\t\t\t<div class=\"elementor-image-box-wrapper\"><figure class=\"elementor-image-box-img\"><img decoding=\"async\" width=\"470\" height=\"470\" src=\"https:\/\/hospirent.com\/Hospirentsv\/wp-content\/uploads\/2021\/06\/Silla-de-transferencia.jpg\" class=\"attachment-full size-full wp-image-2359\" alt=\"\" srcset=\"https:\/\/hospirent.com\/Hospirentsv\/wp-content\/uploads\/2021\/06\/Silla-de-transferencia.jpg 470w, https:\/\/hospirent.com\/Hospirentsv\/wp-content\/uploads\/2021\/06\/Silla-de-transferencia-300x300.jpg 300w, https:\/\/hospirent.com\/Hospirentsv\/wp-content\/uploads\/2021\/06\/Silla-de-transferencia-150x150.jpg 150w\" sizes=\"(max-width: 470px) 100vw, 470px\" \/><\/figure><div class=\"elementor-image-box-content\"><h3 class=\"elementor-image-box-title\">Silla de transferencia<\/h3><p class=\"elementor-image-box-description\">El asiento ofrece una f\u00e1cil transferencia de silla de ruedas para ba\u00f1o asiento. <br>El banco de transferencia est\u00e1 fabricada de pl\u00e1stico resistente.<br>Con taquitos antideslizantes en los puntos de apoyo. <br>Fabricada en aluminio resistente a 200 libras. <br>Desmontable.\n<\/p><\/div><\/div>\t\t\t\t<\/div>\n\t\t\t\t<\/div>\n\t\t\t\t\t<\/div>\n\t\t<\/div>\n\t\t\t\t\t<\/div>\n\t\t<\/section>\n\t\t\t\t<section class=\"elementor-section elementor-top-section elementor-element elementor-element-15075b8 elementor-section-boxed elementor-section-height-default elementor-section-height-default\" data-id=\"15075b8\" data-element_type=\"section\" data-e-type=\"section\">\n\t\t\t\t\t\t<div class=\"elementor-container elementor-column-gap-default\">\n\t\t\t\t\t<div class=\"elementor-column elementor-col-100 elementor-top-column elementor-element elementor-element-74671db\" data-id=\"74671db\" data-element_type=\"column\" data-e-type=\"column\">\n\t\t\t<div class=\"elementor-widget-wrap elementor-element-populated\">\n\t\t\t\t\t\t<div class=\"elementor-element elementor-element-d3f308f elementor-position-left elementor-vertical-align-top elementor-widget elementor-widget-image-box\" data-id=\"d3f308f\" data-element_type=\"widget\" data-e-type=\"widget\" data-widget_type=\"image-box.default\">\n\t\t\t\t<div class=\"elementor-widget-container\">\n\t\t\t\t\t<div class=\"elementor-image-box-wrapper\"><figure class=\"elementor-image-box-img\"><img loading=\"lazy\" decoding=\"async\" width=\"1280\" height=\"1280\" src=\"https:\/\/hospirent.com\/Hospirentsv\/wp-content\/uploads\/2022\/04\/Silla-3-en-1.png\" class=\"attachment-full size-full wp-image-2815\" alt=\"\" srcset=\"https:\/\/hospirent.com\/Hospirentsv\/wp-content\/uploads\/2022\/04\/Silla-3-en-1.png 1280w, https:\/\/hospirent.com\/Hospirentsv\/wp-content\/uploads\/2022\/04\/Silla-3-en-1-300x300.png 300w, https:\/\/hospirent.com\/Hospirentsv\/wp-content\/uploads\/2022\/04\/Silla-3-en-1-1024x1024.png 1024w, https:\/\/hospirent.com\/Hospirentsv\/wp-content\/uploads\/2022\/04\/Silla-3-en-1-150x150.png 150w, https:\/\/hospirent.com\/Hospirentsv\/wp-content\/uploads\/2022\/04\/Silla-3-en-1-768x768.png 768w\" sizes=\"(max-width: 1280px) 100vw, 1280px\" \/><\/figure><div class=\"elementor-image-box-content\"><h3 class=\"elementor-image-box-title\">Silla 3 en 1: Silla de ruedas, inodoro port\u00e1til y silla de ba\u00f1o<\/h3><p class=\"elementor-image-box-description\">Puede ser utilizado como silla inodoro, silla de ba\u00f1o y silla de traslado.<br>Respaldo y asiento de tacto acolchado.<br>Reposabrazos con postura ergon\u00f3mica a la mu\u00f1eca para darle comodidad.<br>Reposapi\u00e9s abatible.<br>Cuenta con 4 ruedas.<br>Las 2 traseras con freno para dar una mayor seguridad a la hora de sentarse.<br>Fabricada en aluminio.<br>Capacidad para 300 libras.\n\n<\/p><\/div><\/div>\t\t\t\t<\/div>\n\t\t\t\t<\/div>\n\t\t\t\t\t<\/div>\n\t\t<\/div>\n\t\t\t\t\t<\/div>\n\t\t<\/section>\n\t\t\t\t<\/div>\n\t\t","protected":false},"excerpt":{"rendered":"<p>Cat\u00e1logo Sillas de ba\u00f1o Silla de ba\u00f1o con brazos Taquitos antideslizantes en los cuatro puntos de apoyo.Fabricado en aluminio resistente a 200 libras.Material pl\u00e1stico antideslizante de asiento y respaldo.Ajustable en altura.Desmontables. Silla de ba\u00f1o sin brazos Taquitos antideslizantes en los cuatro puntos de apoyo.Fabricado en aluminio resistente a 200 libras.Material pl\u00e1stico antideslizante de asiento y &hellip;<\/p>\n<p class=\"read-more\"> <a class=\"\" href=\"https:\/\/hospirent.com\/Hospirentsv\/sillas-para-bano-y-transferencia\/\"> <span class=\"screen-reader-text\">Sillas para ba\u00f1o y transferencia<\/span> Leer m\u00e1s &raquo;<\/a><\/p>\n","protected":false},"author":1,"featured_media":0,"parent":0,"menu_order":0,"comment_status":"closed","ping_status":"closed","template":"","meta":{"site-sidebar-layout":"default","site-content-layout":"default","ast-global-header-display":"","ast-main-header-display":"","ast-hfb-above-header-display":"","ast-hfb-below-header-display":"","ast-hfb-mobile-header-display":"","site-post-title":"","ast-breadcrumbs-content":"","ast-featured-img":"","footer-sml-layout":"","theme-transparent-header-meta":"","adv-header-id-meta":"","stick-header-meta":"","header-above-stick-meta":"","header-main-stick-meta":"","header-below-stick-meta":"","_joinchat":[],"footnotes":""},"class_list":["post-1497","page","type-page","status-publish","hentry"],"_links":{"self":[{"href":"https:\/\/hospirent.com\/Hospirentsv\/wp-json\/wp\/v2\/pages\/1497","targetHints":{"allow":["GET"]}}],"collection":[{"href":"https:\/\/hospirent.com\/Hospirentsv\/wp-json\/wp\/v2\/pages"}],"about":[{"href":"https:\/\/hospirent.com\/Hospirentsv\/wp-json\/wp\/v2\/types\/page"}],"author":[{"embeddable":true,"href":"https:\/\/hospirent.com\/Hospirentsv\/wp-json\/wp\/v2\/users\/1"}],"replies":[{"embeddable":true,"href":"https:\/\/hospirent.com\/Hospirentsv\/wp-json\/wp\/v2\/comments?post=1497"}],"version-history":[{"count":8,"href":"https:\/\/hospirent.com\/Hospirentsv\/wp-json\/wp\/v2\/pages\/1497\/revisions"}],"predecessor-version":[{"id":2825,"href":"https:\/\/hospirent.com\/Hospirentsv\/wp-json\/wp\/v2\/pages\/1497\/revisions\/2825"}],"wp:attachment":[{"href":"https:\/\/hospirent.com\/Hospirentsv\/wp-json\/wp\/v2\/media?parent=1497"}],"curies":[{"name":"wp","href":"https:\/\/api.w.org\/{rel}","templated":true}]}}