{"id":1549,"date":"2020-06-22T20:20:09","date_gmt":"2020-06-22T20:20:09","guid":{"rendered":"https:\/\/hospirent.com\/Hospirentsv\/?page_id=1549"},"modified":"2022-04-19T16:59:55","modified_gmt":"2022-04-19T16:59:55","slug":"estetoscopios","status":"publish","type":"page","link":"https:\/\/hospirent.com\/Hospirentsv\/estetoscopios\/","title":{"rendered":"Estetoscopios"},"content":{"rendered":"\t\t<div data-elementor-type=\"wp-page\" data-elementor-id=\"1549\" class=\"elementor elementor-1549\">\n\t\t\t\t\t\t<section class=\"elementor-section elementor-top-section elementor-element elementor-element-05bfa4b elementor-section-boxed elementor-section-height-default elementor-section-height-default\" data-id=\"05bfa4b\" data-element_type=\"section\" data-e-type=\"section\">\n\t\t\t\t\t\t<div class=\"elementor-container elementor-column-gap-default\">\n\t\t\t\t\t<div class=\"elementor-column elementor-col-25 elementor-top-column elementor-element elementor-element-5574fd8\" data-id=\"5574fd8\" data-element_type=\"column\" data-e-type=\"column\">\n\t\t\t<div class=\"elementor-widget-wrap\">\n\t\t\t\t\t\t\t<\/div>\n\t\t<\/div>\n\t\t\t\t<div class=\"elementor-column elementor-col-25 elementor-top-column elementor-element elementor-element-245744e\" data-id=\"245744e\" data-element_type=\"column\" data-e-type=\"column\">\n\t\t\t<div class=\"elementor-widget-wrap\">\n\t\t\t\t\t\t\t<\/div>\n\t\t<\/div>\n\t\t\t\t<div class=\"elementor-column elementor-col-25 elementor-top-column elementor-element elementor-element-b2ee878\" data-id=\"b2ee878\" data-element_type=\"column\" data-e-type=\"column\">\n\t\t\t<div class=\"elementor-widget-wrap\">\n\t\t\t\t\t\t\t<\/div>\n\t\t<\/div>\n\t\t\t\t<div class=\"elementor-column elementor-col-25 elementor-top-column elementor-element elementor-element-d3ceec8\" data-id=\"d3ceec8\" data-element_type=\"column\" data-e-type=\"column\">\n\t\t\t<div class=\"elementor-widget-wrap elementor-element-populated\">\n\t\t\t\t\t\t<div class=\"elementor-element elementor-element-3f7e8eb elementor-align-center elementor-widget elementor-widget-button\" data-id=\"3f7e8eb\" data-element_type=\"widget\" data-e-type=\"widget\" data-widget_type=\"button.default\">\n\t\t\t\t<div class=\"elementor-widget-container\">\n\t\t\t\t\t\t\t\t\t<div class=\"elementor-button-wrapper\">\n\t\t\t\t\t<a class=\"elementor-button elementor-button-link elementor-size-sm\" href=\"https:\/\/hospirent.com\/Hospirentsv\/catalogo-de-productos\/\">\n\t\t\t\t\t\t<span class=\"elementor-button-content-wrapper\">\n\t\t\t\t\t\t<span class=\"elementor-button-icon\">\n\t\t\t\t<i aria-hidden=\"true\" class=\"fas fa-caret-square-left\"><\/i>\t\t\t<\/span>\n\t\t\t\t\t\t\t\t\t<span class=\"elementor-button-text\">Cat\u00e1logo<\/span>\n\t\t\t\t\t<\/span>\n\t\t\t\t\t<\/a>\n\t\t\t\t<\/div>\n\t\t\t\t\t\t\t\t<\/div>\n\t\t\t\t<\/div>\n\t\t\t\t\t<\/div>\n\t\t<\/div>\n\t\t\t\t\t<\/div>\n\t\t<\/section>\n\t\t\t\t<section class=\"elementor-section elementor-top-section elementor-element elementor-element-81da94f elementor-section-boxed elementor-section-height-default elementor-section-height-default\" data-id=\"81da94f\" data-element_type=\"section\" data-e-type=\"section\" data-settings=\"{&quot;background_background&quot;:&quot;classic&quot;}\">\n\t\t\t\t\t\t<div class=\"elementor-container elementor-column-gap-default\">\n\t\t\t\t\t<div class=\"elementor-column elementor-col-100 elementor-top-column elementor-element elementor-element-656c47b\" data-id=\"656c47b\" data-element_type=\"column\" data-e-type=\"column\">\n\t\t\t<div class=\"elementor-widget-wrap elementor-element-populated\">\n\t\t\t\t\t\t<section class=\"elementor-section elementor-inner-section elementor-element elementor-element-97f8a0e elementor-section-boxed elementor-section-height-default elementor-section-height-default\" data-id=\"97f8a0e\" data-element_type=\"section\" data-e-type=\"section\">\n\t\t\t\t\t\t<div class=\"elementor-container elementor-column-gap-default\">\n\t\t\t\t\t<div class=\"elementor-column elementor-col-100 elementor-inner-column elementor-element elementor-element-1890c9d\" data-id=\"1890c9d\" data-element_type=\"column\" data-e-type=\"column\">\n\t\t\t<div class=\"elementor-widget-wrap elementor-element-populated\">\n\t\t\t\t\t\t<div class=\"elementor-element elementor-element-433dc19 elementor-widget elementor-widget-heading\" data-id=\"433dc19\" data-element_type=\"widget\" data-e-type=\"widget\" data-widget_type=\"heading.default\">\n\t\t\t\t<div class=\"elementor-widget-container\">\n\t\t\t\t\t<h2 class=\"elementor-heading-title elementor-size-default\">Estetoscopios<\/h2>\t\t\t\t<\/div>\n\t\t\t\t<\/div>\n\t\t\t\t<div class=\"elementor-element elementor-element-1e7897a elementor-position-left elementor-vertical-align-top elementor-widget elementor-widget-image-box\" data-id=\"1e7897a\" data-element_type=\"widget\" data-e-type=\"widget\" data-widget_type=\"image-box.default\">\n\t\t\t\t<div class=\"elementor-widget-container\">\n\t\t\t\t\t<div class=\"elementor-image-box-wrapper\"><figure class=\"elementor-image-box-img\"><img fetchpriority=\"high\" decoding=\"async\" width=\"1296\" height=\"1296\" src=\"https:\/\/hospirent.com\/Hospirentsv\/wp-content\/uploads\/2022\/04\/Estetoscopio-ANEROIDE.png\" class=\"attachment-full size-full wp-image-3160\" alt=\"\" srcset=\"https:\/\/hospirent.com\/Hospirentsv\/wp-content\/uploads\/2022\/04\/Estetoscopio-ANEROIDE.png 1296w, https:\/\/hospirent.com\/Hospirentsv\/wp-content\/uploads\/2022\/04\/Estetoscopio-ANEROIDE-300x300.png 300w, https:\/\/hospirent.com\/Hospirentsv\/wp-content\/uploads\/2022\/04\/Estetoscopio-ANEROIDE-1024x1024.png 1024w, https:\/\/hospirent.com\/Hospirentsv\/wp-content\/uploads\/2022\/04\/Estetoscopio-ANEROIDE-150x150.png 150w, https:\/\/hospirent.com\/Hospirentsv\/wp-content\/uploads\/2022\/04\/Estetoscopio-ANEROIDE-768x768.png 768w\" sizes=\"(max-width: 1296px) 100vw, 1296px\" \/><\/figure><div class=\"elementor-image-box-content\"><h3 class=\"elementor-image-box-title\">Estetoscopio Aneroide<\/h3><p class=\"elementor-image-box-description\">Sonido ac\u00fastico de alta amplificaci\u00f3n.<br>Accesorio sencillo, moderno y pr\u00e1ctico.<br>Ideal para estudiantes de medicina.<br>C\u00e1psula o pieza pecho con doble funci\u00f3n.<br>Arco plateado y cromado.<br>Tubo de 22\" reforzado de PVC no ruidoso.<br>Adaptadores de o\u00eddos lisos y suaves.<\/p><\/div><\/div>\t\t\t\t<\/div>\n\t\t\t\t<\/div>\n\t\t\t\t<div class=\"elementor-element elementor-element-a1e807f elementor-position-left elementor-vertical-align-top elementor-widget elementor-widget-image-box\" data-id=\"a1e807f\" data-element_type=\"widget\" data-e-type=\"widget\" data-widget_type=\"image-box.default\">\n\t\t\t\t<div class=\"elementor-widget-container\">\n\t\t\t\t\t<div class=\"elementor-image-box-wrapper\"><figure class=\"elementor-image-box-img\"><img decoding=\"async\" width=\"1296\" height=\"1296\" src=\"https:\/\/hospirent.com\/Hospirentsv\/wp-content\/uploads\/2022\/04\/Estetoscopio-LITTMANN-CLASSIC-II-S.E.png\" class=\"attachment-full size-full wp-image-3161\" alt=\"\" srcset=\"https:\/\/hospirent.com\/Hospirentsv\/wp-content\/uploads\/2022\/04\/Estetoscopio-LITTMANN-CLASSIC-II-S.E.png 1296w, https:\/\/hospirent.com\/Hospirentsv\/wp-content\/uploads\/2022\/04\/Estetoscopio-LITTMANN-CLASSIC-II-S.E-300x300.png 300w, https:\/\/hospirent.com\/Hospirentsv\/wp-content\/uploads\/2022\/04\/Estetoscopio-LITTMANN-CLASSIC-II-S.E-1024x1024.png 1024w, https:\/\/hospirent.com\/Hospirentsv\/wp-content\/uploads\/2022\/04\/Estetoscopio-LITTMANN-CLASSIC-II-S.E-150x150.png 150w, https:\/\/hospirent.com\/Hospirentsv\/wp-content\/uploads\/2022\/04\/Estetoscopio-LITTMANN-CLASSIC-II-S.E-768x768.png 768w\" sizes=\"(max-width: 1296px) 100vw, 1296px\" \/><\/figure><div class=\"elementor-image-box-content\"><h3 class=\"elementor-image-box-title\">Estetoscopio Littmann <\/h3><p class=\"elementor-image-box-description\">Gran calidad en sonidos de alta y baja frecuencia.<br>Seguridad de diagn\u00f3stico.<\/p><\/div><\/div>\t\t\t\t<\/div>\n\t\t\t\t<\/div>\n\t\t\t\t<div class=\"elementor-element elementor-element-69e0f11 elementor-position-left elementor-vertical-align-top elementor-widget elementor-widget-image-box\" data-id=\"69e0f11\" data-element_type=\"widget\" data-e-type=\"widget\" data-widget_type=\"image-box.default\">\n\t\t\t\t<div class=\"elementor-widget-container\">\n\t\t\t\t\t<div class=\"elementor-image-box-wrapper\"><figure class=\"elementor-image-box-img\"><img decoding=\"async\" width=\"1280\" height=\"1280\" src=\"https:\/\/hospirent.com\/Hospirentsv\/wp-content\/uploads\/2022\/04\/Estetoscopio-LITTMANN-CLASSIC-III-1.png\" class=\"attachment-full size-full wp-image-3162\" alt=\"\" srcset=\"https:\/\/hospirent.com\/Hospirentsv\/wp-content\/uploads\/2022\/04\/Estetoscopio-LITTMANN-CLASSIC-III-1.png 1280w, https:\/\/hospirent.com\/Hospirentsv\/wp-content\/uploads\/2022\/04\/Estetoscopio-LITTMANN-CLASSIC-III-1-300x300.png 300w, https:\/\/hospirent.com\/Hospirentsv\/wp-content\/uploads\/2022\/04\/Estetoscopio-LITTMANN-CLASSIC-III-1-1024x1024.png 1024w, https:\/\/hospirent.com\/Hospirentsv\/wp-content\/uploads\/2022\/04\/Estetoscopio-LITTMANN-CLASSIC-III-1-150x150.png 150w, https:\/\/hospirent.com\/Hospirentsv\/wp-content\/uploads\/2022\/04\/Estetoscopio-LITTMANN-CLASSIC-III-1-768x768.png 768w\" sizes=\"(max-width: 1280px) 100vw, 1280px\" \/><\/figure><div class=\"elementor-image-box-content\"><h3 class=\"elementor-image-box-title\">Estetoscopio Littmann Classic III<\/h3><\/div><\/div>\t\t\t\t<\/div>\n\t\t\t\t<\/div>\n\t\t\t\t<div class=\"elementor-element elementor-element-4f6f61b elementor-position-left elementor-vertical-align-top elementor-widget elementor-widget-image-box\" data-id=\"4f6f61b\" data-element_type=\"widget\" data-e-type=\"widget\" data-widget_type=\"image-box.default\">\n\t\t\t\t<div class=\"elementor-widget-container\">\n\t\t\t\t\t<div class=\"elementor-image-box-wrapper\"><figure class=\"elementor-image-box-img\"><img loading=\"lazy\" decoding=\"async\" width=\"1280\" height=\"1280\" src=\"https:\/\/hospirent.com\/Hospirentsv\/wp-content\/uploads\/2022\/04\/Estetoscopio-LITTMANN-LIGHTWEIGHT-II-S.E.png\" class=\"attachment-full size-full wp-image-3166\" alt=\"\" srcset=\"https:\/\/hospirent.com\/Hospirentsv\/wp-content\/uploads\/2022\/04\/Estetoscopio-LITTMANN-LIGHTWEIGHT-II-S.E.png 1280w, https:\/\/hospirent.com\/Hospirentsv\/wp-content\/uploads\/2022\/04\/Estetoscopio-LITTMANN-LIGHTWEIGHT-II-S.E-300x300.png 300w, https:\/\/hospirent.com\/Hospirentsv\/wp-content\/uploads\/2022\/04\/Estetoscopio-LITTMANN-LIGHTWEIGHT-II-S.E-1024x1024.png 1024w, https:\/\/hospirent.com\/Hospirentsv\/wp-content\/uploads\/2022\/04\/Estetoscopio-LITTMANN-LIGHTWEIGHT-II-S.E-150x150.png 150w, https:\/\/hospirent.com\/Hospirentsv\/wp-content\/uploads\/2022\/04\/Estetoscopio-LITTMANN-LIGHTWEIGHT-II-S.E-768x768.png 768w\" sizes=\"(max-width: 1280px) 100vw, 1280px\" \/><\/figure><div class=\"elementor-image-box-content\"><h3 class=\"elementor-image-box-title\">Estetoscopio Littmann Lightweight II S.E.<\/h3><\/div><\/div>\t\t\t\t<\/div>\n\t\t\t\t<\/div>\n\t\t\t\t<div class=\"elementor-element elementor-element-3a6439e elementor-position-left elementor-vertical-align-top elementor-widget elementor-widget-image-box\" data-id=\"3a6439e\" data-element_type=\"widget\" data-e-type=\"widget\" data-widget_type=\"image-box.default\">\n\t\t\t\t<div class=\"elementor-widget-container\">\n\t\t\t\t\t<div class=\"elementor-image-box-wrapper\"><figure class=\"elementor-image-box-img\"><img loading=\"lazy\" decoding=\"async\" width=\"350\" height=\"350\" src=\"https:\/\/hospirent.com\/Hospirentsv\/wp-content\/uploads\/2022\/04\/Estetoscopio-rappaport-labtron-negro.png\" class=\"attachment-full size-full wp-image-3173\" alt=\"\" srcset=\"https:\/\/hospirent.com\/Hospirentsv\/wp-content\/uploads\/2022\/04\/Estetoscopio-rappaport-labtron-negro.png 350w, https:\/\/hospirent.com\/Hospirentsv\/wp-content\/uploads\/2022\/04\/Estetoscopio-rappaport-labtron-negro-300x300.png 300w, https:\/\/hospirent.com\/Hospirentsv\/wp-content\/uploads\/2022\/04\/Estetoscopio-rappaport-labtron-negro-150x150.png 150w\" sizes=\"(max-width: 350px) 100vw, 350px\" \/><\/figure><div class=\"elementor-image-box-content\"><h3 class=\"elementor-image-box-title\">Estetoscopio Rappaport Labtron<\/h3><p class=\"elementor-image-box-description\">Ideal para una amplia gama de aplicaciones de diagnostico.<br>Facilita la detenci\u00f3n de alta, media y sonidos de baja frecuencia.<br>Ideal para beb\u00e9, ni\u00f1os y adulto.<br>Tubo de 22\" que disminuye sonidos extra\u00f1os.<br>Incluye cinco piezas intercambiables 2 diafragmas y 3 campanas.<\/p><\/div><\/div>\t\t\t\t<\/div>\n\t\t\t\t<\/div>\n\t\t\t\t<div class=\"elementor-element elementor-element-20f2439 elementor-position-left elementor-vertical-align-top elementor-widget elementor-widget-image-box\" data-id=\"20f2439\" data-element_type=\"widget\" data-e-type=\"widget\" data-widget_type=\"image-box.default\">\n\t\t\t\t<div class=\"elementor-widget-container\">\n\t\t\t\t\t<div class=\"elementor-image-box-wrapper\"><figure class=\"elementor-image-box-img\"><img loading=\"lazy\" decoding=\"async\" width=\"1280\" height=\"1280\" src=\"https:\/\/hospirent.com\/Hospirentsv\/wp-content\/uploads\/2022\/04\/Estetoscopio-rappaport-labtron-verde-celeste.png\" class=\"attachment-full size-full wp-image-3174\" alt=\"\" srcset=\"https:\/\/hospirent.com\/Hospirentsv\/wp-content\/uploads\/2022\/04\/Estetoscopio-rappaport-labtron-verde-celeste.png 1280w, https:\/\/hospirent.com\/Hospirentsv\/wp-content\/uploads\/2022\/04\/Estetoscopio-rappaport-labtron-verde-celeste-300x300.png 300w, https:\/\/hospirent.com\/Hospirentsv\/wp-content\/uploads\/2022\/04\/Estetoscopio-rappaport-labtron-verde-celeste-1024x1024.png 1024w, https:\/\/hospirent.com\/Hospirentsv\/wp-content\/uploads\/2022\/04\/Estetoscopio-rappaport-labtron-verde-celeste-150x150.png 150w, https:\/\/hospirent.com\/Hospirentsv\/wp-content\/uploads\/2022\/04\/Estetoscopio-rappaport-labtron-verde-celeste-768x768.png 768w\" sizes=\"(max-width: 1280px) 100vw, 1280px\" \/><\/figure><div class=\"elementor-image-box-content\"><h3 class=\"elementor-image-box-title\">Estetoscopio Rappaport Labtron<\/h3><p class=\"elementor-image-box-description\">Gel sin l\u00e1tex de 22\"<br>Ideal para evaluaci\u00f3n general y medici\u00f3n de la presi\u00f3n arterial.<br>Cinco piezas intercambiables 2 diafragmas y 3 campanas.<br>Facilita la detecci\u00f3n de alta, media y sonidos de baja frecuencia.<br>Ideal para beb\u00e9, ni\u00f1os y adultos.<\/p><\/div><\/div>\t\t\t\t<\/div>\n\t\t\t\t<\/div>\n\t\t\t\t<div class=\"elementor-element elementor-element-1616ebd elementor-position-left elementor-vertical-align-top elementor-widget elementor-widget-image-box\" data-id=\"1616ebd\" data-element_type=\"widget\" data-e-type=\"widget\" data-widget_type=\"image-box.default\">\n\t\t\t\t<div class=\"elementor-widget-container\">\n\t\t\t\t\t<div class=\"elementor-image-box-wrapper\"><figure class=\"elementor-image-box-img\"><img loading=\"lazy\" decoding=\"async\" width=\"1280\" height=\"1280\" src=\"https:\/\/hospirent.com\/Hospirentsv\/wp-content\/uploads\/2022\/04\/Estetoscopio-rappaport-lumiscope-1.png\" class=\"attachment-full size-full wp-image-3178\" alt=\"\" srcset=\"https:\/\/hospirent.com\/Hospirentsv\/wp-content\/uploads\/2022\/04\/Estetoscopio-rappaport-lumiscope-1.png 1280w, https:\/\/hospirent.com\/Hospirentsv\/wp-content\/uploads\/2022\/04\/Estetoscopio-rappaport-lumiscope-1-300x300.png 300w, https:\/\/hospirent.com\/Hospirentsv\/wp-content\/uploads\/2022\/04\/Estetoscopio-rappaport-lumiscope-1-1024x1024.png 1024w, https:\/\/hospirent.com\/Hospirentsv\/wp-content\/uploads\/2022\/04\/Estetoscopio-rappaport-lumiscope-1-150x150.png 150w, https:\/\/hospirent.com\/Hospirentsv\/wp-content\/uploads\/2022\/04\/Estetoscopio-rappaport-lumiscope-1-768x768.png 768w\" sizes=\"(max-width: 1280px) 100vw, 1280px\" \/><\/figure><div class=\"elementor-image-box-content\"><h3 class=\"elementor-image-box-title\">Estetoscopio Rappaport Lumiscope<\/h3><p class=\"elementor-image-box-description\">Esta dise\u00f1ado para la flexibilidad de las necesidades clinicas.<br>Tubo de 22\" de largo.<br>Incluye 2 diafragmas de repuesto, un par de olivas tipo hongo y un par de olivas de silicona.<br>Campana roscada de zinc cromado.<br>Ideal para beb\u00e9, ni\u00f1os y adultos.<\/p><\/div><\/div>\t\t\t\t<\/div>\n\t\t\t\t<\/div>\n\t\t\t\t<div class=\"elementor-element elementor-element-86e3abc elementor-position-left elementor-vertical-align-top elementor-widget elementor-widget-image-box\" data-id=\"86e3abc\" data-element_type=\"widget\" data-e-type=\"widget\" data-widget_type=\"image-box.default\">\n\t\t\t\t<div class=\"elementor-widget-container\">\n\t\t\t\t\t<div class=\"elementor-image-box-wrapper\"><figure class=\"elementor-image-box-img\"><img loading=\"lazy\" decoding=\"async\" width=\"3292\" height=\"3292\" src=\"https:\/\/hospirent.com\/Hospirentsv\/wp-content\/uploads\/2022\/04\/Estetoscopio-RAPPAPORT.png\" class=\"attachment-full size-full wp-image-3185\" alt=\"\" srcset=\"https:\/\/hospirent.com\/Hospirentsv\/wp-content\/uploads\/2022\/04\/Estetoscopio-RAPPAPORT.png 3292w, https:\/\/hospirent.com\/Hospirentsv\/wp-content\/uploads\/2022\/04\/Estetoscopio-RAPPAPORT-300x300.png 300w, https:\/\/hospirent.com\/Hospirentsv\/wp-content\/uploads\/2022\/04\/Estetoscopio-RAPPAPORT-1024x1024.png 1024w, https:\/\/hospirent.com\/Hospirentsv\/wp-content\/uploads\/2022\/04\/Estetoscopio-RAPPAPORT-150x150.png 150w, https:\/\/hospirent.com\/Hospirentsv\/wp-content\/uploads\/2022\/04\/Estetoscopio-RAPPAPORT-768x768.png 768w, https:\/\/hospirent.com\/Hospirentsv\/wp-content\/uploads\/2022\/04\/Estetoscopio-RAPPAPORT-1536x1536.png 1536w\" sizes=\"(max-width: 3292px) 100vw, 3292px\" \/><\/figure><div class=\"elementor-image-box-content\"><h3 class=\"elementor-image-box-title\">Estetoscopio Rappaport<\/h3><p class=\"elementor-image-box-description\">Sin l\u00e1tex.<br>Tubos de vinilo de pared gruesa.<br>Ofrece a los profesionales una variedad de usos de diagn\u00f3stico.<br>Longitud de tubo 22\"<br>Longitud total 30\"<\/p><\/div><\/div>\t\t\t\t<\/div>\n\t\t\t\t<\/div>\n\t\t\t\t<div class=\"elementor-element elementor-element-e02be24 elementor-position-left elementor-vertical-align-top elementor-widget elementor-widget-image-box\" data-id=\"e02be24\" data-element_type=\"widget\" data-e-type=\"widget\" data-widget_type=\"image-box.default\">\n\t\t\t\t<div class=\"elementor-widget-container\">\n\t\t\t\t\t<div class=\"elementor-image-box-wrapper\"><figure class=\"elementor-image-box-img\"><img loading=\"lazy\" decoding=\"async\" width=\"1280\" height=\"1280\" src=\"https:\/\/hospirent.com\/Hospirentsv\/wp-content\/uploads\/2022\/04\/Estetoscopios-RAPPAPORT.png\" class=\"attachment-full size-full wp-image-3187\" alt=\"\" srcset=\"https:\/\/hospirent.com\/Hospirentsv\/wp-content\/uploads\/2022\/04\/Estetoscopios-RAPPAPORT.png 1280w, https:\/\/hospirent.com\/Hospirentsv\/wp-content\/uploads\/2022\/04\/Estetoscopios-RAPPAPORT-300x300.png 300w, https:\/\/hospirent.com\/Hospirentsv\/wp-content\/uploads\/2022\/04\/Estetoscopios-RAPPAPORT-1024x1024.png 1024w, https:\/\/hospirent.com\/Hospirentsv\/wp-content\/uploads\/2022\/04\/Estetoscopios-RAPPAPORT-150x150.png 150w, https:\/\/hospirent.com\/Hospirentsv\/wp-content\/uploads\/2022\/04\/Estetoscopios-RAPPAPORT-768x768.png 768w\" sizes=\"(max-width: 1280px) 100vw, 1280px\" \/><\/figure><div class=\"elementor-image-box-content\"><h3 class=\"elementor-image-box-title\">Estetoscopio Rappaport<\/h3><p class=\"elementor-image-box-description\">Sin l\u00e1tex.<br>Tubos de vinilo de pared gruesa.<br>Ofrece a los profesionales una variedad de usos de diagn\u00f3stico.<br>Longitud de tubo 22\"<br>Longitud total 30\"<\/p><\/div><\/div>\t\t\t\t<\/div>\n\t\t\t\t<\/div>\n\t\t\t\t<div class=\"elementor-element elementor-element-38f7732 elementor-position-left elementor-vertical-align-top elementor-widget elementor-widget-image-box\" data-id=\"38f7732\" data-element_type=\"widget\" data-e-type=\"widget\" data-widget_type=\"image-box.default\">\n\t\t\t\t<div class=\"elementor-widget-container\">\n\t\t\t\t\t<div class=\"elementor-image-box-wrapper\"><figure class=\"elementor-image-box-img\"><img loading=\"lazy\" decoding=\"async\" width=\"1280\" height=\"1280\" src=\"https:\/\/hospirent.com\/Hospirentsv\/wp-content\/uploads\/2022\/04\/Estetoscopios-VERIDIAN.png\" class=\"attachment-full size-full wp-image-3188\" alt=\"\" srcset=\"https:\/\/hospirent.com\/Hospirentsv\/wp-content\/uploads\/2022\/04\/Estetoscopios-VERIDIAN.png 1280w, https:\/\/hospirent.com\/Hospirentsv\/wp-content\/uploads\/2022\/04\/Estetoscopios-VERIDIAN-300x300.png 300w, https:\/\/hospirent.com\/Hospirentsv\/wp-content\/uploads\/2022\/04\/Estetoscopios-VERIDIAN-1024x1024.png 1024w, https:\/\/hospirent.com\/Hospirentsv\/wp-content\/uploads\/2022\/04\/Estetoscopios-VERIDIAN-150x150.png 150w, https:\/\/hospirent.com\/Hospirentsv\/wp-content\/uploads\/2022\/04\/Estetoscopios-VERIDIAN-768x768.png 768w\" sizes=\"(max-width: 1280px) 100vw, 1280px\" \/><\/figure><div class=\"elementor-image-box-content\"><h3 class=\"elementor-image-box-title\">Estetoscopios Veridian<\/h3><p class=\"elementor-image-box-description\">Durable, cromo plateado con el anillo.<br>Contra el frio diafragma de retenci\u00f3n (solo pedi\u00e1trica).<br>Anillo de la campana para una mayor comodidad para el mas peque\u00f1o de los pacientes.<br>Ambos modelos cuenta con campana rotativa.<br>Longitud de tubo 22\"<br>Longitud total 30\"<\/p><\/div><\/div>\t\t\t\t<\/div>\n\t\t\t\t<\/div>\n\t\t\t\t<div class=\"elementor-element elementor-element-375a7fa elementor-position-left elementor-vertical-align-top elementor-widget elementor-widget-image-box\" data-id=\"375a7fa\" data-element_type=\"widget\" data-e-type=\"widget\" data-widget_type=\"image-box.default\">\n\t\t\t\t<div class=\"elementor-widget-container\">\n\t\t\t\t\t<div class=\"elementor-image-box-wrapper\"><figure class=\"elementor-image-box-img\"><img loading=\"lazy\" decoding=\"async\" width=\"1280\" height=\"1280\" src=\"https:\/\/hospirent.com\/Hospirentsv\/wp-content\/uploads\/2022\/04\/Estetoscopios.png\" class=\"attachment-full size-full wp-image-3189\" alt=\"\" srcset=\"https:\/\/hospirent.com\/Hospirentsv\/wp-content\/uploads\/2022\/04\/Estetoscopios.png 1280w, https:\/\/hospirent.com\/Hospirentsv\/wp-content\/uploads\/2022\/04\/Estetoscopios-300x300.png 300w, https:\/\/hospirent.com\/Hospirentsv\/wp-content\/uploads\/2022\/04\/Estetoscopios-1024x1024.png 1024w, https:\/\/hospirent.com\/Hospirentsv\/wp-content\/uploads\/2022\/04\/Estetoscopios-150x150.png 150w, https:\/\/hospirent.com\/Hospirentsv\/wp-content\/uploads\/2022\/04\/Estetoscopios-768x768.png 768w\" sizes=\"(max-width: 1280px) 100vw, 1280px\" \/><\/figure><div class=\"elementor-image-box-content\"><h3 class=\"elementor-image-box-title\">Estetoscopios<\/h3><p class=\"elementor-image-box-description\">Durable, cromo plateado con el anillo.<br>Anillo de la campana para una mayor comodidad.<br>Cuenta con campana rotativa.<br>Longitud de tubo 22\"<br>Longitud total 30\"<\/p><\/div><\/div>\t\t\t\t<\/div>\n\t\t\t\t<\/div>\n\t\t\t\t\t<\/div>\n\t\t<\/div>\n\t\t\t\t\t<\/div>\n\t\t<\/section>\n\t\t\t\t\t<\/div>\n\t\t<\/div>\n\t\t\t\t\t<\/div>\n\t\t<\/section>\n\t\t\t\t<\/div>\n\t\t","protected":false},"excerpt":{"rendered":"<p>Cat\u00e1logo Estetoscopios Estetoscopio Aneroide Sonido ac\u00fastico de alta amplificaci\u00f3n.Accesorio sencillo, moderno y pr\u00e1ctico.Ideal para estudiantes de medicina.C\u00e1psula o pieza pecho con doble funci\u00f3n.Arco plateado y cromado.Tubo de 22&#8243; reforzado de PVC no ruidoso.Adaptadores de o\u00eddos lisos y suaves. Estetoscopio Littmann Gran calidad en sonidos de alta y baja frecuencia.Seguridad de diagn\u00f3stico. Estetoscopio Littmann Classic III &hellip;<\/p>\n<p class=\"read-more\"> <a class=\"\" href=\"https:\/\/hospirent.com\/Hospirentsv\/estetoscopios\/\"> <span class=\"screen-reader-text\">Estetoscopios<\/span> Leer m\u00e1s &raquo;<\/a><\/p>\n","protected":false},"author":1,"featured_media":0,"parent":0,"menu_order":0,"comment_status":"closed","ping_status":"closed","template":"","meta":{"site-sidebar-layout":"default","site-content-layout":"default","ast-global-header-display":"","ast-main-header-display":"","ast-hfb-above-header-display":"","ast-hfb-below-header-display":"","ast-hfb-mobile-header-display":"","site-post-title":"","ast-breadcrumbs-content":"","ast-featured-img":"","footer-sml-layout":"","theme-transparent-header-meta":"","adv-header-id-meta":"","stick-header-meta":"","header-above-stick-meta":"","header-main-stick-meta":"","header-below-stick-meta":"","_joinchat":[],"footnotes":""},"class_list":["post-1549","page","type-page","status-publish","hentry"],"_links":{"self":[{"href":"https:\/\/hospirent.com\/Hospirentsv\/wp-json\/wp\/v2\/pages\/1549","targetHints":{"allow":["GET"]}}],"collection":[{"href":"https:\/\/hospirent.com\/Hospirentsv\/wp-json\/wp\/v2\/pages"}],"about":[{"href":"https:\/\/hospirent.com\/Hospirentsv\/wp-json\/wp\/v2\/types\/page"}],"author":[{"embeddable":true,"href":"https:\/\/hospirent.com\/Hospirentsv\/wp-json\/wp\/v2\/users\/1"}],"replies":[{"embeddable":true,"href":"https:\/\/hospirent.com\/Hospirentsv\/wp-json\/wp\/v2\/comments?post=1549"}],"version-history":[{"count":32,"href":"https:\/\/hospirent.com\/Hospirentsv\/wp-json\/wp\/v2\/pages\/1549\/revisions"}],"predecessor-version":[{"id":3192,"href":"https:\/\/hospirent.com\/Hospirentsv\/wp-json\/wp\/v2\/pages\/1549\/revisions\/3192"}],"wp:attachment":[{"href":"https:\/\/hospirent.com\/Hospirentsv\/wp-json\/wp\/v2\/media?parent=1549"}],"curies":[{"name":"wp","href":"https:\/\/api.w.org\/{rel}","templated":true}]}}