{"id":1589,"date":"2020-06-22T21:27:18","date_gmt":"2020-06-22T21:27:18","guid":{"rendered":"https:\/\/hospirent.com\/Hospirentsv\/?page_id=1589"},"modified":"2022-04-11T17:59:57","modified_gmt":"2022-04-11T17:59:57","slug":"oximetros","status":"publish","type":"page","link":"https:\/\/hospirent.com\/Hospirentsv\/oximetros\/","title":{"rendered":"Oximetros"},"content":{"rendered":"\t\t<div data-elementor-type=\"wp-page\" data-elementor-id=\"1589\" class=\"elementor elementor-1589\">\n\t\t\t\t\t\t<section class=\"elementor-section elementor-top-section elementor-element elementor-element-14712c6 elementor-section-boxed elementor-section-height-default elementor-section-height-default\" data-id=\"14712c6\" data-element_type=\"section\" data-e-type=\"section\">\n\t\t\t\t\t\t<div class=\"elementor-container elementor-column-gap-default\">\n\t\t\t\t\t<div class=\"elementor-column elementor-col-25 elementor-top-column elementor-element elementor-element-2ab2ad9\" data-id=\"2ab2ad9\" data-element_type=\"column\" data-e-type=\"column\">\n\t\t\t<div class=\"elementor-widget-wrap\">\n\t\t\t\t\t\t\t<\/div>\n\t\t<\/div>\n\t\t\t\t<div class=\"elementor-column elementor-col-25 elementor-top-column elementor-element elementor-element-aa361d2\" data-id=\"aa361d2\" data-element_type=\"column\" data-e-type=\"column\">\n\t\t\t<div class=\"elementor-widget-wrap\">\n\t\t\t\t\t\t\t<\/div>\n\t\t<\/div>\n\t\t\t\t<div class=\"elementor-column elementor-col-25 elementor-top-column elementor-element elementor-element-67fc63c\" data-id=\"67fc63c\" data-element_type=\"column\" data-e-type=\"column\">\n\t\t\t<div class=\"elementor-widget-wrap\">\n\t\t\t\t\t\t\t<\/div>\n\t\t<\/div>\n\t\t\t\t<div class=\"elementor-column elementor-col-25 elementor-top-column elementor-element elementor-element-d654023\" data-id=\"d654023\" data-element_type=\"column\" data-e-type=\"column\">\n\t\t\t<div class=\"elementor-widget-wrap elementor-element-populated\">\n\t\t\t\t\t\t<div class=\"elementor-element elementor-element-8f6cb67 elementor-align-center elementor-widget elementor-widget-button\" data-id=\"8f6cb67\" data-element_type=\"widget\" data-e-type=\"widget\" data-widget_type=\"button.default\">\n\t\t\t\t<div class=\"elementor-widget-container\">\n\t\t\t\t\t\t\t\t\t<div class=\"elementor-button-wrapper\">\n\t\t\t\t\t<a class=\"elementor-button elementor-button-link elementor-size-sm\" href=\"https:\/\/hospirent.com\/Hospirentsv\/catalogo-de-productos\/\">\n\t\t\t\t\t\t<span class=\"elementor-button-content-wrapper\">\n\t\t\t\t\t\t<span class=\"elementor-button-icon\">\n\t\t\t\t<i aria-hidden=\"true\" class=\"fas fa-caret-square-left\"><\/i>\t\t\t<\/span>\n\t\t\t\t\t\t\t\t\t<span class=\"elementor-button-text\">Cat\u00e1logo<\/span>\n\t\t\t\t\t<\/span>\n\t\t\t\t\t<\/a>\n\t\t\t\t<\/div>\n\t\t\t\t\t\t\t\t<\/div>\n\t\t\t\t<\/div>\n\t\t\t\t\t<\/div>\n\t\t<\/div>\n\t\t\t\t\t<\/div>\n\t\t<\/section>\n\t\t\t\t<section class=\"elementor-section elementor-top-section elementor-element elementor-element-653e112 elementor-section-boxed elementor-section-height-default elementor-section-height-default\" data-id=\"653e112\" data-element_type=\"section\" data-e-type=\"section\" data-settings=\"{&quot;background_background&quot;:&quot;classic&quot;}\">\n\t\t\t\t\t\t<div class=\"elementor-container elementor-column-gap-default\">\n\t\t\t\t\t<div class=\"elementor-column elementor-col-100 elementor-top-column elementor-element elementor-element-213ef5e\" data-id=\"213ef5e\" data-element_type=\"column\" data-e-type=\"column\">\n\t\t\t<div class=\"elementor-widget-wrap elementor-element-populated\">\n\t\t\t\t\t\t<section class=\"elementor-section elementor-inner-section elementor-element elementor-element-8922eb9 elementor-section-boxed elementor-section-height-default elementor-section-height-default\" data-id=\"8922eb9\" data-element_type=\"section\" data-e-type=\"section\">\n\t\t\t\t\t\t<div class=\"elementor-container elementor-column-gap-default\">\n\t\t\t\t\t<div class=\"elementor-column elementor-col-100 elementor-inner-column elementor-element elementor-element-0a65d54\" data-id=\"0a65d54\" data-element_type=\"column\" data-e-type=\"column\">\n\t\t\t<div class=\"elementor-widget-wrap elementor-element-populated\">\n\t\t\t\t\t\t<div class=\"elementor-element elementor-element-bf97287 elementor-widget elementor-widget-heading\" data-id=\"bf97287\" data-element_type=\"widget\" data-e-type=\"widget\" data-widget_type=\"heading.default\">\n\t\t\t\t<div class=\"elementor-widget-container\">\n\t\t\t\t\t<h2 class=\"elementor-heading-title elementor-size-default\">Ox\u00edmetros <\/h2>\t\t\t\t<\/div>\n\t\t\t\t<\/div>\n\t\t\t\t<div class=\"elementor-element elementor-element-b1ed300 elementor-position-left elementor-vertical-align-top elementor-widget elementor-widget-image-box\" data-id=\"b1ed300\" data-element_type=\"widget\" data-e-type=\"widget\" data-widget_type=\"image-box.default\">\n\t\t\t\t<div class=\"elementor-widget-container\">\n\t\t\t\t\t<div class=\"elementor-image-box-wrapper\"><figure class=\"elementor-image-box-img\"><img fetchpriority=\"high\" decoding=\"async\" width=\"1280\" height=\"1280\" src=\"https:\/\/hospirent.com\/Hospirentsv\/wp-content\/uploads\/2022\/04\/Oximetro-de-pulso-AFK.png\" class=\"attachment-full size-full wp-image-2753\" alt=\"\" srcset=\"https:\/\/hospirent.com\/Hospirentsv\/wp-content\/uploads\/2022\/04\/Oximetro-de-pulso-AFK.png 1280w, https:\/\/hospirent.com\/Hospirentsv\/wp-content\/uploads\/2022\/04\/Oximetro-de-pulso-AFK-300x300.png 300w, https:\/\/hospirent.com\/Hospirentsv\/wp-content\/uploads\/2022\/04\/Oximetro-de-pulso-AFK-1024x1024.png 1024w, https:\/\/hospirent.com\/Hospirentsv\/wp-content\/uploads\/2022\/04\/Oximetro-de-pulso-AFK-150x150.png 150w, https:\/\/hospirent.com\/Hospirentsv\/wp-content\/uploads\/2022\/04\/Oximetro-de-pulso-AFK-768x768.png 768w\" sizes=\"(max-width: 1280px) 100vw, 1280px\" \/><\/figure><div class=\"elementor-image-box-content\"><h3 class=\"elementor-image-box-title\">Ox\u00edmetro de pulso AFK<\/h3><p class=\"elementor-image-box-description\">Pantalla que muestra indicador de bater\u00eda.<br>Mide la saturaci\u00f3n de hemoglobina oxigenada (SpO2).<br>Brinda mediciones precisas dentro de +\/- 2%<br>Funci\u00f3n de apagado autom\u00e1tico (8 seg).<br>Medici\u00f3n con un solo bot\u00f3n.<br>Port\u00e1til, ligero y c\u00f3modo de llevar.<br>Colores disponibles verde y negro.<br>Utiliza 2 pilas AA.<\/p><\/div><\/div>\t\t\t\t<\/div>\n\t\t\t\t<\/div>\n\t\t\t\t<div class=\"elementor-element elementor-element-221aafb elementor-position-left elementor-vertical-align-top elementor-widget elementor-widget-image-box\" data-id=\"221aafb\" data-element_type=\"widget\" data-e-type=\"widget\" data-widget_type=\"image-box.default\">\n\t\t\t\t<div class=\"elementor-widget-container\">\n\t\t\t\t\t<div class=\"elementor-image-box-wrapper\"><figure class=\"elementor-image-box-img\"><img decoding=\"async\" width=\"470\" height=\"470\" src=\"https:\/\/hospirent.com\/Hospirentsv\/wp-content\/uploads\/2020\/07\/Oximetro7-1.jpg\" class=\"attachment-full size-full wp-image-1895\" alt=\"\" srcset=\"https:\/\/hospirent.com\/Hospirentsv\/wp-content\/uploads\/2020\/07\/Oximetro7-1.jpg 470w, https:\/\/hospirent.com\/Hospirentsv\/wp-content\/uploads\/2020\/07\/Oximetro7-1-300x300.jpg 300w, https:\/\/hospirent.com\/Hospirentsv\/wp-content\/uploads\/2020\/07\/Oximetro7-1-150x150.jpg 150w\" sizes=\"(max-width: 470px) 100vw, 470px\" \/><\/figure><div class=\"elementor-image-box-content\"><h3 class=\"elementor-image-box-title\">Ox\u00edmetro de pulso <\/h3><p class=\"elementor-image-box-description\">Perfecto para medir la SpO2 y la frecuencia del pulso con precisi\u00f3n.<br>Visualizaci\u00f3n de SpO2 y frecuencia de pulso, forma de onda de frecuencia de pulso y visualizaci\u00f3n de gr\u00e1fico de barras.<br>Resultados en 4 direcciones, visualizaci\u00f3n multidireccional OLED giratoria.<br>Indicaci\u00f3n baja de voltaje de bater\u00eda.<br>Brillo de la pantalla ajustable.<\/p><\/div><\/div>\t\t\t\t<\/div>\n\t\t\t\t<\/div>\n\t\t\t\t<div class=\"elementor-element elementor-element-d11621b elementor-position-left elementor-vertical-align-top elementor-widget elementor-widget-image-box\" data-id=\"d11621b\" data-element_type=\"widget\" data-e-type=\"widget\" data-widget_type=\"image-box.default\">\n\t\t\t\t<div class=\"elementor-widget-container\">\n\t\t\t\t\t<div class=\"elementor-image-box-wrapper\"><figure class=\"elementor-image-box-img\"><img decoding=\"async\" width=\"1280\" height=\"1280\" src=\"https:\/\/hospirent.com\/Hospirentsv\/wp-content\/uploads\/2022\/04\/OXIMETRO-DE-PULSO-MARCA-DRIVE-MEDICAL.png\" class=\"attachment-full size-full wp-image-2763\" alt=\"\" srcset=\"https:\/\/hospirent.com\/Hospirentsv\/wp-content\/uploads\/2022\/04\/OXIMETRO-DE-PULSO-MARCA-DRIVE-MEDICAL.png 1280w, https:\/\/hospirent.com\/Hospirentsv\/wp-content\/uploads\/2022\/04\/OXIMETRO-DE-PULSO-MARCA-DRIVE-MEDICAL-300x300.png 300w, https:\/\/hospirent.com\/Hospirentsv\/wp-content\/uploads\/2022\/04\/OXIMETRO-DE-PULSO-MARCA-DRIVE-MEDICAL-1024x1024.png 1024w, https:\/\/hospirent.com\/Hospirentsv\/wp-content\/uploads\/2022\/04\/OXIMETRO-DE-PULSO-MARCA-DRIVE-MEDICAL-150x150.png 150w, https:\/\/hospirent.com\/Hospirentsv\/wp-content\/uploads\/2022\/04\/OXIMETRO-DE-PULSO-MARCA-DRIVE-MEDICAL-768x768.png 768w\" sizes=\"(max-width: 1280px) 100vw, 1280px\" \/><\/figure><div class=\"elementor-image-box-content\"><h3 class=\"elementor-image-box-title\">Ox\u00edmetro de pulso DRIVE<\/h3><p class=\"elementor-image-box-description\">Muestra SpO2 y frecuencia del pulso.<br>Brinda mediciones precisas dentro de +\/- 2%<br>Se adapta a una amplia gama de tama\u00f1os de dedos, desde pedi\u00e1tricos hasta adultos.<br>Funci\u00f3n de apagado autom\u00e1tico.<br>Gran pantalla LED.<br>Incluye 2 bater\u00edas AAA y cuerda.<\/p><\/div><\/div>\t\t\t\t<\/div>\n\t\t\t\t<\/div>\n\t\t\t\t<div class=\"elementor-element elementor-element-8f5d2e5 elementor-position-left elementor-vertical-align-top elementor-widget elementor-widget-image-box\" data-id=\"8f5d2e5\" data-element_type=\"widget\" data-e-type=\"widget\" data-widget_type=\"image-box.default\">\n\t\t\t\t<div class=\"elementor-widget-container\">\n\t\t\t\t\t<div class=\"elementor-image-box-wrapper\"><figure class=\"elementor-image-box-img\"><img loading=\"lazy\" decoding=\"async\" width=\"470\" height=\"470\" src=\"https:\/\/hospirent.com\/Hospirentsv\/wp-content\/uploads\/2020\/07\/Oximetro5.jpg\" class=\"attachment-full size-full wp-image-1809\" alt=\"\" srcset=\"https:\/\/hospirent.com\/Hospirentsv\/wp-content\/uploads\/2020\/07\/Oximetro5.jpg 470w, https:\/\/hospirent.com\/Hospirentsv\/wp-content\/uploads\/2020\/07\/Oximetro5-300x300.jpg 300w, https:\/\/hospirent.com\/Hospirentsv\/wp-content\/uploads\/2020\/07\/Oximetro5-150x150.jpg 150w\" sizes=\"(max-width: 470px) 100vw, 470px\" \/><\/figure><div class=\"elementor-image-box-content\"><h3 class=\"elementor-image-box-title\">Ox\u00edmetro de pulso<\/h3><p class=\"elementor-image-box-description\">Detecta de forma r\u00e1pida y precisa la saturaci\u00f3n de Hemoglobina (ox\u00edgeno en sangre arterial, SpO2), y el pulso card\u00edaco.<br>Peque\u00f1o, ligero, c\u00f3modo de llevar.<br>50 horas continuas de trabajo.<br>Precisi\u00f3n fiable y durabilidad.<br>Indicador en tiempo real.<br>Apagado autom\u00e1tico.<\/p><\/div><\/div>\t\t\t\t<\/div>\n\t\t\t\t<\/div>\n\t\t\t\t\t<\/div>\n\t\t<\/div>\n\t\t\t\t\t<\/div>\n\t\t<\/section>\n\t\t\t\t\t<\/div>\n\t\t<\/div>\n\t\t\t\t\t<\/div>\n\t\t<\/section>\n\t\t\t\t<\/div>\n\t\t","protected":false},"excerpt":{"rendered":"<p>Cat\u00e1logo Ox\u00edmetros Ox\u00edmetro de pulso AFK Pantalla que muestra indicador de bater\u00eda.Mide la saturaci\u00f3n de hemoglobina oxigenada (SpO2).Brinda mediciones precisas dentro de +\/- 2%Funci\u00f3n de apagado autom\u00e1tico (8 seg).Medici\u00f3n con un solo bot\u00f3n.Port\u00e1til, ligero y c\u00f3modo de llevar.Colores disponibles verde y negro.Utiliza 2 pilas AA. Ox\u00edmetro de pulso Perfecto para medir la SpO2 y la &hellip;<\/p>\n<p class=\"read-more\"> <a class=\"\" href=\"https:\/\/hospirent.com\/Hospirentsv\/oximetros\/\"> <span class=\"screen-reader-text\">Oximetros<\/span> Leer m\u00e1s &raquo;<\/a><\/p>\n","protected":false},"author":1,"featured_media":0,"parent":0,"menu_order":0,"comment_status":"closed","ping_status":"closed","template":"","meta":{"site-sidebar-layout":"default","site-content-layout":"default","ast-global-header-display":"","ast-main-header-display":"","ast-hfb-above-header-display":"","ast-hfb-below-header-display":"","ast-hfb-mobile-header-display":"","site-post-title":"","ast-breadcrumbs-content":"","ast-featured-img":"","footer-sml-layout":"","theme-transparent-header-meta":"","adv-header-id-meta":"","stick-header-meta":"","header-above-stick-meta":"","header-main-stick-meta":"","header-below-stick-meta":"","_joinchat":[],"footnotes":""},"class_list":["post-1589","page","type-page","status-publish","hentry"],"_links":{"self":[{"href":"https:\/\/hospirent.com\/Hospirentsv\/wp-json\/wp\/v2\/pages\/1589","targetHints":{"allow":["GET"]}}],"collection":[{"href":"https:\/\/hospirent.com\/Hospirentsv\/wp-json\/wp\/v2\/pages"}],"about":[{"href":"https:\/\/hospirent.com\/Hospirentsv\/wp-json\/wp\/v2\/types\/page"}],"author":[{"embeddable":true,"href":"https:\/\/hospirent.com\/Hospirentsv\/wp-json\/wp\/v2\/users\/1"}],"replies":[{"embeddable":true,"href":"https:\/\/hospirent.com\/Hospirentsv\/wp-json\/wp\/v2\/comments?post=1589"}],"version-history":[{"count":19,"href":"https:\/\/hospirent.com\/Hospirentsv\/wp-json\/wp\/v2\/pages\/1589\/revisions"}],"predecessor-version":[{"id":2774,"href":"https:\/\/hospirent.com\/Hospirentsv\/wp-json\/wp\/v2\/pages\/1589\/revisions\/2774"}],"wp:attachment":[{"href":"https:\/\/hospirent.com\/Hospirentsv\/wp-json\/wp\/v2\/media?parent=1589"}],"curies":[{"name":"wp","href":"https:\/\/api.w.org\/{rel}","templated":true}]}}