{"id":1591,"date":"2020-06-22T21:27:52","date_gmt":"2020-06-22T21:27:52","guid":{"rendered":"https:\/\/hospirent.com\/Hospirentsv\/?page_id=1591"},"modified":"2022-04-12T15:31:33","modified_gmt":"2022-04-12T15:31:33","slug":"tensiometros","status":"publish","type":"page","link":"https:\/\/hospirent.com\/Hospirentsv\/tensiometros\/","title":{"rendered":"Tensi\u00f3metros"},"content":{"rendered":"\t\t<div data-elementor-type=\"wp-page\" data-elementor-id=\"1591\" class=\"elementor elementor-1591\">\n\t\t\t\t\t\t<section class=\"elementor-section elementor-top-section elementor-element elementor-element-ae2387b elementor-section-boxed elementor-section-height-default elementor-section-height-default\" data-id=\"ae2387b\" data-element_type=\"section\" data-e-type=\"section\">\n\t\t\t\t\t\t<div class=\"elementor-container elementor-column-gap-default\">\n\t\t\t\t\t<div class=\"elementor-column elementor-col-25 elementor-top-column elementor-element elementor-element-e1869a6\" data-id=\"e1869a6\" data-element_type=\"column\" data-e-type=\"column\">\n\t\t\t<div class=\"elementor-widget-wrap\">\n\t\t\t\t\t\t\t<\/div>\n\t\t<\/div>\n\t\t\t\t<div class=\"elementor-column elementor-col-25 elementor-top-column elementor-element elementor-element-26b7b8d\" data-id=\"26b7b8d\" data-element_type=\"column\" data-e-type=\"column\">\n\t\t\t<div class=\"elementor-widget-wrap\">\n\t\t\t\t\t\t\t<\/div>\n\t\t<\/div>\n\t\t\t\t<div class=\"elementor-column elementor-col-25 elementor-top-column elementor-element elementor-element-b0d49ce\" data-id=\"b0d49ce\" data-element_type=\"column\" data-e-type=\"column\">\n\t\t\t<div class=\"elementor-widget-wrap\">\n\t\t\t\t\t\t\t<\/div>\n\t\t<\/div>\n\t\t\t\t<div class=\"elementor-column elementor-col-25 elementor-top-column elementor-element elementor-element-554eab8\" data-id=\"554eab8\" data-element_type=\"column\" data-e-type=\"column\">\n\t\t\t<div class=\"elementor-widget-wrap elementor-element-populated\">\n\t\t\t\t\t\t<div class=\"elementor-element elementor-element-0fe525d elementor-align-center elementor-widget elementor-widget-button\" data-id=\"0fe525d\" data-element_type=\"widget\" data-e-type=\"widget\" data-widget_type=\"button.default\">\n\t\t\t\t<div class=\"elementor-widget-container\">\n\t\t\t\t\t\t\t\t\t<div class=\"elementor-button-wrapper\">\n\t\t\t\t\t<a class=\"elementor-button elementor-button-link elementor-size-sm\" href=\"https:\/\/hospirent.com\/Hospirentsv\/catalogo-de-productos\/\">\n\t\t\t\t\t\t<span class=\"elementor-button-content-wrapper\">\n\t\t\t\t\t\t<span class=\"elementor-button-icon\">\n\t\t\t\t<i aria-hidden=\"true\" class=\"fas fa-caret-square-left\"><\/i>\t\t\t<\/span>\n\t\t\t\t\t\t\t\t\t<span class=\"elementor-button-text\">Cat\u00e1logo<\/span>\n\t\t\t\t\t<\/span>\n\t\t\t\t\t<\/a>\n\t\t\t\t<\/div>\n\t\t\t\t\t\t\t\t<\/div>\n\t\t\t\t<\/div>\n\t\t\t\t\t<\/div>\n\t\t<\/div>\n\t\t\t\t\t<\/div>\n\t\t<\/section>\n\t\t\t\t<section class=\"elementor-section elementor-top-section elementor-element elementor-element-577c5ce elementor-section-boxed elementor-section-height-default elementor-section-height-default\" data-id=\"577c5ce\" data-element_type=\"section\" data-e-type=\"section\" data-settings=\"{&quot;background_background&quot;:&quot;classic&quot;}\">\n\t\t\t\t\t\t<div class=\"elementor-container elementor-column-gap-default\">\n\t\t\t\t\t<div class=\"elementor-column elementor-col-100 elementor-top-column elementor-element elementor-element-cfb0a79\" data-id=\"cfb0a79\" data-element_type=\"column\" data-e-type=\"column\">\n\t\t\t<div class=\"elementor-widget-wrap elementor-element-populated\">\n\t\t\t\t\t\t<section class=\"elementor-section elementor-inner-section elementor-element elementor-element-17943f1 elementor-section-boxed elementor-section-height-default elementor-section-height-default\" data-id=\"17943f1\" data-element_type=\"section\" data-e-type=\"section\">\n\t\t\t\t\t\t<div class=\"elementor-container elementor-column-gap-default\">\n\t\t\t\t\t<div class=\"elementor-column elementor-col-100 elementor-inner-column elementor-element elementor-element-29780be\" data-id=\"29780be\" data-element_type=\"column\" data-e-type=\"column\">\n\t\t\t<div class=\"elementor-widget-wrap elementor-element-populated\">\n\t\t\t\t\t\t<div class=\"elementor-element elementor-element-ee5afda elementor-widget elementor-widget-heading\" data-id=\"ee5afda\" data-element_type=\"widget\" data-e-type=\"widget\" data-widget_type=\"heading.default\">\n\t\t\t\t<div class=\"elementor-widget-container\">\n\t\t\t\t\t<h2 class=\"elementor-heading-title elementor-size-default\">Tensi\u00f3metros<\/h2>\t\t\t\t<\/div>\n\t\t\t\t<\/div>\n\t\t\t\t<div class=\"elementor-element elementor-element-6148594 elementor-position-left elementor-vertical-align-top elementor-widget elementor-widget-image-box\" data-id=\"6148594\" data-element_type=\"widget\" data-e-type=\"widget\" data-widget_type=\"image-box.default\">\n\t\t\t\t<div class=\"elementor-widget-container\">\n\t\t\t\t\t<div class=\"elementor-image-box-wrapper\"><figure class=\"elementor-image-box-img\"><img fetchpriority=\"high\" decoding=\"async\" width=\"1280\" height=\"1280\" src=\"https:\/\/hospirent.com\/Hospirentsv\/wp-content\/uploads\/2022\/04\/Tensiometro-aneroide.png\" class=\"attachment-full size-full wp-image-2782\" alt=\"\" srcset=\"https:\/\/hospirent.com\/Hospirentsv\/wp-content\/uploads\/2022\/04\/Tensiometro-aneroide.png 1280w, https:\/\/hospirent.com\/Hospirentsv\/wp-content\/uploads\/2022\/04\/Tensiometro-aneroide-300x300.png 300w, https:\/\/hospirent.com\/Hospirentsv\/wp-content\/uploads\/2022\/04\/Tensiometro-aneroide-1024x1024.png 1024w, https:\/\/hospirent.com\/Hospirentsv\/wp-content\/uploads\/2022\/04\/Tensiometro-aneroide-150x150.png 150w, https:\/\/hospirent.com\/Hospirentsv\/wp-content\/uploads\/2022\/04\/Tensiometro-aneroide-768x768.png 768w\" sizes=\"(max-width: 1280px) 100vw, 1280px\" \/><\/figure><div class=\"elementor-image-box-content\"><h3 class=\"elementor-image-box-title\">Tensi\u00f3metro aneroide<\/h3><p class=\"elementor-image-box-description\">Brazalete de nylon calibrado.<br>Garant\u00eda de calibraci\u00f3n de 3 meses.<br>V\u00e1lvula de liberaci\u00f3n de aire est\u00e1ndar.<br>Pera de pvc reforzado.<br>Funda de transporte con Zipper.<br>Se adapta a la circunferencia del brazo.<br>Medidas de Brazalete: 49 cm x 13.5 cm.<br>Mangueras de pvc.<br>Tensi\u00f3metro para brazo de adulto.<\/p><\/div><\/div>\t\t\t\t<\/div>\n\t\t\t\t<\/div>\n\t\t\t\t<div class=\"elementor-element elementor-element-adf7d71 elementor-position-left elementor-vertical-align-top elementor-widget elementor-widget-image-box\" data-id=\"adf7d71\" data-element_type=\"widget\" data-e-type=\"widget\" data-widget_type=\"image-box.default\">\n\t\t\t\t<div class=\"elementor-widget-container\">\n\t\t\t\t\t<div class=\"elementor-image-box-wrapper\"><figure class=\"elementor-image-box-img\"><img decoding=\"async\" width=\"1280\" height=\"1280\" src=\"https:\/\/hospirent.com\/Hospirentsv\/wp-content\/uploads\/2022\/04\/Tensiometro-con-diferentes-tipos-de-brazaletes.png\" class=\"attachment-full size-full wp-image-2786\" alt=\"\" srcset=\"https:\/\/hospirent.com\/Hospirentsv\/wp-content\/uploads\/2022\/04\/Tensiometro-con-diferentes-tipos-de-brazaletes.png 1280w, https:\/\/hospirent.com\/Hospirentsv\/wp-content\/uploads\/2022\/04\/Tensiometro-con-diferentes-tipos-de-brazaletes-300x300.png 300w, https:\/\/hospirent.com\/Hospirentsv\/wp-content\/uploads\/2022\/04\/Tensiometro-con-diferentes-tipos-de-brazaletes-1024x1024.png 1024w, https:\/\/hospirent.com\/Hospirentsv\/wp-content\/uploads\/2022\/04\/Tensiometro-con-diferentes-tipos-de-brazaletes-150x150.png 150w, https:\/\/hospirent.com\/Hospirentsv\/wp-content\/uploads\/2022\/04\/Tensiometro-con-diferentes-tipos-de-brazaletes-768x768.png 768w\" sizes=\"(max-width: 1280px) 100vw, 1280px\" \/><\/figure><div class=\"elementor-image-box-content\"><h3 class=\"elementor-image-box-title\">Tensi\u00f3metro con diferentes tipos de brazaletes<\/h3><p class=\"elementor-image-box-description\">Medida de presi\u00f3n arterial totalmente autom\u00e1tica.<br>Cuenta con brazaletes de diferentes tama\u00f1os.<br>Beb\u00e9s: Brazo superior de 3.9 - 7.5\"<br>Ni\u00f1os: Brazo superior de 7.1-10.2\"<br>Adultos: Brazo superior de 8.7 - 12.6\"<br>Almacena hasta 300 lecturas.<br>Tiene la funci\u00f3n de alarma fisiol\u00f3gica para configurar cuando la presi\u00f3n arterial es superior al l\u00edmite o inferior al l\u00edmite.<\/p><\/div><\/div>\t\t\t\t<\/div>\n\t\t\t\t<\/div>\n\t\t\t\t<div class=\"elementor-element elementor-element-c6ffa61 elementor-position-left elementor-vertical-align-top elementor-widget elementor-widget-image-box\" data-id=\"c6ffa61\" data-element_type=\"widget\" data-e-type=\"widget\" data-widget_type=\"image-box.default\">\n\t\t\t\t<div class=\"elementor-widget-container\">\n\t\t\t\t\t<div class=\"elementor-image-box-wrapper\"><figure class=\"elementor-image-box-img\"><img decoding=\"async\" width=\"1280\" height=\"1280\" src=\"https:\/\/hospirent.com\/Hospirentsv\/wp-content\/uploads\/2022\/04\/Tensiometro-de-brazalete-profesional.png\" class=\"attachment-full size-full wp-image-2788\" alt=\"\" srcset=\"https:\/\/hospirent.com\/Hospirentsv\/wp-content\/uploads\/2022\/04\/Tensiometro-de-brazalete-profesional.png 1280w, https:\/\/hospirent.com\/Hospirentsv\/wp-content\/uploads\/2022\/04\/Tensiometro-de-brazalete-profesional-300x300.png 300w, https:\/\/hospirent.com\/Hospirentsv\/wp-content\/uploads\/2022\/04\/Tensiometro-de-brazalete-profesional-1024x1024.png 1024w, https:\/\/hospirent.com\/Hospirentsv\/wp-content\/uploads\/2022\/04\/Tensiometro-de-brazalete-profesional-150x150.png 150w, https:\/\/hospirent.com\/Hospirentsv\/wp-content\/uploads\/2022\/04\/Tensiometro-de-brazalete-profesional-768x768.png 768w\" sizes=\"(max-width: 1280px) 100vw, 1280px\" \/><\/figure><div class=\"elementor-image-box-content\"><h3 class=\"elementor-image-box-title\">Tensi\u00f3metro de brazalete profesional<\/h3><p class=\"elementor-image-box-description\">Cuenta con detecci\u00f3n de latidos card\u00edacos irregulares.<br>Almacena 200 lecturas para dos usuarios.<br>Modo de medici\u00f3n oscilogr\u00e1fico<br>Brazalete ajustable para personas de diferentes tama\u00f1os, de 20 a 16.9\u201d de longitud.<br>Pantalla LCD retroiluminado<br>Incluye funda de transporte.<\/p><\/div><\/div>\t\t\t\t<\/div>\n\t\t\t\t<\/div>\n\t\t\t\t<div class=\"elementor-element elementor-element-33730dc elementor-position-left elementor-vertical-align-top elementor-widget elementor-widget-image-box\" data-id=\"33730dc\" data-element_type=\"widget\" data-e-type=\"widget\" data-widget_type=\"image-box.default\">\n\t\t\t\t<div class=\"elementor-widget-container\">\n\t\t\t\t\t<div class=\"elementor-image-box-wrapper\"><figure class=\"elementor-image-box-img\"><img loading=\"lazy\" decoding=\"async\" width=\"1280\" height=\"1280\" src=\"https:\/\/hospirent.com\/Hospirentsv\/wp-content\/uploads\/2022\/04\/Tensiometro-de-brazo-semi-digital.png\" class=\"attachment-full size-full wp-image-2789\" alt=\"\" srcset=\"https:\/\/hospirent.com\/Hospirentsv\/wp-content\/uploads\/2022\/04\/Tensiometro-de-brazo-semi-digital.png 1280w, https:\/\/hospirent.com\/Hospirentsv\/wp-content\/uploads\/2022\/04\/Tensiometro-de-brazo-semi-digital-300x300.png 300w, https:\/\/hospirent.com\/Hospirentsv\/wp-content\/uploads\/2022\/04\/Tensiometro-de-brazo-semi-digital-1024x1024.png 1024w, https:\/\/hospirent.com\/Hospirentsv\/wp-content\/uploads\/2022\/04\/Tensiometro-de-brazo-semi-digital-150x150.png 150w, https:\/\/hospirent.com\/Hospirentsv\/wp-content\/uploads\/2022\/04\/Tensiometro-de-brazo-semi-digital-768x768.png 768w\" sizes=\"(max-width: 1280px) 100vw, 1280px\" \/><\/figure><div class=\"elementor-image-box-content\"><h3 class=\"elementor-image-box-title\">Tensi\u00f3metro de brazo semi digital<\/h3><p class=\"elementor-image-box-description\">Monitor autom\u00e1tico de presi\u00f3n arterial de inflaci\u00f3n y deflaci\u00f3n.<br>Cuenta con memoria para 2 usuarios con 60 conjuntos de memorias cada uno.<br>Proporciona promedio de las \u00faltimas 3 lecturas.<br>Visualizaci\u00f3n de fecha \/ hora en formato de 12 horas.<br>Detecci\u00f3n de latidos card\u00edacos irregulares.<br>Incluye adaptador de CA, estuche de almacenamiento y 4 pilas AA.<\/p><\/div><\/div>\t\t\t\t<\/div>\n\t\t\t\t<\/div>\n\t\t\t\t<div class=\"elementor-element elementor-element-51433cb elementor-position-left elementor-vertical-align-top elementor-widget elementor-widget-image-box\" data-id=\"51433cb\" data-element_type=\"widget\" data-e-type=\"widget\" data-widget_type=\"image-box.default\">\n\t\t\t\t<div class=\"elementor-widget-container\">\n\t\t\t\t\t<div class=\"elementor-image-box-wrapper\"><figure class=\"elementor-image-box-img\"><img loading=\"lazy\" decoding=\"async\" width=\"1280\" height=\"1280\" src=\"https:\/\/hospirent.com\/Hospirentsv\/wp-content\/uploads\/2022\/04\/Tensiometro-de-muneca.png\" class=\"attachment-full size-full wp-image-2790\" alt=\"\" srcset=\"https:\/\/hospirent.com\/Hospirentsv\/wp-content\/uploads\/2022\/04\/Tensiometro-de-muneca.png 1280w, https:\/\/hospirent.com\/Hospirentsv\/wp-content\/uploads\/2022\/04\/Tensiometro-de-muneca-300x300.png 300w, https:\/\/hospirent.com\/Hospirentsv\/wp-content\/uploads\/2022\/04\/Tensiometro-de-muneca-1024x1024.png 1024w, https:\/\/hospirent.com\/Hospirentsv\/wp-content\/uploads\/2022\/04\/Tensiometro-de-muneca-150x150.png 150w, https:\/\/hospirent.com\/Hospirentsv\/wp-content\/uploads\/2022\/04\/Tensiometro-de-muneca-768x768.png 768w\" sizes=\"(max-width: 1280px) 100vw, 1280px\" \/><\/figure><div class=\"elementor-image-box-content\"><h3 class=\"elementor-image-box-title\">Tensi\u00f3metro de mu\u00f1eca<\/h3><p class=\"elementor-image-box-description\">Almacena dos memorias de 90 lecturas cada una con fecha y hora.<br>Proporciona promedios de las \u00faltimas 3 lecturas.<br>Proporcionar informaci\u00f3n de salud vital precisa en segundos.<br>Sensor de posici\u00f3n autom\u00e1tico.<br>Detecta latidos card\u00edacos irregulares.<br>Cuenta con parlante que habla ingl\u00e9s y espa\u00f1ol.<br>Utiliza 2 pilas AAA.<\/p><\/div><\/div>\t\t\t\t<\/div>\n\t\t\t\t<\/div>\n\t\t\t\t<div class=\"elementor-element elementor-element-bb3d47c elementor-position-left elementor-vertical-align-top elementor-widget elementor-widget-image-box\" data-id=\"bb3d47c\" data-element_type=\"widget\" data-e-type=\"widget\" data-widget_type=\"image-box.default\">\n\t\t\t\t<div class=\"elementor-widget-container\">\n\t\t\t\t\t<div class=\"elementor-image-box-wrapper\"><figure class=\"elementor-image-box-img\"><img loading=\"lazy\" decoding=\"async\" width=\"470\" height=\"470\" src=\"https:\/\/hospirent.com\/Hospirentsv\/wp-content\/uploads\/2020\/07\/Tensiometro11.jpg\" class=\"attachment-full size-full wp-image-1876\" alt=\"\" srcset=\"https:\/\/hospirent.com\/Hospirentsv\/wp-content\/uploads\/2020\/07\/Tensiometro11.jpg 470w, https:\/\/hospirent.com\/Hospirentsv\/wp-content\/uploads\/2020\/07\/Tensiometro11-300x300.jpg 300w, https:\/\/hospirent.com\/Hospirentsv\/wp-content\/uploads\/2020\/07\/Tensiometro11-150x150.jpg 150w\" sizes=\"(max-width: 470px) 100vw, 470px\" \/><\/figure><div class=\"elementor-image-box-content\"><h3 class=\"elementor-image-box-title\">Tensi\u00f3metro digital<\/h3><p class=\"elementor-image-box-description\">Monitor autom\u00e1tico de presi\u00f3n arterial para el brazo superior.<br>M\u00e9todo  de medici\u00f3n oscilom\u00e9trico: Presi\u00f3n: OmmHg - 300mmHg.<br>Medici\u00f3n de pulso: 30 a 180 latidos \/ minuto.<br>Precisi\u00f3n de medici\u00f3n: presi\u00f3n \u00b13 mmHg, pulso \u00b15%<br>120 memorias en cuatro grupos con fecha y hora.<br>Detecci\u00f3n de bater\u00eda baja.<br>Apagado autom\u00e1tico.<br>4 pilas AA.<\/p><\/div><\/div>\t\t\t\t<\/div>\n\t\t\t\t<\/div>\n\t\t\t\t<div class=\"elementor-element elementor-element-0d9a7e6 elementor-position-left elementor-vertical-align-top elementor-widget elementor-widget-image-box\" data-id=\"0d9a7e6\" data-element_type=\"widget\" data-e-type=\"widget\" data-widget_type=\"image-box.default\">\n\t\t\t\t<div class=\"elementor-widget-container\">\n\t\t\t\t\t<div class=\"elementor-image-box-wrapper\"><figure class=\"elementor-image-box-img\"><img loading=\"lazy\" decoding=\"async\" width=\"1280\" height=\"1280\" src=\"https:\/\/hospirent.com\/Hospirentsv\/wp-content\/uploads\/2022\/04\/Tensiometro-digital-cofoe.png\" class=\"attachment-full size-full wp-image-2791\" alt=\"\" srcset=\"https:\/\/hospirent.com\/Hospirentsv\/wp-content\/uploads\/2022\/04\/Tensiometro-digital-cofoe.png 1280w, https:\/\/hospirent.com\/Hospirentsv\/wp-content\/uploads\/2022\/04\/Tensiometro-digital-cofoe-300x300.png 300w, https:\/\/hospirent.com\/Hospirentsv\/wp-content\/uploads\/2022\/04\/Tensiometro-digital-cofoe-1024x1024.png 1024w, https:\/\/hospirent.com\/Hospirentsv\/wp-content\/uploads\/2022\/04\/Tensiometro-digital-cofoe-150x150.png 150w, https:\/\/hospirent.com\/Hospirentsv\/wp-content\/uploads\/2022\/04\/Tensiometro-digital-cofoe-768x768.png 768w\" sizes=\"(max-width: 1280px) 100vw, 1280px\" \/><\/figure><div class=\"elementor-image-box-content\"><h3 class=\"elementor-image-box-title\">Tensi\u00f3metro digital Cofoe<\/h3><p class=\"elementor-image-box-description\">Monitor autom\u00e1tico de presi\u00f3n arterial para el brazo superior.<br>La pantalla LCD grande de 3.7\u201d muestra los resultados de la medici\u00f3n.<br>Bajo nivel de ruido, bajo consumo de energ\u00eda y larga vida \u00fatil.<br>120 conjuntos de datos de almacenamiento.<br>Ligero y f\u00e1cil de transportar.<br>Medida autom\u00e1tica f\u00e1cil de usar.<br>Precisi\u00f3n \u00b13 mmHg \u00b10.4kPa.\n<\/p><\/div><\/div>\t\t\t\t<\/div>\n\t\t\t\t<\/div>\n\t\t\t\t<div class=\"elementor-element elementor-element-abb4b0e elementor-position-left elementor-vertical-align-top elementor-widget elementor-widget-image-box\" data-id=\"abb4b0e\" data-element_type=\"widget\" data-e-type=\"widget\" data-widget_type=\"image-box.default\">\n\t\t\t\t<div class=\"elementor-widget-container\">\n\t\t\t\t\t<div class=\"elementor-image-box-wrapper\"><figure class=\"elementor-image-box-img\"><img loading=\"lazy\" decoding=\"async\" width=\"470\" height=\"470\" src=\"https:\/\/hospirent.com\/Hospirentsv\/wp-content\/uploads\/2021\/06\/Tensiometro12.jpg\" class=\"attachment-full size-full wp-image-2297\" alt=\"\" srcset=\"https:\/\/hospirent.com\/Hospirentsv\/wp-content\/uploads\/2021\/06\/Tensiometro12.jpg 470w, https:\/\/hospirent.com\/Hospirentsv\/wp-content\/uploads\/2021\/06\/Tensiometro12-300x300.jpg 300w, https:\/\/hospirent.com\/Hospirentsv\/wp-content\/uploads\/2021\/06\/Tensiometro12-150x150.jpg 150w\" sizes=\"(max-width: 470px) 100vw, 470px\" \/><\/figure><div class=\"elementor-image-box-content\"><h3 class=\"elementor-image-box-title\">Tensi\u00f3metro digital de brazo<\/h3><p class=\"elementor-image-box-description\">Indicador de riesgo de hipertensi\u00f3n y detecci\u00f3n de latidos irregulares. <br>Conectividad Bluetooth y aplicaci\u00f3n gratuita Microlife Health.<br>Cl\u00ednicamente validado con personas con diabetes. <br>Almacena 120 lecturas para 2 usuarios. <br>Funciones de pantalla t\u00e1ctil f\u00e1ciles de usar <br>Gran pantalla LCD iluminada.<\/p><\/div><\/div>\t\t\t\t<\/div>\n\t\t\t\t<\/div>\n\t\t\t\t<div class=\"elementor-element elementor-element-0ee2253 elementor-position-left elementor-vertical-align-top elementor-widget elementor-widget-image-box\" data-id=\"0ee2253\" data-element_type=\"widget\" data-e-type=\"widget\" data-widget_type=\"image-box.default\">\n\t\t\t\t<div class=\"elementor-widget-container\">\n\t\t\t\t\t<div class=\"elementor-image-box-wrapper\"><figure class=\"elementor-image-box-img\"><img loading=\"lazy\" decoding=\"async\" width=\"470\" height=\"470\" src=\"https:\/\/hospirent.com\/Hospirentsv\/wp-content\/uploads\/2021\/06\/Tensiometro14.png\" class=\"attachment-full size-full wp-image-2301\" alt=\"\" srcset=\"https:\/\/hospirent.com\/Hospirentsv\/wp-content\/uploads\/2021\/06\/Tensiometro14.png 470w, https:\/\/hospirent.com\/Hospirentsv\/wp-content\/uploads\/2021\/06\/Tensiometro14-300x300.png 300w, https:\/\/hospirent.com\/Hospirentsv\/wp-content\/uploads\/2021\/06\/Tensiometro14-150x150.png 150w\" sizes=\"(max-width: 470px) 100vw, 470px\" \/><\/figure><div class=\"elementor-image-box-content\"><h3 class=\"elementor-image-box-title\">Tensi\u00f3metro digital de mu\u00f1eca<\/h3><p class=\"elementor-image-box-description\">Muestra lectura de presi\u00f3n arterial y frecuencia card\u00edaca.<br>Memoria para 2 usuarios, 60 lecturas para cada uno. <br>Pantalla LCD grande y f\u00e1cil de leer. <br>Brazalete ajustable. <br>Utiliza 2 pilas AAA.<\/p><\/div><\/div>\t\t\t\t<\/div>\n\t\t\t\t<\/div>\n\t\t\t\t<div class=\"elementor-element elementor-element-c736aca elementor-position-left elementor-vertical-align-top elementor-widget elementor-widget-image-box\" data-id=\"c736aca\" data-element_type=\"widget\" data-e-type=\"widget\" data-widget_type=\"image-box.default\">\n\t\t\t\t<div class=\"elementor-widget-container\">\n\t\t\t\t\t<div class=\"elementor-image-box-wrapper\"><figure class=\"elementor-image-box-img\"><img loading=\"lazy\" decoding=\"async\" width=\"1280\" height=\"1280\" src=\"https:\/\/hospirent.com\/Hospirentsv\/wp-content\/uploads\/2022\/04\/Tensiometro-digital-DRIVE-MEDICAL.png\" class=\"attachment-full size-full wp-image-2792\" alt=\"\" srcset=\"https:\/\/hospirent.com\/Hospirentsv\/wp-content\/uploads\/2022\/04\/Tensiometro-digital-DRIVE-MEDICAL.png 1280w, https:\/\/hospirent.com\/Hospirentsv\/wp-content\/uploads\/2022\/04\/Tensiometro-digital-DRIVE-MEDICAL-300x300.png 300w, https:\/\/hospirent.com\/Hospirentsv\/wp-content\/uploads\/2022\/04\/Tensiometro-digital-DRIVE-MEDICAL-1024x1024.png 1024w, https:\/\/hospirent.com\/Hospirentsv\/wp-content\/uploads\/2022\/04\/Tensiometro-digital-DRIVE-MEDICAL-150x150.png 150w, https:\/\/hospirent.com\/Hospirentsv\/wp-content\/uploads\/2022\/04\/Tensiometro-digital-DRIVE-MEDICAL-768x768.png 768w\" sizes=\"(max-width: 1280px) 100vw, 1280px\" \/><\/figure><div class=\"elementor-image-box-content\"><h3 class=\"elementor-image-box-title\">Tensi\u00f3metro digital<\/h3><p class=\"elementor-image-box-description\">Indicador de frecuencia de pulso.<br>Mediciones r\u00e1pidas y exactas.<br>Grabaci\u00f3n de resultados hasta para 2 usuarios y 60 memorias para cada uno, 120 lecturas en total.<br>Funci\u00f3n de apagado autom\u00e1tico para ahorro de bater\u00eda.<br>Pantalla extra grande LCD f\u00e1cil de leer.<br>Pantalla con fecha y hora.<br>Incluye bolsa para transportar y bater\u00edas.\n \n<\/p><\/div><\/div>\t\t\t\t<\/div>\n\t\t\t\t<\/div>\n\t\t\t\t\t<\/div>\n\t\t<\/div>\n\t\t\t\t\t<\/div>\n\t\t<\/section>\n\t\t\t\t\t<\/div>\n\t\t<\/div>\n\t\t\t\t\t<\/div>\n\t\t<\/section>\n\t\t\t\t<\/div>\n\t\t","protected":false},"excerpt":{"rendered":"<p>Cat\u00e1logo Tensi\u00f3metros Tensi\u00f3metro aneroide Brazalete de nylon calibrado.Garant\u00eda de calibraci\u00f3n de 3 meses.V\u00e1lvula de liberaci\u00f3n de aire est\u00e1ndar.Pera de pvc reforzado.Funda de transporte con Zipper.Se adapta a la circunferencia del brazo.Medidas de Brazalete: 49 cm x 13.5 cm.Mangueras de pvc.Tensi\u00f3metro para brazo de adulto. Tensi\u00f3metro con diferentes tipos de brazaletes Medida de presi\u00f3n arterial totalmente &hellip;<\/p>\n<p class=\"read-more\"> <a class=\"\" href=\"https:\/\/hospirent.com\/Hospirentsv\/tensiometros\/\"> <span class=\"screen-reader-text\">Tensi\u00f3metros<\/span> Leer m\u00e1s &raquo;<\/a><\/p>\n","protected":false},"author":1,"featured_media":0,"parent":0,"menu_order":0,"comment_status":"closed","ping_status":"closed","template":"","meta":{"site-sidebar-layout":"default","site-content-layout":"default","ast-global-header-display":"","ast-main-header-display":"","ast-hfb-above-header-display":"","ast-hfb-below-header-display":"","ast-hfb-mobile-header-display":"","site-post-title":"","ast-breadcrumbs-content":"","ast-featured-img":"","footer-sml-layout":"","theme-transparent-header-meta":"","adv-header-id-meta":"","stick-header-meta":"","header-above-stick-meta":"","header-main-stick-meta":"","header-below-stick-meta":"","_joinchat":[],"footnotes":""},"class_list":["post-1591","page","type-page","status-publish","hentry"],"_links":{"self":[{"href":"https:\/\/hospirent.com\/Hospirentsv\/wp-json\/wp\/v2\/pages\/1591","targetHints":{"allow":["GET"]}}],"collection":[{"href":"https:\/\/hospirent.com\/Hospirentsv\/wp-json\/wp\/v2\/pages"}],"about":[{"href":"https:\/\/hospirent.com\/Hospirentsv\/wp-json\/wp\/v2\/types\/page"}],"author":[{"embeddable":true,"href":"https:\/\/hospirent.com\/Hospirentsv\/wp-json\/wp\/v2\/users\/1"}],"replies":[{"embeddable":true,"href":"https:\/\/hospirent.com\/Hospirentsv\/wp-json\/wp\/v2\/comments?post=1591"}],"version-history":[{"count":19,"href":"https:\/\/hospirent.com\/Hospirentsv\/wp-json\/wp\/v2\/pages\/1591\/revisions"}],"predecessor-version":[{"id":2795,"href":"https:\/\/hospirent.com\/Hospirentsv\/wp-json\/wp\/v2\/pages\/1591\/revisions\/2795"}],"wp:attachment":[{"href":"https:\/\/hospirent.com\/Hospirentsv\/wp-json\/wp\/v2\/media?parent=1591"}],"curies":[{"name":"wp","href":"https:\/\/api.w.org\/{rel}","templated":true}]}}