{"id":1602,"date":"2020-06-22T21:37:22","date_gmt":"2020-06-22T21:37:22","guid":{"rendered":"https:\/\/hospirent.com\/Hospirentsv\/?page_id=1602"},"modified":"2022-04-12T14:49:06","modified_gmt":"2022-04-12T14:49:06","slug":"termometros","status":"publish","type":"page","link":"https:\/\/hospirent.com\/Hospirentsv\/termometros\/","title":{"rendered":"Term\u00f3metros"},"content":{"rendered":"\t\t<div data-elementor-type=\"wp-page\" data-elementor-id=\"1602\" class=\"elementor elementor-1602\">\n\t\t\t\t\t\t<section class=\"elementor-section elementor-top-section elementor-element elementor-element-c2ef624 elementor-section-boxed elementor-section-height-default elementor-section-height-default\" data-id=\"c2ef624\" data-element_type=\"section\" data-e-type=\"section\">\n\t\t\t\t\t\t<div class=\"elementor-container elementor-column-gap-default\">\n\t\t\t\t\t<div class=\"elementor-column elementor-col-25 elementor-top-column elementor-element elementor-element-185a4d2\" data-id=\"185a4d2\" data-element_type=\"column\" data-e-type=\"column\">\n\t\t\t<div class=\"elementor-widget-wrap\">\n\t\t\t\t\t\t\t<\/div>\n\t\t<\/div>\n\t\t\t\t<div class=\"elementor-column elementor-col-25 elementor-top-column elementor-element elementor-element-fb0cc84\" data-id=\"fb0cc84\" data-element_type=\"column\" data-e-type=\"column\">\n\t\t\t<div class=\"elementor-widget-wrap\">\n\t\t\t\t\t\t\t<\/div>\n\t\t<\/div>\n\t\t\t\t<div class=\"elementor-column elementor-col-25 elementor-top-column elementor-element elementor-element-fe2a583\" data-id=\"fe2a583\" data-element_type=\"column\" data-e-type=\"column\">\n\t\t\t<div class=\"elementor-widget-wrap\">\n\t\t\t\t\t\t\t<\/div>\n\t\t<\/div>\n\t\t\t\t<div class=\"elementor-column elementor-col-25 elementor-top-column elementor-element elementor-element-1dce4a3\" data-id=\"1dce4a3\" data-element_type=\"column\" data-e-type=\"column\">\n\t\t\t<div class=\"elementor-widget-wrap elementor-element-populated\">\n\t\t\t\t\t\t<div class=\"elementor-element elementor-element-636da10 elementor-align-center elementor-widget elementor-widget-button\" data-id=\"636da10\" data-element_type=\"widget\" data-e-type=\"widget\" data-widget_type=\"button.default\">\n\t\t\t\t<div class=\"elementor-widget-container\">\n\t\t\t\t\t\t\t\t\t<div class=\"elementor-button-wrapper\">\n\t\t\t\t\t<a class=\"elementor-button elementor-button-link elementor-size-sm\" href=\"https:\/\/hospirent.com\/Hospirentsv\/catalogo-de-productos\/\">\n\t\t\t\t\t\t<span class=\"elementor-button-content-wrapper\">\n\t\t\t\t\t\t<span class=\"elementor-button-icon\">\n\t\t\t\t<i aria-hidden=\"true\" class=\"fas fa-caret-square-left\"><\/i>\t\t\t<\/span>\n\t\t\t\t\t\t\t\t\t<span class=\"elementor-button-text\">Cat\u00e1logo<\/span>\n\t\t\t\t\t<\/span>\n\t\t\t\t\t<\/a>\n\t\t\t\t<\/div>\n\t\t\t\t\t\t\t\t<\/div>\n\t\t\t\t<\/div>\n\t\t\t\t\t<\/div>\n\t\t<\/div>\n\t\t\t\t\t<\/div>\n\t\t<\/section>\n\t\t\t\t<section class=\"elementor-section elementor-top-section elementor-element elementor-element-fdef1fd elementor-section-boxed elementor-section-height-default elementor-section-height-default\" data-id=\"fdef1fd\" data-element_type=\"section\" data-e-type=\"section\" data-settings=\"{&quot;background_background&quot;:&quot;classic&quot;}\">\n\t\t\t\t\t\t<div class=\"elementor-container elementor-column-gap-default\">\n\t\t\t\t\t<div class=\"elementor-column elementor-col-100 elementor-top-column elementor-element elementor-element-f847d2e\" data-id=\"f847d2e\" data-element_type=\"column\" data-e-type=\"column\">\n\t\t\t<div class=\"elementor-widget-wrap elementor-element-populated\">\n\t\t\t\t\t\t<section class=\"elementor-section elementor-inner-section elementor-element elementor-element-9d907b3 elementor-section-boxed elementor-section-height-default elementor-section-height-default\" data-id=\"9d907b3\" data-element_type=\"section\" data-e-type=\"section\">\n\t\t\t\t\t\t<div class=\"elementor-container elementor-column-gap-default\">\n\t\t\t\t\t<div class=\"elementor-column elementor-col-100 elementor-inner-column elementor-element elementor-element-57fbfa6\" data-id=\"57fbfa6\" data-element_type=\"column\" data-e-type=\"column\">\n\t\t\t<div class=\"elementor-widget-wrap elementor-element-populated\">\n\t\t\t\t\t\t<div class=\"elementor-element elementor-element-1a5d93a elementor-widget elementor-widget-heading\" data-id=\"1a5d93a\" data-element_type=\"widget\" data-e-type=\"widget\" data-widget_type=\"heading.default\">\n\t\t\t\t<div class=\"elementor-widget-container\">\n\t\t\t\t\t<h2 class=\"elementor-heading-title elementor-size-default\">Term\u00f3metros<\/h2>\t\t\t\t<\/div>\n\t\t\t\t<\/div>\n\t\t\t\t<div class=\"elementor-element elementor-element-99816fa elementor-position-left elementor-vertical-align-top elementor-widget elementor-widget-image-box\" data-id=\"99816fa\" data-element_type=\"widget\" data-e-type=\"widget\" data-widget_type=\"image-box.default\">\n\t\t\t\t<div class=\"elementor-widget-container\">\n\t\t\t\t\t<div class=\"elementor-image-box-wrapper\"><figure class=\"elementor-image-box-img\"><img fetchpriority=\"high\" decoding=\"async\" width=\"4500\" height=\"4500\" src=\"https:\/\/hospirent.com\/Hospirentsv\/wp-content\/uploads\/2020\/12\/Termometro-frente-1.png\" class=\"attachment-full size-full wp-image-1994\" alt=\"\" srcset=\"https:\/\/hospirent.com\/Hospirentsv\/wp-content\/uploads\/2020\/12\/Termometro-frente-1.png 4500w, https:\/\/hospirent.com\/Hospirentsv\/wp-content\/uploads\/2020\/12\/Termometro-frente-1-300x300.png 300w, https:\/\/hospirent.com\/Hospirentsv\/wp-content\/uploads\/2020\/12\/Termometro-frente-1-1024x1024.png 1024w, https:\/\/hospirent.com\/Hospirentsv\/wp-content\/uploads\/2020\/12\/Termometro-frente-1-150x150.png 150w, https:\/\/hospirent.com\/Hospirentsv\/wp-content\/uploads\/2020\/12\/Termometro-frente-1-768x768.png 768w, https:\/\/hospirent.com\/Hospirentsv\/wp-content\/uploads\/2020\/12\/Termometro-frente-1-1536x1536.png 1536w, https:\/\/hospirent.com\/Hospirentsv\/wp-content\/uploads\/2020\/12\/Termometro-frente-1-2048x2048.png 2048w\" sizes=\"(max-width: 4500px) 100vw, 4500px\" \/><\/figure><div class=\"elementor-image-box-content\"><h3 class=\"elementor-image-box-title\">Term\u00f3metro infrarrojo sin contacto<\/h3><p class=\"elementor-image-box-description\">M\u00e9todo de medici\u00f3n en la frente sin contacto, con alarma autom\u00e1tica por temperatura anormal, luz roja parpadea y sonido.<br>Alta precisi\u00f3n +\/- 0.2 (34 ~ 45 grados C).<br>Medici\u00f3n de temperatura en F\u00ba\/C\u00ba<br>Bateria recargable, via cable usb.<br>Medici\u00f3n r\u00e1pida de 1 segundo.<br>Distancia: 5 - 10 cm.<br>Pantalla digital.<\/p><\/div><\/div>\t\t\t\t<\/div>\n\t\t\t\t<\/div>\n\t\t\t\t<div class=\"elementor-element elementor-element-a789d4b elementor-position-left elementor-vertical-align-top elementor-widget elementor-widget-image-box\" data-id=\"a789d4b\" data-element_type=\"widget\" data-e-type=\"widget\" data-widget_type=\"image-box.default\">\n\t\t\t\t<div class=\"elementor-widget-container\">\n\t\t\t\t\t<div class=\"elementor-image-box-wrapper\"><figure class=\"elementor-image-box-img\"><img decoding=\"async\" width=\"470\" height=\"470\" src=\"https:\/\/hospirent.com\/Hospirentsv\/wp-content\/uploads\/2020\/07\/Termometro4.jpg\" class=\"attachment-full size-full wp-image-1818\" alt=\"\" srcset=\"https:\/\/hospirent.com\/Hospirentsv\/wp-content\/uploads\/2020\/07\/Termometro4.jpg 470w, https:\/\/hospirent.com\/Hospirentsv\/wp-content\/uploads\/2020\/07\/Termometro4-300x300.jpg 300w, https:\/\/hospirent.com\/Hospirentsv\/wp-content\/uploads\/2020\/07\/Termometro4-150x150.jpg 150w\" sizes=\"(max-width: 470px) 100vw, 470px\" \/><\/figure><div class=\"elementor-image-box-content\"><h3 class=\"elementor-image-box-title\">Term\u00f3metro infrarrojo<\/h3><p class=\"elementor-image-box-description\">Rango de medici\u00f3n: 32-42.9\u00baC (90-109\u00baF).<br>Rango de medici\u00f3n de 5-15cm.<br>Tiempo de medici\u00f3n 1 segundo.<br>Utiliza 2 bater\u00edas AAA.<br>Apagado autom\u00e1tico 20 segundos.<br>No incluye bater\u00edas.\n<\/p><\/div><\/div>\t\t\t\t<\/div>\n\t\t\t\t<\/div>\n\t\t\t\t<div class=\"elementor-element elementor-element-7c18970 elementor-position-left elementor-vertical-align-top elementor-widget elementor-widget-image-box\" data-id=\"7c18970\" data-element_type=\"widget\" data-e-type=\"widget\" data-widget_type=\"image-box.default\">\n\t\t\t\t<div class=\"elementor-widget-container\">\n\t\t\t\t\t<div class=\"elementor-image-box-wrapper\"><figure class=\"elementor-image-box-img\"><img decoding=\"async\" width=\"1280\" height=\"1280\" src=\"https:\/\/hospirent.com\/Hospirentsv\/wp-content\/uploads\/2022\/04\/Termometro-Veridian.png\" class=\"attachment-full size-full wp-image-2776\" alt=\"\" srcset=\"https:\/\/hospirent.com\/Hospirentsv\/wp-content\/uploads\/2022\/04\/Termometro-Veridian.png 1280w, https:\/\/hospirent.com\/Hospirentsv\/wp-content\/uploads\/2022\/04\/Termometro-Veridian-300x300.png 300w, https:\/\/hospirent.com\/Hospirentsv\/wp-content\/uploads\/2022\/04\/Termometro-Veridian-1024x1024.png 1024w, https:\/\/hospirent.com\/Hospirentsv\/wp-content\/uploads\/2022\/04\/Termometro-Veridian-150x150.png 150w, https:\/\/hospirent.com\/Hospirentsv\/wp-content\/uploads\/2022\/04\/Termometro-Veridian-768x768.png 768w\" sizes=\"(max-width: 1280px) 100vw, 1280px\" \/><\/figure><div class=\"elementor-image-box-content\"><h3 class=\"elementor-image-box-title\">Term\u00f3metro Veridian<\/h3><p class=\"elementor-image-box-description\">Practicas mediciones a doble escala, Fahrenheit\/Celsius.<br>Mediciones ultrarr\u00e1pidas de 9 segundos.<br>Uso oral, rectal o axilar.<br>Recuperaci\u00f3n de la memoria de la ultima lectura.<br>Alerta de fiebre para temperaturas superiores a 99,5\u00b0F.<br>Apagado autom\u00e1tico e indicador de bater\u00eda baja.<br>Resistente al agua para una f\u00e1cil limpieza.<br>Punta flexible.\n<\/p><\/div><\/div>\t\t\t\t<\/div>\n\t\t\t\t<\/div>\n\t\t\t\t<div class=\"elementor-element elementor-element-6266ef3 elementor-position-left elementor-vertical-align-top elementor-widget elementor-widget-image-box\" data-id=\"6266ef3\" data-element_type=\"widget\" data-e-type=\"widget\" data-widget_type=\"image-box.default\">\n\t\t\t\t<div class=\"elementor-widget-container\">\n\t\t\t\t\t<div class=\"elementor-image-box-wrapper\"><figure class=\"elementor-image-box-img\"><img loading=\"lazy\" decoding=\"async\" width=\"470\" height=\"470\" src=\"https:\/\/hospirent.com\/Hospirentsv\/wp-content\/uploads\/2020\/05\/Termometro2.jpg\" class=\"attachment-full size-full wp-image-1077\" alt=\"\" srcset=\"https:\/\/hospirent.com\/Hospirentsv\/wp-content\/uploads\/2020\/05\/Termometro2.jpg 470w, https:\/\/hospirent.com\/Hospirentsv\/wp-content\/uploads\/2020\/05\/Termometro2-300x300.jpg 300w, https:\/\/hospirent.com\/Hospirentsv\/wp-content\/uploads\/2020\/05\/Termometro2-150x150.jpg 150w\" sizes=\"(max-width: 470px) 100vw, 470px\" \/><\/figure><div class=\"elementor-image-box-content\"><h3 class=\"elementor-image-box-title\">Term\u00f3metro digital<\/h3><p class=\"elementor-image-box-description\">Resistente al agua.<br>Resultados en 10 segundos.<br>Pantalla iluminada.<br>Memorizaci\u00f3n del \u00faltimo resultado.\n<\/p><\/div><\/div>\t\t\t\t<\/div>\n\t\t\t\t<\/div>\n\t\t\t\t<div class=\"elementor-element elementor-element-17014b4 elementor-position-left elementor-vertical-align-top elementor-widget elementor-widget-image-box\" data-id=\"17014b4\" data-element_type=\"widget\" data-e-type=\"widget\" data-widget_type=\"image-box.default\">\n\t\t\t\t<div class=\"elementor-widget-container\">\n\t\t\t\t\t<div class=\"elementor-image-box-wrapper\"><figure class=\"elementor-image-box-img\"><img loading=\"lazy\" decoding=\"async\" width=\"470\" height=\"470\" src=\"https:\/\/hospirent.com\/Hospirentsv\/wp-content\/uploads\/2020\/05\/Termometro3.jpg\" class=\"attachment-full size-full wp-image-1078\" alt=\"\" srcset=\"https:\/\/hospirent.com\/Hospirentsv\/wp-content\/uploads\/2020\/05\/Termometro3.jpg 470w, https:\/\/hospirent.com\/Hospirentsv\/wp-content\/uploads\/2020\/05\/Termometro3-300x300.jpg 300w, https:\/\/hospirent.com\/Hospirentsv\/wp-content\/uploads\/2020\/05\/Termometro3-150x150.jpg 150w\" sizes=\"(max-width: 470px) 100vw, 470px\" \/><\/figure><div class=\"elementor-image-box-content\"><h3 class=\"elementor-image-box-title\">Term\u00f3metro digital<\/h3><p class=\"elementor-image-box-description\">Resistente al agua.<br>Resultados en 10 segundos.<br>Pantalla iluminada.<br>Memorizaci\u00f3n del \u00faltimo resultado.\n<\/p><\/div><\/div>\t\t\t\t<\/div>\n\t\t\t\t<\/div>\n\t\t\t\t\t<\/div>\n\t\t<\/div>\n\t\t\t\t\t<\/div>\n\t\t<\/section>\n\t\t\t\t\t<\/div>\n\t\t<\/div>\n\t\t\t\t\t<\/div>\n\t\t<\/section>\n\t\t\t\t<\/div>\n\t\t","protected":false},"excerpt":{"rendered":"<p>Cat\u00e1logo Term\u00f3metros Term\u00f3metro infrarrojo sin contacto M\u00e9todo de medici\u00f3n en la frente sin contacto, con alarma autom\u00e1tica por temperatura anormal, luz roja parpadea y sonido.Alta precisi\u00f3n +\/- 0.2 (34 ~ 45 grados C).Medici\u00f3n de temperatura en F\u00ba\/C\u00baBateria recargable, via cable usb.Medici\u00f3n r\u00e1pida de 1 segundo.Distancia: 5 &#8211; 10 cm.Pantalla digital. Term\u00f3metro infrarrojo Rango de medici\u00f3n: &hellip;<\/p>\n<p class=\"read-more\"> <a class=\"\" href=\"https:\/\/hospirent.com\/Hospirentsv\/termometros\/\"> <span class=\"screen-reader-text\">Term\u00f3metros<\/span> Leer m\u00e1s &raquo;<\/a><\/p>\n","protected":false},"author":1,"featured_media":0,"parent":0,"menu_order":0,"comment_status":"closed","ping_status":"closed","template":"","meta":{"site-sidebar-layout":"default","site-content-layout":"default","ast-global-header-display":"","ast-main-header-display":"","ast-hfb-above-header-display":"","ast-hfb-below-header-display":"","ast-hfb-mobile-header-display":"","site-post-title":"","ast-breadcrumbs-content":"","ast-featured-img":"","footer-sml-layout":"","theme-transparent-header-meta":"","adv-header-id-meta":"","stick-header-meta":"","header-above-stick-meta":"","header-main-stick-meta":"","header-below-stick-meta":"","_joinchat":[],"footnotes":""},"class_list":["post-1602","page","type-page","status-publish","hentry"],"_links":{"self":[{"href":"https:\/\/hospirent.com\/Hospirentsv\/wp-json\/wp\/v2\/pages\/1602","targetHints":{"allow":["GET"]}}],"collection":[{"href":"https:\/\/hospirent.com\/Hospirentsv\/wp-json\/wp\/v2\/pages"}],"about":[{"href":"https:\/\/hospirent.com\/Hospirentsv\/wp-json\/wp\/v2\/types\/page"}],"author":[{"embeddable":true,"href":"https:\/\/hospirent.com\/Hospirentsv\/wp-json\/wp\/v2\/users\/1"}],"replies":[{"embeddable":true,"href":"https:\/\/hospirent.com\/Hospirentsv\/wp-json\/wp\/v2\/comments?post=1602"}],"version-history":[{"count":14,"href":"https:\/\/hospirent.com\/Hospirentsv\/wp-json\/wp\/v2\/pages\/1602\/revisions"}],"predecessor-version":[{"id":2779,"href":"https:\/\/hospirent.com\/Hospirentsv\/wp-json\/wp\/v2\/pages\/1602\/revisions\/2779"}],"wp:attachment":[{"href":"https:\/\/hospirent.com\/Hospirentsv\/wp-json\/wp\/v2\/media?parent=1602"}],"curies":[{"name":"wp","href":"https:\/\/api.w.org\/{rel}","templated":true}]}}