{"id":1614,"date":"2020-06-22T21:52:11","date_gmt":"2020-06-22T21:52:11","guid":{"rendered":"https:\/\/hospirent.com\/Hospirentsv\/?page_id=1614"},"modified":"2022-04-22T16:48:23","modified_gmt":"2022-04-22T16:48:23","slug":"masajeadores-electricos","status":"publish","type":"page","link":"https:\/\/hospirent.com\/Hospirentsv\/masajeadores-electricos\/","title":{"rendered":"Masajeadores El\u00e9ctricos"},"content":{"rendered":"\t\t<div data-elementor-type=\"wp-page\" data-elementor-id=\"1614\" class=\"elementor elementor-1614\">\n\t\t\t\t\t\t<section class=\"elementor-section elementor-top-section elementor-element elementor-element-d719830 elementor-section-boxed elementor-section-height-default elementor-section-height-default\" data-id=\"d719830\" data-element_type=\"section\" data-e-type=\"section\">\n\t\t\t\t\t\t<div class=\"elementor-container elementor-column-gap-default\">\n\t\t\t\t\t<div class=\"elementor-column elementor-col-25 elementor-top-column elementor-element elementor-element-ef01f77\" data-id=\"ef01f77\" data-element_type=\"column\" data-e-type=\"column\">\n\t\t\t<div class=\"elementor-widget-wrap\">\n\t\t\t\t\t\t\t<\/div>\n\t\t<\/div>\n\t\t\t\t<div class=\"elementor-column elementor-col-25 elementor-top-column elementor-element elementor-element-bf31210\" data-id=\"bf31210\" data-element_type=\"column\" data-e-type=\"column\">\n\t\t\t<div class=\"elementor-widget-wrap\">\n\t\t\t\t\t\t\t<\/div>\n\t\t<\/div>\n\t\t\t\t<div class=\"elementor-column elementor-col-25 elementor-top-column elementor-element elementor-element-9247818\" data-id=\"9247818\" data-element_type=\"column\" data-e-type=\"column\">\n\t\t\t<div class=\"elementor-widget-wrap\">\n\t\t\t\t\t\t\t<\/div>\n\t\t<\/div>\n\t\t\t\t<div class=\"elementor-column elementor-col-25 elementor-top-column elementor-element elementor-element-d1d635f\" data-id=\"d1d635f\" data-element_type=\"column\" data-e-type=\"column\">\n\t\t\t<div class=\"elementor-widget-wrap elementor-element-populated\">\n\t\t\t\t\t\t<div class=\"elementor-element elementor-element-ebbacf5 elementor-align-center elementor-widget elementor-widget-button\" data-id=\"ebbacf5\" data-element_type=\"widget\" data-e-type=\"widget\" data-widget_type=\"button.default\">\n\t\t\t\t<div class=\"elementor-widget-container\">\n\t\t\t\t\t\t\t\t\t<div class=\"elementor-button-wrapper\">\n\t\t\t\t\t<a class=\"elementor-button elementor-button-link elementor-size-sm\" href=\"https:\/\/hospirent.com\/Hospirentsv\/catalogo-de-productos\/\">\n\t\t\t\t\t\t<span class=\"elementor-button-content-wrapper\">\n\t\t\t\t\t\t<span class=\"elementor-button-icon\">\n\t\t\t\t<i aria-hidden=\"true\" class=\"fas fa-caret-square-left\"><\/i>\t\t\t<\/span>\n\t\t\t\t\t\t\t\t\t<span class=\"elementor-button-text\">Cat\u00e1logo<\/span>\n\t\t\t\t\t<\/span>\n\t\t\t\t\t<\/a>\n\t\t\t\t<\/div>\n\t\t\t\t\t\t\t\t<\/div>\n\t\t\t\t<\/div>\n\t\t\t\t\t<\/div>\n\t\t<\/div>\n\t\t\t\t\t<\/div>\n\t\t<\/section>\n\t\t\t\t<section class=\"elementor-section elementor-top-section elementor-element elementor-element-dfb5c6c elementor-section-boxed elementor-section-height-default elementor-section-height-default\" data-id=\"dfb5c6c\" data-element_type=\"section\" data-e-type=\"section\" data-settings=\"{&quot;background_background&quot;:&quot;classic&quot;}\">\n\t\t\t\t\t\t<div class=\"elementor-container elementor-column-gap-default\">\n\t\t\t\t\t<div class=\"elementor-column elementor-col-100 elementor-top-column elementor-element elementor-element-c28ed52\" data-id=\"c28ed52\" data-element_type=\"column\" data-e-type=\"column\">\n\t\t\t<div class=\"elementor-widget-wrap elementor-element-populated\">\n\t\t\t\t\t\t<section class=\"elementor-section elementor-inner-section elementor-element elementor-element-9259791 elementor-section-boxed elementor-section-height-default elementor-section-height-default\" data-id=\"9259791\" data-element_type=\"section\" data-e-type=\"section\">\n\t\t\t\t\t\t<div class=\"elementor-container elementor-column-gap-default\">\n\t\t\t\t\t<div class=\"elementor-column elementor-col-100 elementor-inner-column elementor-element elementor-element-fe9ed35\" data-id=\"fe9ed35\" data-element_type=\"column\" data-e-type=\"column\">\n\t\t\t<div class=\"elementor-widget-wrap elementor-element-populated\">\n\t\t\t\t\t\t<div class=\"elementor-element elementor-element-2c7e328 elementor-widget elementor-widget-heading\" data-id=\"2c7e328\" data-element_type=\"widget\" data-e-type=\"widget\" data-widget_type=\"heading.default\">\n\t\t\t\t<div class=\"elementor-widget-container\">\n\t\t\t\t\t<h2 class=\"elementor-heading-title elementor-size-default\">Masajeadores el\u00e9ctricos<\/h2>\t\t\t\t<\/div>\n\t\t\t\t<\/div>\n\t\t\t\t<div class=\"elementor-element elementor-element-78d7172 elementor-position-left elementor-vertical-align-top elementor-widget elementor-widget-image-box\" data-id=\"78d7172\" data-element_type=\"widget\" data-e-type=\"widget\" data-widget_type=\"image-box.default\">\n\t\t\t\t<div class=\"elementor-widget-container\">\n\t\t\t\t\t<div class=\"elementor-image-box-wrapper\"><figure class=\"elementor-image-box-img\"><img fetchpriority=\"high\" decoding=\"async\" width=\"470\" height=\"470\" src=\"https:\/\/hospirent.com\/Hospirentsv\/wp-content\/uploads\/2021\/02\/masajeador3.png\" class=\"attachment-full size-full wp-image-2011\" alt=\"\" srcset=\"https:\/\/hospirent.com\/Hospirentsv\/wp-content\/uploads\/2021\/02\/masajeador3.png 470w, https:\/\/hospirent.com\/Hospirentsv\/wp-content\/uploads\/2021\/02\/masajeador3-300x300.png 300w, https:\/\/hospirent.com\/Hospirentsv\/wp-content\/uploads\/2021\/02\/masajeador3-150x150.png 150w\" sizes=\"(max-width: 470px) 100vw, 470px\" \/><\/figure><div class=\"elementor-image-box-content\"><h3 class=\"elementor-image-box-title\">Masajeador de delf\u00edn<\/h3><p class=\"elementor-image-box-description\">Brinda masaje vibratorio que mejora la circulaci\u00f3n sangu\u00ednea y mantiene el tono de todo el cuerpo, ayudar\u00e1 a relajar los m\u00fasculos, aliviar la tensi\u00f3n y la fatiga.<br>Ideal para masajes con movimientos circulares, longitudinales y transversales.<br>Alimentado por bater\u00edas 2 AA, incluidas.<br>Etapas para un masaje:<br>- M\u00fasculos pectorales y abdomen, 1-2 min.<br>- Regi\u00f3n lumbar y p\u00e9lvica, 2-3 min.<br>- Hombros y espalda, 3-5 min.<br>- Piernas y pies, 2-3 min.<br>- Manos, 1-2 min.\n<\/p><\/div><\/div>\t\t\t\t<\/div>\n\t\t\t\t<\/div>\n\t\t\t\t<div class=\"elementor-element elementor-element-a5e99ee elementor-position-left elementor-vertical-align-top elementor-widget elementor-widget-image-box\" data-id=\"a5e99ee\" data-element_type=\"widget\" data-e-type=\"widget\" data-widget_type=\"image-box.default\">\n\t\t\t\t<div class=\"elementor-widget-container\">\n\t\t\t\t\t<div class=\"elementor-image-box-wrapper\"><figure class=\"elementor-image-box-img\"><img decoding=\"async\" width=\"470\" height=\"470\" src=\"https:\/\/hospirent.com\/Hospirentsv\/wp-content\/uploads\/2021\/02\/masajeador4.png\" class=\"attachment-full size-full wp-image-2012\" alt=\"\" srcset=\"https:\/\/hospirent.com\/Hospirentsv\/wp-content\/uploads\/2021\/02\/masajeador4.png 470w, https:\/\/hospirent.com\/Hospirentsv\/wp-content\/uploads\/2021\/02\/masajeador4-300x300.png 300w, https:\/\/hospirent.com\/Hospirentsv\/wp-content\/uploads\/2021\/02\/masajeador4-150x150.png 150w\" sizes=\"(max-width: 470px) 100vw, 470px\" \/><\/figure><div class=\"elementor-image-box-content\"><h3 class=\"elementor-image-box-title\">Masajeador de martillo<\/h3><p class=\"elementor-image-box-description\">Masajeador de tres cabezales que proporcionan varios m\u00e9todos de masaje, para cabeza, cuerpo y cara.<br>Eliminaci\u00f3n r\u00e1pida de dolores de cabeza y mareos.<br>Interruptor deslizante de modos fuerte \/ d\u00e9bil.<br>Fuente de alimentaci\u00f3n de tipo usb.<br>Dispositivo operado manualmente.\n<\/p><\/div><\/div>\t\t\t\t<\/div>\n\t\t\t\t<\/div>\n\t\t\t\t<div class=\"elementor-element elementor-element-8a06103 elementor-position-left elementor-vertical-align-top elementor-widget elementor-widget-image-box\" data-id=\"8a06103\" data-element_type=\"widget\" data-e-type=\"widget\" data-widget_type=\"image-box.default\">\n\t\t\t\t<div class=\"elementor-widget-container\">\n\t\t\t\t\t<div class=\"elementor-image-box-wrapper\"><figure class=\"elementor-image-box-img\"><img decoding=\"async\" width=\"4500\" height=\"4500\" src=\"https:\/\/hospirent.com\/Hospirentsv\/wp-content\/uploads\/2022\/04\/Masajeador-de-percusion-con-calor.png\" class=\"attachment-full size-full wp-image-3606\" alt=\"\" srcset=\"https:\/\/hospirent.com\/Hospirentsv\/wp-content\/uploads\/2022\/04\/Masajeador-de-percusion-con-calor.png 4500w, https:\/\/hospirent.com\/Hospirentsv\/wp-content\/uploads\/2022\/04\/Masajeador-de-percusion-con-calor-300x300.png 300w, https:\/\/hospirent.com\/Hospirentsv\/wp-content\/uploads\/2022\/04\/Masajeador-de-percusion-con-calor-1024x1024.png 1024w, https:\/\/hospirent.com\/Hospirentsv\/wp-content\/uploads\/2022\/04\/Masajeador-de-percusion-con-calor-150x150.png 150w, https:\/\/hospirent.com\/Hospirentsv\/wp-content\/uploads\/2022\/04\/Masajeador-de-percusion-con-calor-768x768.png 768w, https:\/\/hospirent.com\/Hospirentsv\/wp-content\/uploads\/2022\/04\/Masajeador-de-percusion-con-calor-1536x1536.png 1536w\" sizes=\"(max-width: 4500px) 100vw, 4500px\" \/><\/figure><div class=\"elementor-image-box-content\"><h3 class=\"elementor-image-box-title\">Masajeador de percusi\u00f3n con calor<\/h3><p class=\"elementor-image-box-description\">Ideal para eliminar nudos musculares y aliviar el dolor con calor relajante.<br>2 velocidades: masaje suave o masaje vigoroso.<br>2 juegos de nodos de masaje intercambiables.<br>El calor promueve la circulaci\u00f3n sangu\u00ednea.<br>Dise\u00f1o liviano para una f\u00e1cil operaci\u00f3n.<\/p><\/div><\/div>\t\t\t\t<\/div>\n\t\t\t\t<\/div>\n\t\t\t\t<div class=\"elementor-element elementor-element-f29d262 elementor-position-left elementor-vertical-align-top elementor-widget elementor-widget-image-box\" data-id=\"f29d262\" data-element_type=\"widget\" data-e-type=\"widget\" data-widget_type=\"image-box.default\">\n\t\t\t\t<div class=\"elementor-widget-container\">\n\t\t\t\t\t<div class=\"elementor-image-box-wrapper\"><figure class=\"elementor-image-box-img\"><img loading=\"lazy\" decoding=\"async\" width=\"470\" height=\"470\" src=\"https:\/\/hospirent.com\/Hospirentsv\/wp-content\/uploads\/2020\/05\/masajeador1.jpg\" class=\"attachment-full size-full wp-image-1246\" alt=\"\" srcset=\"https:\/\/hospirent.com\/Hospirentsv\/wp-content\/uploads\/2020\/05\/masajeador1.jpg 470w, https:\/\/hospirent.com\/Hospirentsv\/wp-content\/uploads\/2020\/05\/masajeador1-300x300.jpg 300w, https:\/\/hospirent.com\/Hospirentsv\/wp-content\/uploads\/2020\/05\/masajeador1-150x150.jpg 150w\" sizes=\"(max-width: 470px) 100vw, 470px\" \/><\/figure><div class=\"elementor-image-box-content\"><h3 class=\"elementor-image-box-title\">Masajeador electr\u00f3nico<\/h3><p class=\"elementor-image-box-description\">Soluci\u00f3n para disipar la fatiga y el estr\u00e9s del cuerpo.<br>Con un dise\u00f1o inteligente, compacto y sencillo.<br>C\u00f3modo y muy eficaz.<br>El dise\u00f1o de la manija arco peque\u00f1o que le ayude al auto masaje por s\u00ed mismos, incluso en una posici\u00f3n dif\u00edcil.<br>20w tipo de masaje alimentaci\u00f3n de la m\u00e1quina.<br>Material de resina pura, pl\u00e1stico durable.<br>Cuenta con 3 vibraci\u00f3n velocidad: duro, medio y suave.<br>Dise\u00f1o en forma de delf\u00edn.\n<\/p><\/div><\/div>\t\t\t\t<\/div>\n\t\t\t\t<\/div>\n\t\t\t\t<div class=\"elementor-element elementor-element-f79900f elementor-position-left elementor-vertical-align-top elementor-widget elementor-widget-image-box\" data-id=\"f79900f\" data-element_type=\"widget\" data-e-type=\"widget\" data-widget_type=\"image-box.default\">\n\t\t\t\t<div class=\"elementor-widget-container\">\n\t\t\t\t\t<div class=\"elementor-image-box-wrapper\"><figure class=\"elementor-image-box-img\"><img loading=\"lazy\" decoding=\"async\" width=\"470\" height=\"470\" src=\"https:\/\/hospirent.com\/Hospirentsv\/wp-content\/uploads\/2020\/05\/masajeador2.jpg\" class=\"attachment-full size-full wp-image-1245\" alt=\"\" srcset=\"https:\/\/hospirent.com\/Hospirentsv\/wp-content\/uploads\/2020\/05\/masajeador2.jpg 470w, https:\/\/hospirent.com\/Hospirentsv\/wp-content\/uploads\/2020\/05\/masajeador2-300x300.jpg 300w, https:\/\/hospirent.com\/Hospirentsv\/wp-content\/uploads\/2020\/05\/masajeador2-150x150.jpg 150w\" sizes=\"(max-width: 470px) 100vw, 470px\" \/><\/figure><div class=\"elementor-image-box-content\"><h3 class=\"elementor-image-box-title\">Mini masajeador electr\u00f3nico<\/h3><p class=\"elementor-image-box-description\">Estimula la circulaci\u00f3n sangu\u00ednea.<br>Base de la mano de relajaci\u00f3n.<br>Es de tama\u00f1o peque\u00f1o y f\u00e1cil de transportar.<br>Vibratorio esfera.<br>Usa tres bater\u00edas AAA.<br>Se puede conectar al puerto USB de su PC.<br>Material de ABS.<\/p><\/div><\/div>\t\t\t\t<\/div>\n\t\t\t\t<\/div>\n\t\t\t\t\t<\/div>\n\t\t<\/div>\n\t\t\t\t\t<\/div>\n\t\t<\/section>\n\t\t\t\t\t<\/div>\n\t\t<\/div>\n\t\t\t\t\t<\/div>\n\t\t<\/section>\n\t\t\t\t<\/div>\n\t\t","protected":false},"excerpt":{"rendered":"<p>Cat\u00e1logo Masajeadores el\u00e9ctricos Masajeador de delf\u00edn Brinda masaje vibratorio que mejora la circulaci\u00f3n sangu\u00ednea y mantiene el tono de todo el cuerpo, ayudar\u00e1 a relajar los m\u00fasculos, aliviar la tensi\u00f3n y la fatiga.Ideal para masajes con movimientos circulares, longitudinales y transversales.Alimentado por bater\u00edas 2 AA, incluidas.Etapas para un masaje:&#8211; M\u00fasculos pectorales y abdomen, 1-2 min.&#8211; &hellip;<\/p>\n<p class=\"read-more\"> <a class=\"\" href=\"https:\/\/hospirent.com\/Hospirentsv\/masajeadores-electricos\/\"> <span class=\"screen-reader-text\">Masajeadores El\u00e9ctricos<\/span> Leer m\u00e1s &raquo;<\/a><\/p>\n","protected":false},"author":1,"featured_media":0,"parent":0,"menu_order":0,"comment_status":"closed","ping_status":"closed","template":"","meta":{"site-sidebar-layout":"default","site-content-layout":"default","ast-global-header-display":"","ast-main-header-display":"","ast-hfb-above-header-display":"","ast-hfb-below-header-display":"","ast-hfb-mobile-header-display":"","site-post-title":"","ast-breadcrumbs-content":"","ast-featured-img":"","footer-sml-layout":"","theme-transparent-header-meta":"","adv-header-id-meta":"","stick-header-meta":"","header-above-stick-meta":"","header-main-stick-meta":"","header-below-stick-meta":"","_joinchat":[],"footnotes":""},"class_list":["post-1614","page","type-page","status-publish","hentry"],"_links":{"self":[{"href":"https:\/\/hospirent.com\/Hospirentsv\/wp-json\/wp\/v2\/pages\/1614","targetHints":{"allow":["GET"]}}],"collection":[{"href":"https:\/\/hospirent.com\/Hospirentsv\/wp-json\/wp\/v2\/pages"}],"about":[{"href":"https:\/\/hospirent.com\/Hospirentsv\/wp-json\/wp\/v2\/types\/page"}],"author":[{"embeddable":true,"href":"https:\/\/hospirent.com\/Hospirentsv\/wp-json\/wp\/v2\/users\/1"}],"replies":[{"embeddable":true,"href":"https:\/\/hospirent.com\/Hospirentsv\/wp-json\/wp\/v2\/comments?post=1614"}],"version-history":[{"count":15,"href":"https:\/\/hospirent.com\/Hospirentsv\/wp-json\/wp\/v2\/pages\/1614\/revisions"}],"predecessor-version":[{"id":3612,"href":"https:\/\/hospirent.com\/Hospirentsv\/wp-json\/wp\/v2\/pages\/1614\/revisions\/3612"}],"wp:attachment":[{"href":"https:\/\/hospirent.com\/Hospirentsv\/wp-json\/wp\/v2\/media?parent=1614"}],"curies":[{"name":"wp","href":"https:\/\/api.w.org\/{rel}","templated":true}]}}