{"id":1628,"date":"2020-06-22T22:02:59","date_gmt":"2020-06-22T22:02:59","guid":{"rendered":"https:\/\/hospirent.com\/Hospirentsv\/?page_id=1628"},"modified":"2022-04-22T16:51:01","modified_gmt":"2022-04-22T16:51:01","slug":"aspirador-de-secreciones","status":"publish","type":"page","link":"https:\/\/hospirent.com\/Hospirentsv\/aspirador-de-secreciones\/","title":{"rendered":"Aspirador de secreciones"},"content":{"rendered":"\t\t<div data-elementor-type=\"wp-page\" data-elementor-id=\"1628\" class=\"elementor elementor-1628\">\n\t\t\t\t\t\t<section class=\"elementor-section elementor-top-section elementor-element elementor-element-aca7db9 elementor-section-boxed elementor-section-height-default elementor-section-height-default\" data-id=\"aca7db9\" data-element_type=\"section\" data-e-type=\"section\">\n\t\t\t\t\t\t<div class=\"elementor-container elementor-column-gap-default\">\n\t\t\t\t\t<div class=\"elementor-column elementor-col-25 elementor-top-column elementor-element elementor-element-3c367fc\" data-id=\"3c367fc\" data-element_type=\"column\" data-e-type=\"column\">\n\t\t\t<div class=\"elementor-widget-wrap\">\n\t\t\t\t\t\t\t<\/div>\n\t\t<\/div>\n\t\t\t\t<div class=\"elementor-column elementor-col-25 elementor-top-column elementor-element elementor-element-97fb460\" data-id=\"97fb460\" data-element_type=\"column\" data-e-type=\"column\">\n\t\t\t<div class=\"elementor-widget-wrap\">\n\t\t\t\t\t\t\t<\/div>\n\t\t<\/div>\n\t\t\t\t<div class=\"elementor-column elementor-col-25 elementor-top-column elementor-element elementor-element-96ee6c7\" data-id=\"96ee6c7\" data-element_type=\"column\" data-e-type=\"column\">\n\t\t\t<div class=\"elementor-widget-wrap\">\n\t\t\t\t\t\t\t<\/div>\n\t\t<\/div>\n\t\t\t\t<div class=\"elementor-column elementor-col-25 elementor-top-column elementor-element elementor-element-eca43bd\" data-id=\"eca43bd\" data-element_type=\"column\" data-e-type=\"column\">\n\t\t\t<div class=\"elementor-widget-wrap elementor-element-populated\">\n\t\t\t\t\t\t<div class=\"elementor-element elementor-element-c4fb537 elementor-align-center elementor-widget elementor-widget-button\" data-id=\"c4fb537\" data-element_type=\"widget\" data-e-type=\"widget\" data-widget_type=\"button.default\">\n\t\t\t\t<div class=\"elementor-widget-container\">\n\t\t\t\t\t\t\t\t\t<div class=\"elementor-button-wrapper\">\n\t\t\t\t\t<a class=\"elementor-button elementor-button-link elementor-size-sm\" href=\"https:\/\/hospirent.com\/Hospirentsv\/catalogo-de-productos\/\">\n\t\t\t\t\t\t<span class=\"elementor-button-content-wrapper\">\n\t\t\t\t\t\t<span class=\"elementor-button-icon\">\n\t\t\t\t<i aria-hidden=\"true\" class=\"fas fa-caret-square-left\"><\/i>\t\t\t<\/span>\n\t\t\t\t\t\t\t\t\t<span class=\"elementor-button-text\">Cat\u00e1logo<\/span>\n\t\t\t\t\t<\/span>\n\t\t\t\t\t<\/a>\n\t\t\t\t<\/div>\n\t\t\t\t\t\t\t\t<\/div>\n\t\t\t\t<\/div>\n\t\t\t\t\t<\/div>\n\t\t<\/div>\n\t\t\t\t\t<\/div>\n\t\t<\/section>\n\t\t\t\t<section class=\"elementor-section elementor-top-section elementor-element elementor-element-c15a646 elementor-section-boxed elementor-section-height-default elementor-section-height-default\" data-id=\"c15a646\" data-element_type=\"section\" data-e-type=\"section\" data-settings=\"{&quot;background_background&quot;:&quot;classic&quot;}\">\n\t\t\t\t\t\t<div class=\"elementor-container elementor-column-gap-default\">\n\t\t\t\t\t<div class=\"elementor-column elementor-col-100 elementor-top-column elementor-element elementor-element-136d12f\" data-id=\"136d12f\" data-element_type=\"column\" data-e-type=\"column\">\n\t\t\t<div class=\"elementor-widget-wrap elementor-element-populated\">\n\t\t\t\t\t\t<section class=\"elementor-section elementor-inner-section elementor-element elementor-element-8768eaa elementor-section-boxed elementor-section-height-default elementor-section-height-default\" data-id=\"8768eaa\" data-element_type=\"section\" data-e-type=\"section\">\n\t\t\t\t\t\t<div class=\"elementor-container elementor-column-gap-default\">\n\t\t\t\t\t<div class=\"elementor-column elementor-col-100 elementor-inner-column elementor-element elementor-element-ea36b2f\" data-id=\"ea36b2f\" data-element_type=\"column\" data-e-type=\"column\">\n\t\t\t<div class=\"elementor-widget-wrap elementor-element-populated\">\n\t\t\t\t\t\t<div class=\"elementor-element elementor-element-980dbde elementor-widget elementor-widget-heading\" data-id=\"980dbde\" data-element_type=\"widget\" data-e-type=\"widget\" data-widget_type=\"heading.default\">\n\t\t\t\t<div class=\"elementor-widget-container\">\n\t\t\t\t\t<h2 class=\"elementor-heading-title elementor-size-default\">Aspirador de secreciones<\/h2>\t\t\t\t<\/div>\n\t\t\t\t<\/div>\n\t\t\t\t<div class=\"elementor-element elementor-element-c5da996 elementor-position-left elementor-vertical-align-top elementor-widget elementor-widget-image-box\" data-id=\"c5da996\" data-element_type=\"widget\" data-e-type=\"widget\" data-widget_type=\"image-box.default\">\n\t\t\t\t<div class=\"elementor-widget-container\">\n\t\t\t\t\t<div class=\"elementor-image-box-wrapper\"><figure class=\"elementor-image-box-img\"><img fetchpriority=\"high\" decoding=\"async\" width=\"470\" height=\"470\" src=\"https:\/\/hospirent.com\/Hospirentsv\/wp-content\/uploads\/2020\/05\/aspirador1.jpg\" class=\"attachment-full size-full wp-image-1205\" alt=\"\" srcset=\"https:\/\/hospirent.com\/Hospirentsv\/wp-content\/uploads\/2020\/05\/aspirador1.jpg 470w, https:\/\/hospirent.com\/Hospirentsv\/wp-content\/uploads\/2020\/05\/aspirador1-300x300.jpg 300w, https:\/\/hospirent.com\/Hospirentsv\/wp-content\/uploads\/2020\/05\/aspirador1-150x150.jpg 150w\" sizes=\"(max-width: 470px) 100vw, 470px\" \/><\/figure><div class=\"elementor-image-box-content\"><h3 class=\"elementor-image-box-title\">Aspirador de secreciones portatil<\/h3><p class=\"elementor-image-box-description\">Perfecto para el carro de urgencia hospitalaria, el transporte del paciente, copia de seguridad de centros quir\u00fargicos.<br>Cumple con el m\u00e1ximo recomendado para reducir la aspiraci\u00f3n neonatal y pedi\u00e1trica.<br>Un gran mango de f\u00e1cil agarre y ligero.<br>Bater\u00eda de respaldo.<br>Indicador de nivel de bater\u00eda claramente etiquetado.\n<\/p><\/div><\/div>\t\t\t\t<\/div>\n\t\t\t\t<\/div>\n\t\t\t\t<div class=\"elementor-element elementor-element-23a1b2f elementor-position-left elementor-vertical-align-top elementor-widget elementor-widget-image-box\" data-id=\"23a1b2f\" data-element_type=\"widget\" data-e-type=\"widget\" data-widget_type=\"image-box.default\">\n\t\t\t\t<div class=\"elementor-widget-container\">\n\t\t\t\t\t<div class=\"elementor-image-box-wrapper\"><figure class=\"elementor-image-box-img\"><img decoding=\"async\" width=\"470\" height=\"470\" src=\"https:\/\/hospirent.com\/Hospirentsv\/wp-content\/uploads\/2020\/05\/aspirador2.jpg\" class=\"attachment-full size-full wp-image-1206\" alt=\"\" srcset=\"https:\/\/hospirent.com\/Hospirentsv\/wp-content\/uploads\/2020\/05\/aspirador2.jpg 470w, https:\/\/hospirent.com\/Hospirentsv\/wp-content\/uploads\/2020\/05\/aspirador2-300x300.jpg 300w, https:\/\/hospirent.com\/Hospirentsv\/wp-content\/uploads\/2020\/05\/aspirador2-150x150.jpg 150w\" sizes=\"(max-width: 470px) 100vw, 470px\" \/><\/figure><div class=\"elementor-image-box-content\"><h3 class=\"elementor-image-box-title\">Aspirador de secreciones<\/h3><p class=\"elementor-image-box-description\">Filtro antibacteriano dise\u00f1ado para evitar contaminaci\u00f3n.<br>Peso 5.5 KG.<br>Descartables de succi\u00f3n disponibles.<br>Incluye tigon y frasco de aspiraci\u00f3n.<br>Presi\u00f3n regulable ideal para uso de ni\u00f1os y adultos.<br>Equipo semi hospitalario.\n<\/p><\/div><\/div>\t\t\t\t<\/div>\n\t\t\t\t<\/div>\n\t\t\t\t<div class=\"elementor-element elementor-element-a732d08 elementor-position-left elementor-vertical-align-top elementor-widget elementor-widget-image-box\" data-id=\"a732d08\" data-element_type=\"widget\" data-e-type=\"widget\" data-widget_type=\"image-box.default\">\n\t\t\t\t<div class=\"elementor-widget-container\">\n\t\t\t\t\t<div class=\"elementor-image-box-wrapper\"><figure class=\"elementor-image-box-img\"><img decoding=\"async\" width=\"470\" height=\"470\" src=\"https:\/\/hospirent.com\/Hospirentsv\/wp-content\/uploads\/2020\/05\/aspirador3.jpg\" class=\"attachment-full size-full wp-image-1207\" alt=\"\" srcset=\"https:\/\/hospirent.com\/Hospirentsv\/wp-content\/uploads\/2020\/05\/aspirador3.jpg 470w, https:\/\/hospirent.com\/Hospirentsv\/wp-content\/uploads\/2020\/05\/aspirador3-300x300.jpg 300w, https:\/\/hospirent.com\/Hospirentsv\/wp-content\/uploads\/2020\/05\/aspirador3-150x150.jpg 150w\" sizes=\"(max-width: 470px) 100vw, 470px\" \/><\/figure><div class=\"elementor-image-box-content\"><h3 class=\"elementor-image-box-title\">Aspirador de secreciones portatil<\/h3><p class=\"elementor-image-box-description\">Incluye:<br>Frasco de recolecci\u00f3n de 800 ml. y tigon.<br>F\u00e1cil de manejar y transportar.<br>Bater\u00eda recargable.<br>Dise\u00f1o compacto de 5.7 libras de peso.<br>Ciclo de trabajo 30 min. con intervalos.<br>Bater\u00eda de litio recargable.\n<\/p><\/div><\/div>\t\t\t\t<\/div>\n\t\t\t\t<\/div>\n\t\t\t\t<div class=\"elementor-element elementor-element-04318d0 elementor-position-left elementor-vertical-align-top elementor-widget elementor-widget-image-box\" data-id=\"04318d0\" data-element_type=\"widget\" data-e-type=\"widget\" data-widget_type=\"image-box.default\">\n\t\t\t\t<div class=\"elementor-widget-container\">\n\t\t\t\t\t<div class=\"elementor-image-box-wrapper\"><figure class=\"elementor-image-box-img\"><img loading=\"lazy\" decoding=\"async\" width=\"470\" height=\"470\" src=\"https:\/\/hospirent.com\/Hospirentsv\/wp-content\/uploads\/2020\/05\/aspirador4.jpg\" class=\"attachment-full size-full wp-image-1208\" alt=\"\" srcset=\"https:\/\/hospirent.com\/Hospirentsv\/wp-content\/uploads\/2020\/05\/aspirador4.jpg 470w, https:\/\/hospirent.com\/Hospirentsv\/wp-content\/uploads\/2020\/05\/aspirador4-300x300.jpg 300w, https:\/\/hospirent.com\/Hospirentsv\/wp-content\/uploads\/2020\/05\/aspirador4-150x150.jpg 150w\" sizes=\"(max-width: 470px) 100vw, 470px\" \/><\/figure><div class=\"elementor-image-box-content\"><h3 class=\"elementor-image-box-title\">Aspirador tor\u00e1cico gomco<\/h3><p class=\"elementor-image-box-description\">Proporciona regulaci\u00f3n de drenaje por aspiraci\u00f3n de 0 a 50 cm de agua para la eliminaci\u00f3n r\u00e1pida de los fluidos y el gas de la cavidad pleural.<br>Esta bomba ofrece altas velocidades de flujo y un sistema de recogida de vidrio, frasco 2800 ml doble con dos tubos calibrados sello de agua y dos tubos de drenaje.<br>Se proporciona una tapa cuando solo se requiere un tubo de drenaje.<br>Esta unidad tiene la clasificaci\u00f3n UL y CSA.\n<\/p><\/div><\/div>\t\t\t\t<\/div>\n\t\t\t\t<\/div>\n\t\t\t\t\t<\/div>\n\t\t<\/div>\n\t\t\t\t\t<\/div>\n\t\t<\/section>\n\t\t\t\t\t<\/div>\n\t\t<\/div>\n\t\t\t\t\t<\/div>\n\t\t<\/section>\n\t\t\t\t<\/div>\n\t\t","protected":false},"excerpt":{"rendered":"<p>Cat\u00e1logo Aspirador de secreciones Aspirador de secreciones portatil Perfecto para el carro de urgencia hospitalaria, el transporte del paciente, copia de seguridad de centros quir\u00fargicos.Cumple con el m\u00e1ximo recomendado para reducir la aspiraci\u00f3n neonatal y pedi\u00e1trica.Un gran mango de f\u00e1cil agarre y ligero.Bater\u00eda de respaldo.Indicador de nivel de bater\u00eda claramente etiquetado. Aspirador de secreciones Filtro &hellip;<\/p>\n<p class=\"read-more\"> <a class=\"\" href=\"https:\/\/hospirent.com\/Hospirentsv\/aspirador-de-secreciones\/\"> <span class=\"screen-reader-text\">Aspirador de secreciones<\/span> Leer m\u00e1s &raquo;<\/a><\/p>\n","protected":false},"author":1,"featured_media":0,"parent":0,"menu_order":0,"comment_status":"closed","ping_status":"closed","template":"","meta":{"site-sidebar-layout":"default","site-content-layout":"default","ast-global-header-display":"","ast-main-header-display":"","ast-hfb-above-header-display":"","ast-hfb-below-header-display":"","ast-hfb-mobile-header-display":"","site-post-title":"","ast-breadcrumbs-content":"","ast-featured-img":"","footer-sml-layout":"","theme-transparent-header-meta":"","adv-header-id-meta":"","stick-header-meta":"","header-above-stick-meta":"","header-main-stick-meta":"","header-below-stick-meta":"","_joinchat":[],"footnotes":""},"class_list":["post-1628","page","type-page","status-publish","hentry"],"_links":{"self":[{"href":"https:\/\/hospirent.com\/Hospirentsv\/wp-json\/wp\/v2\/pages\/1628","targetHints":{"allow":["GET"]}}],"collection":[{"href":"https:\/\/hospirent.com\/Hospirentsv\/wp-json\/wp\/v2\/pages"}],"about":[{"href":"https:\/\/hospirent.com\/Hospirentsv\/wp-json\/wp\/v2\/types\/page"}],"author":[{"embeddable":true,"href":"https:\/\/hospirent.com\/Hospirentsv\/wp-json\/wp\/v2\/users\/1"}],"replies":[{"embeddable":true,"href":"https:\/\/hospirent.com\/Hospirentsv\/wp-json\/wp\/v2\/comments?post=1628"}],"version-history":[{"count":9,"href":"https:\/\/hospirent.com\/Hospirentsv\/wp-json\/wp\/v2\/pages\/1628\/revisions"}],"predecessor-version":[{"id":3615,"href":"https:\/\/hospirent.com\/Hospirentsv\/wp-json\/wp\/v2\/pages\/1628\/revisions\/3615"}],"wp:attachment":[{"href":"https:\/\/hospirent.com\/Hospirentsv\/wp-json\/wp\/v2\/media?parent=1628"}],"curies":[{"name":"wp","href":"https:\/\/api.w.org\/{rel}","templated":true}]}}