{"id":1629,"date":"2020-06-22T22:03:34","date_gmt":"2020-06-22T22:03:34","guid":{"rendered":"https:\/\/hospirent.com\/Hospirentsv\/?page_id=1629"},"modified":"2022-05-13T15:36:25","modified_gmt":"2022-05-13T15:36:25","slug":"bombas-hospitalarias","status":"publish","type":"page","link":"https:\/\/hospirent.com\/Hospirentsv\/bombas-hospitalarias\/","title":{"rendered":"Bombas Hospitalarias"},"content":{"rendered":"\t\t<div data-elementor-type=\"wp-page\" data-elementor-id=\"1629\" class=\"elementor elementor-1629\">\n\t\t\t\t\t\t<section class=\"elementor-section elementor-top-section elementor-element elementor-element-b8a75da elementor-section-boxed elementor-section-height-default elementor-section-height-default\" data-id=\"b8a75da\" data-element_type=\"section\" data-e-type=\"section\">\n\t\t\t\t\t\t<div class=\"elementor-container elementor-column-gap-default\">\n\t\t\t\t\t<div class=\"elementor-column elementor-col-25 elementor-top-column elementor-element elementor-element-21cad1c\" data-id=\"21cad1c\" data-element_type=\"column\" data-e-type=\"column\">\n\t\t\t<div class=\"elementor-widget-wrap\">\n\t\t\t\t\t\t\t<\/div>\n\t\t<\/div>\n\t\t\t\t<div class=\"elementor-column elementor-col-25 elementor-top-column elementor-element elementor-element-a950626\" data-id=\"a950626\" data-element_type=\"column\" data-e-type=\"column\">\n\t\t\t<div class=\"elementor-widget-wrap\">\n\t\t\t\t\t\t\t<\/div>\n\t\t<\/div>\n\t\t\t\t<div class=\"elementor-column elementor-col-25 elementor-top-column elementor-element elementor-element-41e4df9\" data-id=\"41e4df9\" data-element_type=\"column\" data-e-type=\"column\">\n\t\t\t<div class=\"elementor-widget-wrap\">\n\t\t\t\t\t\t\t<\/div>\n\t\t<\/div>\n\t\t\t\t<div class=\"elementor-column elementor-col-25 elementor-top-column elementor-element elementor-element-a922368\" data-id=\"a922368\" data-element_type=\"column\" data-e-type=\"column\">\n\t\t\t<div class=\"elementor-widget-wrap elementor-element-populated\">\n\t\t\t\t\t\t<div class=\"elementor-element elementor-element-876f1ad elementor-align-center elementor-widget elementor-widget-button\" data-id=\"876f1ad\" data-element_type=\"widget\" data-e-type=\"widget\" data-widget_type=\"button.default\">\n\t\t\t\t<div class=\"elementor-widget-container\">\n\t\t\t\t\t\t\t\t\t<div class=\"elementor-button-wrapper\">\n\t\t\t\t\t<a class=\"elementor-button elementor-button-link elementor-size-sm\" href=\"https:\/\/hospirent.com\/Hospirentsv\/catalogo-de-productos\/\">\n\t\t\t\t\t\t<span class=\"elementor-button-content-wrapper\">\n\t\t\t\t\t\t<span class=\"elementor-button-icon\">\n\t\t\t\t<i aria-hidden=\"true\" class=\"fas fa-caret-square-left\"><\/i>\t\t\t<\/span>\n\t\t\t\t\t\t\t\t\t<span class=\"elementor-button-text\">Cat\u00e1logo<\/span>\n\t\t\t\t\t<\/span>\n\t\t\t\t\t<\/a>\n\t\t\t\t<\/div>\n\t\t\t\t\t\t\t\t<\/div>\n\t\t\t\t<\/div>\n\t\t\t\t\t<\/div>\n\t\t<\/div>\n\t\t\t\t\t<\/div>\n\t\t<\/section>\n\t\t\t\t<section class=\"elementor-section elementor-top-section elementor-element elementor-element-a24721e elementor-section-boxed elementor-section-height-default elementor-section-height-default\" data-id=\"a24721e\" data-element_type=\"section\" data-e-type=\"section\" data-settings=\"{&quot;background_background&quot;:&quot;classic&quot;}\">\n\t\t\t\t\t\t<div class=\"elementor-container elementor-column-gap-default\">\n\t\t\t\t\t<div class=\"elementor-column elementor-col-100 elementor-top-column elementor-element elementor-element-1e243f4\" data-id=\"1e243f4\" data-element_type=\"column\" data-e-type=\"column\">\n\t\t\t<div class=\"elementor-widget-wrap elementor-element-populated\">\n\t\t\t\t\t\t<section class=\"elementor-section elementor-inner-section elementor-element elementor-element-c04e94f elementor-section-boxed elementor-section-height-default elementor-section-height-default\" data-id=\"c04e94f\" data-element_type=\"section\" data-e-type=\"section\">\n\t\t\t\t\t\t<div class=\"elementor-container elementor-column-gap-default\">\n\t\t\t\t\t<div class=\"elementor-column elementor-col-100 elementor-inner-column elementor-element elementor-element-376e5fd\" data-id=\"376e5fd\" data-element_type=\"column\" data-e-type=\"column\">\n\t\t\t<div class=\"elementor-widget-wrap elementor-element-populated\">\n\t\t\t\t\t\t<div class=\"elementor-element elementor-element-2e15d9b elementor-widget elementor-widget-heading\" data-id=\"2e15d9b\" data-element_type=\"widget\" data-e-type=\"widget\" data-widget_type=\"heading.default\">\n\t\t\t\t<div class=\"elementor-widget-container\">\n\t\t\t\t\t<h2 class=\"elementor-heading-title elementor-size-default\">Bombas hospitalarias<\/h2>\t\t\t\t<\/div>\n\t\t\t\t<\/div>\n\t\t\t\t<div class=\"elementor-element elementor-element-9046c40 elementor-position-left elementor-vertical-align-top elementor-widget elementor-widget-image-box\" data-id=\"9046c40\" data-element_type=\"widget\" data-e-type=\"widget\" data-widget_type=\"image-box.default\">\n\t\t\t\t<div class=\"elementor-widget-container\">\n\t\t\t\t\t<div class=\"elementor-image-box-wrapper\"><figure class=\"elementor-image-box-img\"><img fetchpriority=\"high\" decoding=\"async\" width=\"1280\" height=\"1280\" src=\"https:\/\/hospirent.com\/Hospirentsv\/wp-content\/uploads\/2022\/05\/Bolsa-de-alimenacion-por-gravedad-COVIDIEN-KANGAROO.png\" class=\"attachment-full size-full wp-image-3630\" alt=\"\" srcset=\"https:\/\/hospirent.com\/Hospirentsv\/wp-content\/uploads\/2022\/05\/Bolsa-de-alimenacion-por-gravedad-COVIDIEN-KANGAROO.png 1280w, https:\/\/hospirent.com\/Hospirentsv\/wp-content\/uploads\/2022\/05\/Bolsa-de-alimenacion-por-gravedad-COVIDIEN-KANGAROO-300x300.png 300w, https:\/\/hospirent.com\/Hospirentsv\/wp-content\/uploads\/2022\/05\/Bolsa-de-alimenacion-por-gravedad-COVIDIEN-KANGAROO-1024x1024.png 1024w, https:\/\/hospirent.com\/Hospirentsv\/wp-content\/uploads\/2022\/05\/Bolsa-de-alimenacion-por-gravedad-COVIDIEN-KANGAROO-150x150.png 150w, https:\/\/hospirent.com\/Hospirentsv\/wp-content\/uploads\/2022\/05\/Bolsa-de-alimenacion-por-gravedad-COVIDIEN-KANGAROO-768x768.png 768w\" sizes=\"(max-width: 1280px) 100vw, 1280px\" \/><\/figure><div class=\"elementor-image-box-content\"><h3 class=\"elementor-image-box-title\">Bolsa de alimentaci\u00f3n por gravedad<\/h3><p class=\"elementor-image-box-description\">Esta bolsa es de uso exclusivo para nutrici\u00f3n enteral.<br>Para usarse con el sistema de conexi\u00f3n ENFit.<br>Bolsa de 1000 ml, con di\u00e1metro interno grande.<br>Fabricado sin l\u00e1tex, de caucho natural.<br>Uso de un solo paciente. <\/p><\/div><\/div>\t\t\t\t<\/div>\n\t\t\t\t<\/div>\n\t\t\t\t<div class=\"elementor-element elementor-element-5a169f6 elementor-position-left elementor-vertical-align-top elementor-widget elementor-widget-image-box\" data-id=\"5a169f6\" data-element_type=\"widget\" data-e-type=\"widget\" data-widget_type=\"image-box.default\">\n\t\t\t\t<div class=\"elementor-widget-container\">\n\t\t\t\t\t<div class=\"elementor-image-box-wrapper\"><figure class=\"elementor-image-box-img\"><img decoding=\"async\" width=\"247\" height=\"273\" src=\"https:\/\/hospirent.com\/Hospirentsv\/wp-content\/uploads\/2022\/05\/Bomba-de-infusion.png\" class=\"attachment-full size-full wp-image-3637\" alt=\"\" \/><\/figure><div class=\"elementor-image-box-content\"><h3 class=\"elementor-image-box-title\">Bomba de infusi\u00f3n<\/h3><p class=\"elementor-image-box-description\">Manejo sencillo y r\u00e1pido.<br>No necesita entrenamiento.<br>Alta precisi\u00f3n en la administraci\u00f3n de medicamentos.<br>Descartables disponibles.<\/p><\/div><\/div>\t\t\t\t<\/div>\n\t\t\t\t<\/div>\n\t\t\t\t<div class=\"elementor-element elementor-element-1ddcb60 elementor-position-left elementor-vertical-align-top elementor-widget elementor-widget-image-box\" data-id=\"1ddcb60\" data-element_type=\"widget\" data-e-type=\"widget\" data-widget_type=\"image-box.default\">\n\t\t\t\t<div class=\"elementor-widget-container\">\n\t\t\t\t\t<div class=\"elementor-image-box-wrapper\"><figure class=\"elementor-image-box-img\"><img decoding=\"async\" width=\"1080\" height=\"1080\" src=\"https:\/\/hospirent.com\/Hospirentsv\/wp-content\/uploads\/2022\/05\/Bomba-de-infusion-dos.png\" class=\"attachment-full size-full wp-image-3641\" alt=\"\" srcset=\"https:\/\/hospirent.com\/Hospirentsv\/wp-content\/uploads\/2022\/05\/Bomba-de-infusion-dos.png 1080w, https:\/\/hospirent.com\/Hospirentsv\/wp-content\/uploads\/2022\/05\/Bomba-de-infusion-dos-300x300.png 300w, https:\/\/hospirent.com\/Hospirentsv\/wp-content\/uploads\/2022\/05\/Bomba-de-infusion-dos-1024x1024.png 1024w, https:\/\/hospirent.com\/Hospirentsv\/wp-content\/uploads\/2022\/05\/Bomba-de-infusion-dos-150x150.png 150w, https:\/\/hospirent.com\/Hospirentsv\/wp-content\/uploads\/2022\/05\/Bomba-de-infusion-dos-768x768.png 768w\" sizes=\"(max-width: 1080px) 100vw, 1080px\" \/><\/figure><div class=\"elementor-image-box-content\"><h3 class=\"elementor-image-box-title\">Bomba de infusi\u00f3n<\/h3><p class=\"elementor-image-box-description\">Pantalla LCD alta definici\u00f3n.<br>Bater\u00eda con capacidad de hasta 4 horas de uso continuo.<br>Alarma audible y visual para oclusi\u00f3n, bater\u00eda baja, final de infusi\u00f3n, mal ajuste de puerta.<br>Compatible con cualquier marca de insumos despu\u00e9s de calibrada.\n<\/p><\/div><\/div>\t\t\t\t<\/div>\n\t\t\t\t<\/div>\n\t\t\t\t<div class=\"elementor-element elementor-element-851f317 elementor-position-left elementor-vertical-align-top elementor-widget elementor-widget-image-box\" data-id=\"851f317\" data-element_type=\"widget\" data-e-type=\"widget\" data-widget_type=\"image-box.default\">\n\t\t\t\t<div class=\"elementor-widget-container\">\n\t\t\t\t\t<div class=\"elementor-image-box-wrapper\"><figure class=\"elementor-image-box-img\"><img loading=\"lazy\" decoding=\"async\" width=\"1280\" height=\"1280\" src=\"https:\/\/hospirent.com\/Hospirentsv\/wp-content\/uploads\/2022\/05\/Bombas-de-perfusion.png\" class=\"attachment-full size-full wp-image-3645\" alt=\"\" srcset=\"https:\/\/hospirent.com\/Hospirentsv\/wp-content\/uploads\/2022\/05\/Bombas-de-perfusion.png 1280w, https:\/\/hospirent.com\/Hospirentsv\/wp-content\/uploads\/2022\/05\/Bombas-de-perfusion-300x300.png 300w, https:\/\/hospirent.com\/Hospirentsv\/wp-content\/uploads\/2022\/05\/Bombas-de-perfusion-1024x1024.png 1024w, https:\/\/hospirent.com\/Hospirentsv\/wp-content\/uploads\/2022\/05\/Bombas-de-perfusion-150x150.png 150w, https:\/\/hospirent.com\/Hospirentsv\/wp-content\/uploads\/2022\/05\/Bombas-de-perfusion-768x768.png 768w\" sizes=\"(max-width: 1280px) 100vw, 1280px\" \/><\/figure><div class=\"elementor-image-box-content\"><h3 class=\"elementor-image-box-title\">Bombas de perfusi\u00f3n<\/h3><p class=\"elementor-image-box-description\">Calculo automatico de la velocidad de infusi\u00f3n indicado un volumen y un tiempo.<br>Tecnolog\u00eda vanguardista para ofrecer mayor fiabilidad y seguridad en la administraci\u00f3n de f\u00e1rmacos.<br>Peque\u00f1a, ligera y f\u00e1cil de manejar.<\/p><\/div><\/div>\t\t\t\t<\/div>\n\t\t\t\t<\/div>\n\t\t\t\t<div class=\"elementor-element elementor-element-8f57a37 elementor-position-left elementor-vertical-align-top elementor-widget elementor-widget-image-box\" data-id=\"8f57a37\" data-element_type=\"widget\" data-e-type=\"widget\" data-widget_type=\"image-box.default\">\n\t\t\t\t<div class=\"elementor-widget-container\">\n\t\t\t\t\t<div class=\"elementor-image-box-wrapper\"><figure class=\"elementor-image-box-img\"><img loading=\"lazy\" decoding=\"async\" width=\"1280\" height=\"1280\" src=\"https:\/\/hospirent.com\/Hospirentsv\/wp-content\/uploads\/2022\/05\/Bombas-volumetricas-para-alimentacion-enteral.png\" class=\"attachment-full size-full wp-image-3654\" alt=\"\" srcset=\"https:\/\/hospirent.com\/Hospirentsv\/wp-content\/uploads\/2022\/05\/Bombas-volumetricas-para-alimentacion-enteral.png 1280w, https:\/\/hospirent.com\/Hospirentsv\/wp-content\/uploads\/2022\/05\/Bombas-volumetricas-para-alimentacion-enteral-300x300.png 300w, https:\/\/hospirent.com\/Hospirentsv\/wp-content\/uploads\/2022\/05\/Bombas-volumetricas-para-alimentacion-enteral-1024x1024.png 1024w, https:\/\/hospirent.com\/Hospirentsv\/wp-content\/uploads\/2022\/05\/Bombas-volumetricas-para-alimentacion-enteral-150x150.png 150w, https:\/\/hospirent.com\/Hospirentsv\/wp-content\/uploads\/2022\/05\/Bombas-volumetricas-para-alimentacion-enteral-768x768.png 768w\" sizes=\"(max-width: 1280px) 100vw, 1280px\" \/><\/figure><div class=\"elementor-image-box-content\"><h3 class=\"elementor-image-box-title\">Bombas volum\u00e9tricas para alimentaci\u00f3n enteral<\/h3><p class=\"elementor-image-box-description\">F\u00e1cil de usar y limpiar.<br>Descartables disponibles.<br>Dosificaci\u00f3n exacta para su paciente.<br>Port\u00e1til con bater\u00eda con capacidad de 2 horas de uso.<br>Disminuye el riesgo de bloqueo en la sonda del paciente.<br>Mejora la calidad de vida de su paciente.<br>Orientaci\u00f3n del uso del equipo en el momento de entrega,\n<\/p><\/div><\/div>\t\t\t\t<\/div>\n\t\t\t\t<\/div>\n\t\t\t\t<div class=\"elementor-element elementor-element-ae02096 elementor-position-left elementor-vertical-align-top elementor-widget elementor-widget-image-box\" data-id=\"ae02096\" data-element_type=\"widget\" data-e-type=\"widget\" data-widget_type=\"image-box.default\">\n\t\t\t\t<div class=\"elementor-widget-container\">\n\t\t\t\t\t<div class=\"elementor-image-box-wrapper\"><figure class=\"elementor-image-box-img\"><img loading=\"lazy\" decoding=\"async\" width=\"1280\" height=\"1280\" src=\"https:\/\/hospirent.com\/Hospirentsv\/wp-content\/uploads\/2022\/05\/Bombas-de-infusion-con-descartable-universal.png\" class=\"attachment-full size-full wp-image-3650\" alt=\"\" srcset=\"https:\/\/hospirent.com\/Hospirentsv\/wp-content\/uploads\/2022\/05\/Bombas-de-infusion-con-descartable-universal.png 1280w, https:\/\/hospirent.com\/Hospirentsv\/wp-content\/uploads\/2022\/05\/Bombas-de-infusion-con-descartable-universal-300x300.png 300w, https:\/\/hospirent.com\/Hospirentsv\/wp-content\/uploads\/2022\/05\/Bombas-de-infusion-con-descartable-universal-1024x1024.png 1024w, https:\/\/hospirent.com\/Hospirentsv\/wp-content\/uploads\/2022\/05\/Bombas-de-infusion-con-descartable-universal-150x150.png 150w, https:\/\/hospirent.com\/Hospirentsv\/wp-content\/uploads\/2022\/05\/Bombas-de-infusion-con-descartable-universal-768x768.png 768w\" sizes=\"(max-width: 1280px) 100vw, 1280px\" \/><\/figure><div class=\"elementor-image-box-content\"><h3 class=\"elementor-image-box-title\">Bombas de infusi\u00f3n con descartable universal<\/h3><p class=\"elementor-image-box-description\">Control de infusi\u00f3n de alta precisi\u00f3n, compatible con la mayor\u00eda de los sets IV est\u00e1ndar.<br>Recordando el inicio de la infusi\u00f3n y la visualizaci\u00f3n del tiempo residual.<br>El umbral de alarma de la burbuja de aire y la presi\u00f3n se puede ajustar, y el volumen de la alarma tambi\u00e9n es ajustable.<br>La abrazadera de ajuste IV que se acompa\u00f1a evita que el l\u00edquido fluya libremente si la puerta de la bomba se abre accidentalmente.<br>Cierre autom\u00e1tico de flujo durante alarmas.<br>Cajas de aluminio compactas y construcci\u00f3n robusta.<br>El soporte vers\u00e1til permite montar la bomba en el poste de infusi\u00f3n en muchas direcciones, lo que puede ahorrar espacio.<\/p><\/div><\/div>\t\t\t\t<\/div>\n\t\t\t\t<\/div>\n\t\t\t\t\t<\/div>\n\t\t<\/div>\n\t\t\t\t\t<\/div>\n\t\t<\/section>\n\t\t\t\t\t<\/div>\n\t\t<\/div>\n\t\t\t\t\t<\/div>\n\t\t<\/section>\n\t\t\t\t<\/div>\n\t\t","protected":false},"excerpt":{"rendered":"<p>Cat\u00e1logo Bombas hospitalarias Bolsa de alimentaci\u00f3n por gravedad Esta bolsa es de uso exclusivo para nutrici\u00f3n enteral.Para usarse con el sistema de conexi\u00f3n ENFit.Bolsa de 1000 ml, con di\u00e1metro interno grande.Fabricado sin l\u00e1tex, de caucho natural.Uso de un solo paciente. Bomba de infusi\u00f3n Manejo sencillo y r\u00e1pido.No necesita entrenamiento.Alta precisi\u00f3n en la administraci\u00f3n de medicamentos.Descartables &hellip;<\/p>\n<p class=\"read-more\"> <a class=\"\" href=\"https:\/\/hospirent.com\/Hospirentsv\/bombas-hospitalarias\/\"> <span class=\"screen-reader-text\">Bombas Hospitalarias<\/span> Leer m\u00e1s &raquo;<\/a><\/p>\n","protected":false},"author":1,"featured_media":0,"parent":0,"menu_order":0,"comment_status":"closed","ping_status":"closed","template":"","meta":{"site-sidebar-layout":"default","site-content-layout":"default","ast-global-header-display":"","ast-main-header-display":"","ast-hfb-above-header-display":"","ast-hfb-below-header-display":"","ast-hfb-mobile-header-display":"","site-post-title":"","ast-breadcrumbs-content":"","ast-featured-img":"","footer-sml-layout":"","theme-transparent-header-meta":"","adv-header-id-meta":"","stick-header-meta":"","header-above-stick-meta":"","header-main-stick-meta":"","header-below-stick-meta":"","_joinchat":[],"footnotes":""},"class_list":["post-1629","page","type-page","status-publish","hentry"],"_links":{"self":[{"href":"https:\/\/hospirent.com\/Hospirentsv\/wp-json\/wp\/v2\/pages\/1629","targetHints":{"allow":["GET"]}}],"collection":[{"href":"https:\/\/hospirent.com\/Hospirentsv\/wp-json\/wp\/v2\/pages"}],"about":[{"href":"https:\/\/hospirent.com\/Hospirentsv\/wp-json\/wp\/v2\/types\/page"}],"author":[{"embeddable":true,"href":"https:\/\/hospirent.com\/Hospirentsv\/wp-json\/wp\/v2\/users\/1"}],"replies":[{"embeddable":true,"href":"https:\/\/hospirent.com\/Hospirentsv\/wp-json\/wp\/v2\/comments?post=1629"}],"version-history":[{"count":30,"href":"https:\/\/hospirent.com\/Hospirentsv\/wp-json\/wp\/v2\/pages\/1629\/revisions"}],"predecessor-version":[{"id":3657,"href":"https:\/\/hospirent.com\/Hospirentsv\/wp-json\/wp\/v2\/pages\/1629\/revisions\/3657"}],"wp:attachment":[{"href":"https:\/\/hospirent.com\/Hospirentsv\/wp-json\/wp\/v2\/media?parent=1629"}],"curies":[{"name":"wp","href":"https:\/\/api.w.org\/{rel}","templated":true}]}}