{"id":1632,"date":"2020-06-22T22:04:57","date_gmt":"2020-06-22T22:04:57","guid":{"rendered":"https:\/\/hospirent.com\/Hospirentsv\/?page_id=1632"},"modified":"2022-04-22T16:55:58","modified_gmt":"2022-04-22T16:55:58","slug":"electro-cirugia-y-electrocardiograma","status":"publish","type":"page","link":"https:\/\/hospirent.com\/Hospirentsv\/electro-cirugia-y-electrocardiograma\/","title":{"rendered":"Electro cirug\u00eda y Electrocardiograma"},"content":{"rendered":"\t\t<div data-elementor-type=\"wp-page\" data-elementor-id=\"1632\" class=\"elementor elementor-1632\">\n\t\t\t\t\t\t<section class=\"elementor-section elementor-top-section elementor-element elementor-element-f2ba187 elementor-section-boxed elementor-section-height-default elementor-section-height-default\" data-id=\"f2ba187\" data-element_type=\"section\" data-e-type=\"section\">\n\t\t\t\t\t\t<div class=\"elementor-container elementor-column-gap-default\">\n\t\t\t\t\t<div class=\"elementor-column elementor-col-25 elementor-top-column elementor-element elementor-element-0b5fadf\" data-id=\"0b5fadf\" data-element_type=\"column\" data-e-type=\"column\">\n\t\t\t<div class=\"elementor-widget-wrap\">\n\t\t\t\t\t\t\t<\/div>\n\t\t<\/div>\n\t\t\t\t<div class=\"elementor-column elementor-col-25 elementor-top-column elementor-element elementor-element-73b3511\" data-id=\"73b3511\" data-element_type=\"column\" data-e-type=\"column\">\n\t\t\t<div class=\"elementor-widget-wrap\">\n\t\t\t\t\t\t\t<\/div>\n\t\t<\/div>\n\t\t\t\t<div class=\"elementor-column elementor-col-25 elementor-top-column elementor-element elementor-element-4211ea7\" data-id=\"4211ea7\" data-element_type=\"column\" data-e-type=\"column\">\n\t\t\t<div class=\"elementor-widget-wrap\">\n\t\t\t\t\t\t\t<\/div>\n\t\t<\/div>\n\t\t\t\t<div class=\"elementor-column elementor-col-25 elementor-top-column elementor-element elementor-element-1f86045\" data-id=\"1f86045\" data-element_type=\"column\" data-e-type=\"column\">\n\t\t\t<div class=\"elementor-widget-wrap elementor-element-populated\">\n\t\t\t\t\t\t<div class=\"elementor-element elementor-element-5ee8340 elementor-align-center elementor-widget elementor-widget-button\" data-id=\"5ee8340\" data-element_type=\"widget\" data-e-type=\"widget\" data-widget_type=\"button.default\">\n\t\t\t\t<div class=\"elementor-widget-container\">\n\t\t\t\t\t\t\t\t\t<div class=\"elementor-button-wrapper\">\n\t\t\t\t\t<a class=\"elementor-button elementor-button-link elementor-size-sm\" href=\"https:\/\/hospirent.com\/Hospirentsv\/catalogo-de-productos\/\">\n\t\t\t\t\t\t<span class=\"elementor-button-content-wrapper\">\n\t\t\t\t\t\t<span class=\"elementor-button-icon\">\n\t\t\t\t<i aria-hidden=\"true\" class=\"fas fa-caret-square-left\"><\/i>\t\t\t<\/span>\n\t\t\t\t\t\t\t\t\t<span class=\"elementor-button-text\">Cat\u00e1logo<\/span>\n\t\t\t\t\t<\/span>\n\t\t\t\t\t<\/a>\n\t\t\t\t<\/div>\n\t\t\t\t\t\t\t\t<\/div>\n\t\t\t\t<\/div>\n\t\t\t\t\t<\/div>\n\t\t<\/div>\n\t\t\t\t\t<\/div>\n\t\t<\/section>\n\t\t\t\t<section class=\"elementor-section elementor-top-section elementor-element elementor-element-88693d2 elementor-section-boxed elementor-section-height-default elementor-section-height-default\" data-id=\"88693d2\" data-element_type=\"section\" data-e-type=\"section\" data-settings=\"{&quot;background_background&quot;:&quot;classic&quot;}\">\n\t\t\t\t\t\t<div class=\"elementor-container elementor-column-gap-default\">\n\t\t\t\t\t<div class=\"elementor-column elementor-col-100 elementor-top-column elementor-element elementor-element-c215f53\" data-id=\"c215f53\" data-element_type=\"column\" data-e-type=\"column\">\n\t\t\t<div class=\"elementor-widget-wrap elementor-element-populated\">\n\t\t\t\t\t\t<section class=\"elementor-section elementor-inner-section elementor-element elementor-element-66bde45 elementor-section-boxed elementor-section-height-default elementor-section-height-default\" data-id=\"66bde45\" data-element_type=\"section\" data-e-type=\"section\">\n\t\t\t\t\t\t<div class=\"elementor-container elementor-column-gap-default\">\n\t\t\t\t\t<div class=\"elementor-column elementor-col-100 elementor-inner-column elementor-element elementor-element-652a5b8\" data-id=\"652a5b8\" data-element_type=\"column\" data-e-type=\"column\">\n\t\t\t<div class=\"elementor-widget-wrap elementor-element-populated\">\n\t\t\t\t\t\t<div class=\"elementor-element elementor-element-4b8d269 elementor-widget elementor-widget-heading\" data-id=\"4b8d269\" data-element_type=\"widget\" data-e-type=\"widget\" data-widget_type=\"heading.default\">\n\t\t\t\t<div class=\"elementor-widget-container\">\n\t\t\t\t\t<h2 class=\"elementor-heading-title elementor-size-default\">Electrocardiograma, Electro cauterio y Electrocirug\u00eda<\/h2>\t\t\t\t<\/div>\n\t\t\t\t<\/div>\n\t\t\t\t<div class=\"elementor-element elementor-element-38fd5a2 elementor-position-left elementor-vertical-align-top elementor-widget elementor-widget-image-box\" data-id=\"38fd5a2\" data-element_type=\"widget\" data-e-type=\"widget\" data-widget_type=\"image-box.default\">\n\t\t\t\t<div class=\"elementor-widget-container\">\n\t\t\t\t\t<div class=\"elementor-image-box-wrapper\"><figure class=\"elementor-image-box-img\"><img fetchpriority=\"high\" decoding=\"async\" width=\"470\" height=\"470\" src=\"https:\/\/hospirent.com\/Hospirentsv\/wp-content\/uploads\/2021\/07\/Electrocardiograma.png\" class=\"attachment-full size-full wp-image-2460\" alt=\"\" srcset=\"https:\/\/hospirent.com\/Hospirentsv\/wp-content\/uploads\/2021\/07\/Electrocardiograma.png 470w, https:\/\/hospirent.com\/Hospirentsv\/wp-content\/uploads\/2021\/07\/Electrocardiograma-300x300.png 300w, https:\/\/hospirent.com\/Hospirentsv\/wp-content\/uploads\/2021\/07\/Electrocardiograma-150x150.png 150w\" sizes=\"(max-width: 470px) 100vw, 470px\" \/><\/figure><div class=\"elementor-image-box-content\"><h3 class=\"elementor-image-box-title\">Electrocardiograma Shirller cardiovit at1<\/h3><p class=\"elementor-image-box-description\">Adquisici\u00f3n simult\u00e1nea de las 12 derivaciones.<br>Formato de impresi\u00f3n de 3 canales.<br>Bot\u00f3n \u00fanico de operaci\u00f3n.<br>M\u00faltiples formatos de impresi\u00f3n.<br>Funci\u00f3n de copia.<br>Varias velocidades de grabaci\u00f3n.<br>Modo autom\u00e1tico y manual.<br>Impresora t\u00e9rmica integrada.<br>Peso reducido aproximadamente 2.9 kg.\n<\/p><\/div><\/div>\t\t\t\t<\/div>\n\t\t\t\t<\/div>\n\t\t\t\t<div class=\"elementor-element elementor-element-741fc40 elementor-position-left elementor-vertical-align-top elementor-widget elementor-widget-image-box\" data-id=\"741fc40\" data-element_type=\"widget\" data-e-type=\"widget\" data-widget_type=\"image-box.default\">\n\t\t\t\t<div class=\"elementor-widget-container\">\n\t\t\t\t\t<div class=\"elementor-image-box-wrapper\"><figure class=\"elementor-image-box-img\"><img decoding=\"async\" width=\"470\" height=\"470\" src=\"https:\/\/hospirent.com\/Hospirentsv\/wp-content\/uploads\/2021\/07\/Electrocauterio.png\" class=\"attachment-full size-full wp-image-2467\" alt=\"\" srcset=\"https:\/\/hospirent.com\/Hospirentsv\/wp-content\/uploads\/2021\/07\/Electrocauterio.png 470w, https:\/\/hospirent.com\/Hospirentsv\/wp-content\/uploads\/2021\/07\/Electrocauterio-300x300.png 300w, https:\/\/hospirent.com\/Hospirentsv\/wp-content\/uploads\/2021\/07\/Electrocauterio-150x150.png 150w\" sizes=\"(max-width: 470px) 100vw, 470px\" \/><\/figure><div class=\"elementor-image-box-content\"><h3 class=\"elementor-image-box-title\">Electrocauterio bipolar y monopolar<\/h3><p class=\"elementor-image-box-description\">M\u00e1ximo poder 30w.<br>Controla el poder utilizando el l\u00e1piz ESU por lo que reduce el tiempo de operaci\u00f3n.<br>Microprocesadores duales, uno controla las funciones y el segundo es para terminar la operaci\u00f3n si se detecta una amenaza a la seguridad.<br>Funci\u00f3n de memoria, se programan los par\u00e1metros para que la unidad inicie de la manera elegida.<br>De 10w a 30w la salida puede ser manipulada precisamente y bajo 10w el ajuste se realiza por 0,1w, por lo que cualquier micro cirug\u00eda puede realizarse con esta m\u00e1quina.<br>Estimula el sistema de arg\u00f3n para activar la coagulaci\u00f3n en spray.<br>Puede ser utilizado con parches desechables.<\/p><\/div><\/div>\t\t\t\t<\/div>\n\t\t\t\t<\/div>\n\t\t\t\t<div class=\"elementor-element elementor-element-5049e23 elementor-position-left elementor-vertical-align-top elementor-widget elementor-widget-image-box\" data-id=\"5049e23\" data-element_type=\"widget\" data-e-type=\"widget\" data-widget_type=\"image-box.default\">\n\t\t\t\t<div class=\"elementor-widget-container\">\n\t\t\t\t\t<div class=\"elementor-image-box-wrapper\"><figure class=\"elementor-image-box-img\"><img decoding=\"async\" width=\"470\" height=\"470\" src=\"https:\/\/hospirent.com\/Hospirentsv\/wp-content\/uploads\/2021\/07\/Electrocauterio-placa-adulto.png\" class=\"attachment-full size-full wp-image-2478\" alt=\"\" srcset=\"https:\/\/hospirent.com\/Hospirentsv\/wp-content\/uploads\/2021\/07\/Electrocauterio-placa-adulto.png 470w, https:\/\/hospirent.com\/Hospirentsv\/wp-content\/uploads\/2021\/07\/Electrocauterio-placa-adulto-300x300.png 300w, https:\/\/hospirent.com\/Hospirentsv\/wp-content\/uploads\/2021\/07\/Electrocauterio-placa-adulto-150x150.png 150w\" sizes=\"(max-width: 470px) 100vw, 470px\" \/><\/figure><div class=\"elementor-image-box-content\"><h3 class=\"elementor-image-box-title\">Electrocuaterio placa adulto<\/h3><p class=\"elementor-image-box-description\">Uso en adultos.<br>Los electrodos de retorno desechables para pacientes megadyne, son f\u00e1ciles de usar.<br>Brindan una seguridad \u00f3ptima.<br>Cables reutilizables para obtener el mejor ahorro en costos.<br>Las almohadillas desechables megadyne incluyen un borde adhesivo mejorado para mantener un contacto seguro con el paciente.<br>Respaldo de espuma de bajo perfil altamente flexible.<br>Doble placa con 3m (10 pies) de cable preajustado.<br>Peso m\u00e1ximo de 33 lbs.<\/p><\/div><\/div>\t\t\t\t<\/div>\n\t\t\t\t<\/div>\n\t\t\t\t<div class=\"elementor-element elementor-element-aa28111 elementor-position-left elementor-vertical-align-top elementor-widget elementor-widget-image-box\" data-id=\"aa28111\" data-element_type=\"widget\" data-e-type=\"widget\" data-widget_type=\"image-box.default\">\n\t\t\t\t<div class=\"elementor-widget-container\">\n\t\t\t\t\t<div class=\"elementor-image-box-wrapper\"><figure class=\"elementor-image-box-img\"><img loading=\"lazy\" decoding=\"async\" width=\"470\" height=\"470\" src=\"https:\/\/hospirent.com\/Hospirentsv\/wp-content\/uploads\/2021\/07\/Unidad.png\" class=\"attachment-full size-full wp-image-2471\" alt=\"\" srcset=\"https:\/\/hospirent.com\/Hospirentsv\/wp-content\/uploads\/2021\/07\/Unidad.png 470w, https:\/\/hospirent.com\/Hospirentsv\/wp-content\/uploads\/2021\/07\/Unidad-300x300.png 300w, https:\/\/hospirent.com\/Hospirentsv\/wp-content\/uploads\/2021\/07\/Unidad-150x150.png 150w\" sizes=\"(max-width: 470px) 100vw, 470px\" \/><\/figure><div class=\"elementor-image-box-content\"><h3 class=\"elementor-image-box-title\">Electrocauterio<\/h3><p class=\"elementor-image-box-description\">Modos de corte, provee la flexibilidad a trav\u00e9s de las variaciones de grados en hemostasia.<br>A escoger uno de los tres modos programados:<br>Coagulaci\u00f3n simult\u00e1nea independiente, permite a los cirujanos cortar desde un generador, para a\u00f1adir conveniencia y eficacia.<br>Coagulaci\u00f3n de bajo voltaje, asegure de manera precisa la desecaci\u00f3n electro quir\u00fargico con menos destrucci\u00f3n de tejido perif\u00e9rico haciendo del generador fuerza 2 ideal para los procedimientos de laparoscopia.<br>Seguridad REM est\u00e1 garantizado con el sistema patentado REM.<\/p><\/div><\/div>\t\t\t\t<\/div>\n\t\t\t\t<\/div>\n\t\t\t\t\t<\/div>\n\t\t<\/div>\n\t\t\t\t\t<\/div>\n\t\t<\/section>\n\t\t\t\t\t<\/div>\n\t\t<\/div>\n\t\t\t\t\t<\/div>\n\t\t<\/section>\n\t\t\t\t<\/div>\n\t\t","protected":false},"excerpt":{"rendered":"<p>Cat\u00e1logo Electrocardiograma, Electro cauterio y Electrocirug\u00eda Electrocardiograma Shirller cardiovit at1 Adquisici\u00f3n simult\u00e1nea de las 12 derivaciones.Formato de impresi\u00f3n de 3 canales.Bot\u00f3n \u00fanico de operaci\u00f3n.M\u00faltiples formatos de impresi\u00f3n.Funci\u00f3n de copia.Varias velocidades de grabaci\u00f3n.Modo autom\u00e1tico y manual.Impresora t\u00e9rmica integrada.Peso reducido aproximadamente 2.9 kg. Electrocauterio bipolar y monopolar M\u00e1ximo poder 30w.Controla el poder utilizando el l\u00e1piz ESU por &hellip;<\/p>\n<p class=\"read-more\"> <a class=\"\" href=\"https:\/\/hospirent.com\/Hospirentsv\/electro-cirugia-y-electrocardiograma\/\"> <span class=\"screen-reader-text\">Electro cirug\u00eda y Electrocardiograma<\/span> Leer m\u00e1s &raquo;<\/a><\/p>\n","protected":false},"author":1,"featured_media":0,"parent":0,"menu_order":0,"comment_status":"closed","ping_status":"closed","template":"","meta":{"site-sidebar-layout":"default","site-content-layout":"default","ast-global-header-display":"","ast-main-header-display":"","ast-hfb-above-header-display":"","ast-hfb-below-header-display":"","ast-hfb-mobile-header-display":"","site-post-title":"","ast-breadcrumbs-content":"","ast-featured-img":"","footer-sml-layout":"","theme-transparent-header-meta":"","adv-header-id-meta":"","stick-header-meta":"","header-above-stick-meta":"","header-main-stick-meta":"","header-below-stick-meta":"","_joinchat":[],"footnotes":""},"class_list":["post-1632","page","type-page","status-publish","hentry"],"_links":{"self":[{"href":"https:\/\/hospirent.com\/Hospirentsv\/wp-json\/wp\/v2\/pages\/1632","targetHints":{"allow":["GET"]}}],"collection":[{"href":"https:\/\/hospirent.com\/Hospirentsv\/wp-json\/wp\/v2\/pages"}],"about":[{"href":"https:\/\/hospirent.com\/Hospirentsv\/wp-json\/wp\/v2\/types\/page"}],"author":[{"embeddable":true,"href":"https:\/\/hospirent.com\/Hospirentsv\/wp-json\/wp\/v2\/users\/1"}],"replies":[{"embeddable":true,"href":"https:\/\/hospirent.com\/Hospirentsv\/wp-json\/wp\/v2\/comments?post=1632"}],"version-history":[{"count":24,"href":"https:\/\/hospirent.com\/Hospirentsv\/wp-json\/wp\/v2\/pages\/1632\/revisions"}],"predecessor-version":[{"id":3618,"href":"https:\/\/hospirent.com\/Hospirentsv\/wp-json\/wp\/v2\/pages\/1632\/revisions\/3618"}],"wp:attachment":[{"href":"https:\/\/hospirent.com\/Hospirentsv\/wp-json\/wp\/v2\/media?parent=1632"}],"curies":[{"name":"wp","href":"https:\/\/api.w.org\/{rel}","templated":true}]}}