{"id":602,"date":"2020-04-15T18:53:37","date_gmt":"2020-04-15T18:53:37","guid":{"rendered":"https:\/\/hospirent.com\/Hospirentsv\/?page_id=602"},"modified":"2021-06-14T17:16:39","modified_gmt":"2021-06-14T17:16:39","slug":"mascarillas-para-cpap","status":"publish","type":"page","link":"https:\/\/hospirent.com\/Hospirentsv\/mascarillas-para-cpap\/","title":{"rendered":"Mascarillas para CPAP"},"content":{"rendered":"\t\t<div data-elementor-type=\"wp-page\" data-elementor-id=\"602\" class=\"elementor elementor-602\">\n\t\t\t\t\t\t<section class=\"elementor-section elementor-top-section elementor-element elementor-element-7bd3e9a elementor-section-boxed elementor-section-height-default elementor-section-height-default\" data-id=\"7bd3e9a\" data-element_type=\"section\" data-e-type=\"section\">\n\t\t\t\t\t\t<div class=\"elementor-container elementor-column-gap-default\">\n\t\t\t\t\t<div class=\"elementor-column elementor-col-25 elementor-top-column elementor-element elementor-element-7e38a83\" data-id=\"7e38a83\" data-element_type=\"column\" data-e-type=\"column\">\n\t\t\t<div class=\"elementor-widget-wrap\">\n\t\t\t\t\t\t\t<\/div>\n\t\t<\/div>\n\t\t\t\t<div class=\"elementor-column elementor-col-25 elementor-top-column elementor-element elementor-element-499a949\" data-id=\"499a949\" data-element_type=\"column\" data-e-type=\"column\">\n\t\t\t<div class=\"elementor-widget-wrap\">\n\t\t\t\t\t\t\t<\/div>\n\t\t<\/div>\n\t\t\t\t<div class=\"elementor-column elementor-col-25 elementor-top-column elementor-element elementor-element-2408142\" data-id=\"2408142\" data-element_type=\"column\" data-e-type=\"column\">\n\t\t\t<div class=\"elementor-widget-wrap\">\n\t\t\t\t\t\t\t<\/div>\n\t\t<\/div>\n\t\t\t\t<div class=\"elementor-column elementor-col-25 elementor-top-column elementor-element elementor-element-bdbc8fa\" data-id=\"bdbc8fa\" data-element_type=\"column\" data-e-type=\"column\">\n\t\t\t<div class=\"elementor-widget-wrap elementor-element-populated\">\n\t\t\t\t\t\t<div class=\"elementor-element elementor-element-d1df909 elementor-align-center elementor-widget elementor-widget-button\" data-id=\"d1df909\" data-element_type=\"widget\" data-e-type=\"widget\" data-widget_type=\"button.default\">\n\t\t\t\t<div class=\"elementor-widget-container\">\n\t\t\t\t\t\t\t\t\t<div class=\"elementor-button-wrapper\">\n\t\t\t\t\t<a class=\"elementor-button elementor-button-link elementor-size-sm\" href=\"https:\/\/hospirent.com\/Hospirentsv\/catalogo-de-productos\/\">\n\t\t\t\t\t\t<span class=\"elementor-button-content-wrapper\">\n\t\t\t\t\t\t<span class=\"elementor-button-icon\">\n\t\t\t\t<i aria-hidden=\"true\" class=\"fas fa-caret-square-left\"><\/i>\t\t\t<\/span>\n\t\t\t\t\t\t\t\t\t<span class=\"elementor-button-text\">Cat\u00e1logo<\/span>\n\t\t\t\t\t<\/span>\n\t\t\t\t\t<\/a>\n\t\t\t\t<\/div>\n\t\t\t\t\t\t\t\t<\/div>\n\t\t\t\t<\/div>\n\t\t\t\t\t<\/div>\n\t\t<\/div>\n\t\t\t\t\t<\/div>\n\t\t<\/section>\n\t\t\t\t<section class=\"elementor-section elementor-top-section elementor-element elementor-element-c16e116 elementor-section-boxed elementor-section-height-default elementor-section-height-default\" data-id=\"c16e116\" data-element_type=\"section\" data-e-type=\"section\" data-settings=\"{&quot;background_background&quot;:&quot;classic&quot;}\">\n\t\t\t\t\t\t<div class=\"elementor-container elementor-column-gap-default\">\n\t\t\t\t\t<div class=\"elementor-column elementor-col-100 elementor-top-column elementor-element elementor-element-2da38f0\" data-id=\"2da38f0\" data-element_type=\"column\" data-e-type=\"column\">\n\t\t\t<div class=\"elementor-widget-wrap elementor-element-populated\">\n\t\t\t\t\t\t<section class=\"elementor-section elementor-inner-section elementor-element elementor-element-65b29a4 elementor-section-boxed elementor-section-height-default elementor-section-height-default\" data-id=\"65b29a4\" data-element_type=\"section\" data-e-type=\"section\">\n\t\t\t\t\t\t<div class=\"elementor-container elementor-column-gap-default\">\n\t\t\t\t\t<div class=\"elementor-column elementor-col-100 elementor-inner-column elementor-element elementor-element-e253095\" data-id=\"e253095\" data-element_type=\"column\" data-e-type=\"column\">\n\t\t\t<div class=\"elementor-widget-wrap elementor-element-populated\">\n\t\t\t\t\t\t<div class=\"elementor-element elementor-element-42940f8 elementor-widget elementor-widget-heading\" data-id=\"42940f8\" data-element_type=\"widget\" data-e-type=\"widget\" data-widget_type=\"heading.default\">\n\t\t\t\t<div class=\"elementor-widget-container\">\n\t\t\t\t\t<h2 class=\"elementor-heading-title elementor-size-default\">Mascarillas <br>para CPAP<\/h2>\t\t\t\t<\/div>\n\t\t\t\t<\/div>\n\t\t\t\t<div class=\"elementor-element elementor-element-087b1b5 elementor-position-left elementor-vertical-align-top elementor-widget elementor-widget-image-box\" data-id=\"087b1b5\" data-element_type=\"widget\" data-e-type=\"widget\" data-widget_type=\"image-box.default\">\n\t\t\t\t<div class=\"elementor-widget-container\">\n\t\t\t\t\t<div class=\"elementor-image-box-wrapper\"><figure class=\"elementor-image-box-img\"><img fetchpriority=\"high\" decoding=\"async\" width=\"470\" height=\"470\" src=\"https:\/\/hospirent.com\/Hospirentsv\/wp-content\/uploads\/2020\/04\/Sue\u00f1o4.jpg\" class=\"attachment-full size-full wp-image-717\" alt=\"\" srcset=\"https:\/\/hospirent.com\/Hospirentsv\/wp-content\/uploads\/2020\/04\/Sue\u00f1o4.jpg 470w, https:\/\/hospirent.com\/Hospirentsv\/wp-content\/uploads\/2020\/04\/Sue\u00f1o4-300x300.jpg 300w, https:\/\/hospirent.com\/Hospirentsv\/wp-content\/uploads\/2020\/04\/Sue\u00f1o4-150x150.jpg 150w\" sizes=\"(max-width: 470px) 100vw, 470px\" \/><\/figure><div class=\"elementor-image-box-content\"><h3 class=\"elementor-image-box-title\">Mascarilla nasal para CPAP<\/h3><p class=\"elementor-image-box-description\">La mascarilla nasal ComfortClassical es una mascarilla con la que podr\u00e1 dormir c\u00f3modo y tranquilo.<br>Coj\u00edn de silicon de membrana delgada.<br>Espaciador de gel de dos posiciones.<br>Puerto de exhalaci\u00f3n silencioso.<br>Arn\u00e9s c\u00f3modo y seguro.\n<\/p><\/div><\/div>\t\t\t\t<\/div>\n\t\t\t\t<\/div>\n\t\t\t\t<div class=\"elementor-element elementor-element-b8adabe elementor-position-left elementor-vertical-align-top elementor-widget elementor-widget-image-box\" data-id=\"b8adabe\" data-element_type=\"widget\" data-e-type=\"widget\" data-widget_type=\"image-box.default\">\n\t\t\t\t<div class=\"elementor-widget-container\">\n\t\t\t\t\t<div class=\"elementor-image-box-wrapper\"><figure class=\"elementor-image-box-img\"><img decoding=\"async\" width=\"470\" height=\"470\" src=\"https:\/\/hospirent.com\/Hospirentsv\/wp-content\/uploads\/2020\/04\/Sue\u00f1o5.jpg\" class=\"attachment-full size-full wp-image-718\" alt=\"\" srcset=\"https:\/\/hospirent.com\/Hospirentsv\/wp-content\/uploads\/2020\/04\/Sue\u00f1o5.jpg 470w, https:\/\/hospirent.com\/Hospirentsv\/wp-content\/uploads\/2020\/04\/Sue\u00f1o5-300x300.jpg 300w, https:\/\/hospirent.com\/Hospirentsv\/wp-content\/uploads\/2020\/04\/Sue\u00f1o5-150x150.jpg 150w\" sizes=\"(max-width: 470px) 100vw, 470px\" \/><\/figure><div class=\"elementor-image-box-content\"><h3 class=\"elementor-image-box-title\">Mascarilla para CPAP<\/h3><p class=\"elementor-image-box-description\">Mascarilla con arn\u00e9s ofrece una comodidad extrema y la fuga de proteccion para respirar por la boca.<br>Eliminar cualquier presi\u00f3n sobre el puente nasal, que es m\u00e1s c\u00f3modo y se deshace de las marcas de presi\u00f3n molestas.<br>Ofrece una terapia efectiva durante toda la noche.<br>Ayudar a mantenerlo en su lugar.<br>F\u00e1cil de ajustar.\n\n<\/p><\/div><\/div>\t\t\t\t<\/div>\n\t\t\t\t<\/div>\n\t\t\t\t<div class=\"elementor-element elementor-element-b9dcf61 elementor-position-left elementor-vertical-align-top elementor-widget elementor-widget-image-box\" data-id=\"b9dcf61\" data-element_type=\"widget\" data-e-type=\"widget\" data-widget_type=\"image-box.default\">\n\t\t\t\t<div class=\"elementor-widget-container\">\n\t\t\t\t\t<div class=\"elementor-image-box-wrapper\"><figure class=\"elementor-image-box-img\"><img decoding=\"async\" width=\"470\" height=\"470\" src=\"https:\/\/hospirent.com\/Hospirentsv\/wp-content\/uploads\/2020\/04\/Sue\u00f1o6.jpg\" class=\"attachment-full size-full wp-image-719\" alt=\"\" srcset=\"https:\/\/hospirent.com\/Hospirentsv\/wp-content\/uploads\/2020\/04\/Sue\u00f1o6.jpg 470w, https:\/\/hospirent.com\/Hospirentsv\/wp-content\/uploads\/2020\/04\/Sue\u00f1o6-300x300.jpg 300w, https:\/\/hospirent.com\/Hospirentsv\/wp-content\/uploads\/2020\/04\/Sue\u00f1o6-150x150.jpg 150w\" sizes=\"(max-width: 470px) 100vw, 470px\" \/><\/figure><div class=\"elementor-image-box-content\"><h3 class=\"elementor-image-box-title\">Mascarilla para CPAP confort gel<\/h3><p class=\"elementor-image-box-description\">Puertos de exhalaci\u00f3n inclinados permiten desviar el flujo a\u00e9reo de exhalaci\u00f3n del paciente.<br>Solapa de silicona que mejora el sellado y puede extraerse para facilitar la limpieza.<br>Almohadilla para la frente mejora la comodidad y el ajuste.<br>Selector de estabilidad para un ajuste y sellado adecuado.<br>Soporte craneal facilita la comodidad y el ajuste.<br>Gel premium forma un sellado efectivo.<br>Libre de l\u00e1tex.<\/p><\/div><\/div>\t\t\t\t<\/div>\n\t\t\t\t<\/div>\n\t\t\t\t<div class=\"elementor-element elementor-element-f6ffa37 elementor-position-left elementor-vertical-align-top elementor-widget elementor-widget-image-box\" data-id=\"f6ffa37\" data-element_type=\"widget\" data-e-type=\"widget\" data-widget_type=\"image-box.default\">\n\t\t\t\t<div class=\"elementor-widget-container\">\n\t\t\t\t\t<div class=\"elementor-image-box-wrapper\"><figure class=\"elementor-image-box-img\"><img loading=\"lazy\" decoding=\"async\" width=\"470\" height=\"470\" src=\"https:\/\/hospirent.com\/Hospirentsv\/wp-content\/uploads\/2020\/04\/Sue\u00f1o7.jpg\" class=\"attachment-full size-full wp-image-721\" alt=\"\" srcset=\"https:\/\/hospirent.com\/Hospirentsv\/wp-content\/uploads\/2020\/04\/Sue\u00f1o7.jpg 470w, https:\/\/hospirent.com\/Hospirentsv\/wp-content\/uploads\/2020\/04\/Sue\u00f1o7-300x300.jpg 300w, https:\/\/hospirent.com\/Hospirentsv\/wp-content\/uploads\/2020\/04\/Sue\u00f1o7-150x150.jpg 150w\" sizes=\"(max-width: 470px) 100vw, 470px\" \/><\/figure><div class=\"elementor-image-box-content\"><h3 class=\"elementor-image-box-title\">Mascarilla para CPAP solo nariz<\/h3><p class=\"elementor-image-box-description\">Puertos de exhalaci\u00f3n inclinados permiten desviar el flujo a\u00e9reo de exhalaci\u00f3n de la persona.<br>Almohadilla de sellado interior crea un sellado de manera instant\u00e1nea.<br>Almohadilla exterior proporciona un soporte confortable.<br>Broches opcionales posibilitan un ajuste confiable.<br>Soporte craneal brinda estabilidad extra.<br>Ajuste intuitivo facilita el uso.<\/p><\/div><\/div>\t\t\t\t<\/div>\n\t\t\t\t<\/div>\n\t\t\t\t<div class=\"elementor-element elementor-element-ca8a158 elementor-position-left elementor-vertical-align-top elementor-widget elementor-widget-image-box\" data-id=\"ca8a158\" data-element_type=\"widget\" data-e-type=\"widget\" data-widget_type=\"image-box.default\">\n\t\t\t\t<div class=\"elementor-widget-container\">\n\t\t\t\t\t<div class=\"elementor-image-box-wrapper\"><figure class=\"elementor-image-box-img\"><img loading=\"lazy\" decoding=\"async\" width=\"470\" height=\"470\" src=\"https:\/\/hospirent.com\/Hospirentsv\/wp-content\/uploads\/2020\/04\/Sue\u00f1o8.jpg\" class=\"attachment-full size-full wp-image-723\" alt=\"\" srcset=\"https:\/\/hospirent.com\/Hospirentsv\/wp-content\/uploads\/2020\/04\/Sue\u00f1o8.jpg 470w, https:\/\/hospirent.com\/Hospirentsv\/wp-content\/uploads\/2020\/04\/Sue\u00f1o8-300x300.jpg 300w, https:\/\/hospirent.com\/Hospirentsv\/wp-content\/uploads\/2020\/04\/Sue\u00f1o8-150x150.jpg 150w\" sizes=\"(max-width: 470px) 100vw, 470px\" \/><\/figure><div class=\"elementor-image-box-content\"><h3 class=\"elementor-image-box-title\">Mascarilla para CPAP<\/h3><p class=\"elementor-image-box-description\">Almohadilla de doble solapa, ayuda a evitar p\u00e9rdidas de presi\u00f3n y moverse con usted mientras duerme.<br>Permite un f\u00e1cil ajuste para eliminar cualquier presi\u00f3n sobre el puente de la nariz.<br>V\u00e1lvula de arrastre a\u00f1adido para la seguridad en el caso de fallo de ventilaci\u00f3n.<br>C\u00f3moda y f\u00e1cil de usar.<\/p><\/div><\/div>\t\t\t\t<\/div>\n\t\t\t\t<\/div>\n\t\t\t\t<div class=\"elementor-element elementor-element-8a277db elementor-position-left elementor-vertical-align-top elementor-widget elementor-widget-image-box\" data-id=\"8a277db\" data-element_type=\"widget\" data-e-type=\"widget\" data-widget_type=\"image-box.default\">\n\t\t\t\t<div class=\"elementor-widget-container\">\n\t\t\t\t\t<div class=\"elementor-image-box-wrapper\"><figure class=\"elementor-image-box-img\"><img loading=\"lazy\" decoding=\"async\" width=\"470\" height=\"470\" src=\"https:\/\/hospirent.com\/Hospirentsv\/wp-content\/uploads\/2020\/04\/Sue\u00f1o9.jpg\" class=\"attachment-full size-full wp-image-728\" alt=\"\" srcset=\"https:\/\/hospirent.com\/Hospirentsv\/wp-content\/uploads\/2020\/04\/Sue\u00f1o9.jpg 470w, https:\/\/hospirent.com\/Hospirentsv\/wp-content\/uploads\/2020\/04\/Sue\u00f1o9-300x300.jpg 300w, https:\/\/hospirent.com\/Hospirentsv\/wp-content\/uploads\/2020\/04\/Sue\u00f1o9-150x150.jpg 150w\" sizes=\"(max-width: 470px) 100vw, 470px\" \/><\/figure><div class=\"elementor-image-box-content\"><h3 class=\"elementor-image-box-title\">Mascarilla solo nariz para CPAP<\/h3><p class=\"elementor-image-box-description\">Solapa incorporada que se ajusta al contorno de la nariz para reducir las fugas. <br>Tubo giratorio, permite que el circuito se mueva libremente.<br>Coj\u00edn de gel suave se ajusta a contorno de la frente. <br>La capa exterior es de coj\u00edn de gel suave y c\u00f3modo.\n<\/p><\/div><\/div>\t\t\t\t<\/div>\n\t\t\t\t<\/div>\n\t\t\t\t<div class=\"elementor-element elementor-element-309ad98 elementor-position-left elementor-vertical-align-top elementor-widget elementor-widget-image-box\" data-id=\"309ad98\" data-element_type=\"widget\" data-e-type=\"widget\" data-widget_type=\"image-box.default\">\n\t\t\t\t<div class=\"elementor-widget-container\">\n\t\t\t\t\t<div class=\"elementor-image-box-wrapper\"><figure class=\"elementor-image-box-img\"><img loading=\"lazy\" decoding=\"async\" width=\"470\" height=\"470\" src=\"https:\/\/hospirent.com\/Hospirentsv\/wp-content\/uploads\/2020\/04\/Sue\u00f1o10.jpg\" class=\"attachment-full size-full wp-image-729\" alt=\"\" srcset=\"https:\/\/hospirent.com\/Hospirentsv\/wp-content\/uploads\/2020\/04\/Sue\u00f1o10.jpg 470w, https:\/\/hospirent.com\/Hospirentsv\/wp-content\/uploads\/2020\/04\/Sue\u00f1o10-300x300.jpg 300w, https:\/\/hospirent.com\/Hospirentsv\/wp-content\/uploads\/2020\/04\/Sue\u00f1o10-150x150.jpg 150w\" sizes=\"(max-width: 470px) 100vw, 470px\" \/><\/figure><div class=\"elementor-image-box-content\"><h3 class=\"elementor-image-box-title\">Mascarilla para CPAP solo nariz<\/h3><p class=\"elementor-image-box-description\">La mascarilla brinda un ajuste, sellado y comodidad personalizados para una terapia de apnea del sue\u00f1o c\u00f3moda y efectiva.<br>El dial MicroFit ajusta con precisi\u00f3n para adaptarse a sus necesidades y preferencias.<br>La ventilaci\u00f3n silenciosa difunde suavemente el aire lejos de usted y su compa\u00f1ero de cama.<br>El dise\u00f1o delgado ofrece un campo de visi\u00f3n mejorado.<br>F\u00e1cil de usar se ajusta f\u00e1cilmente con una mano.<\/p><\/div><\/div>\t\t\t\t<\/div>\n\t\t\t\t<\/div>\n\t\t\t\t<div class=\"elementor-element elementor-element-0fe7bec elementor-position-left elementor-vertical-align-top elementor-widget elementor-widget-image-box\" data-id=\"0fe7bec\" data-element_type=\"widget\" data-e-type=\"widget\" data-widget_type=\"image-box.default\">\n\t\t\t\t<div class=\"elementor-widget-container\">\n\t\t\t\t\t<div class=\"elementor-image-box-wrapper\"><figure class=\"elementor-image-box-img\"><img loading=\"lazy\" decoding=\"async\" width=\"470\" height=\"470\" src=\"https:\/\/hospirent.com\/Hospirentsv\/wp-content\/uploads\/2020\/04\/Sue\u00f1o11.jpg\" class=\"attachment-full size-full wp-image-730\" alt=\"\" srcset=\"https:\/\/hospirent.com\/Hospirentsv\/wp-content\/uploads\/2020\/04\/Sue\u00f1o11.jpg 470w, https:\/\/hospirent.com\/Hospirentsv\/wp-content\/uploads\/2020\/04\/Sue\u00f1o11-300x300.jpg 300w, https:\/\/hospirent.com\/Hospirentsv\/wp-content\/uploads\/2020\/04\/Sue\u00f1o11-150x150.jpg 150w\" sizes=\"(max-width: 470px) 100vw, 470px\" \/><\/figure><div class=\"elementor-image-box-content\"><h3 class=\"elementor-image-box-title\">Mascarilla para CPAP boca\/nariz doble entrada de ox\u00edgeno<\/h3><p class=\"elementor-image-box-description\">Los puertos de exhalaci\u00f3n inclinados permiten desviar el flujo a\u00e9reo de exhalaci\u00f3n del paciente.<br>La solapa de silicona mejora el sellado y puede extraerse para facilitar la limpieza.<br>Cubre la nariz y la boca del paciente para que la terapia se administra por v\u00eda nasal y oral.<br>Almohadilla para la frente, mejora la comodidad y el ajuste.<br>El soporte craneal facilita la comodidad y el ajuste.<br>Doble entrada de ox\u00edgeno.<br>Libre de l\u00e1tex.<\/p><\/div><\/div>\t\t\t\t<\/div>\n\t\t\t\t<\/div>\n\t\t\t\t\t<\/div>\n\t\t<\/div>\n\t\t\t\t\t<\/div>\n\t\t<\/section>\n\t\t\t\t\t<\/div>\n\t\t<\/div>\n\t\t\t\t\t<\/div>\n\t\t<\/section>\n\t\t\t\t<\/div>\n\t\t","protected":false},"excerpt":{"rendered":"<p>Cat\u00e1logo Mascarillas para CPAP Mascarilla nasal para CPAP La mascarilla nasal ComfortClassical es una mascarilla con la que podr\u00e1 dormir c\u00f3modo y tranquilo.Coj\u00edn de silicon de membrana delgada.Espaciador de gel de dos posiciones.Puerto de exhalaci\u00f3n silencioso.Arn\u00e9s c\u00f3modo y seguro. Mascarilla para CPAP Mascarilla con arn\u00e9s ofrece una comodidad extrema y la fuga de proteccion para &hellip;<\/p>\n<p class=\"read-more\"> <a class=\"\" href=\"https:\/\/hospirent.com\/Hospirentsv\/mascarillas-para-cpap\/\"> <span class=\"screen-reader-text\">Mascarillas para CPAP<\/span> Leer m\u00e1s &raquo;<\/a><\/p>\n","protected":false},"author":1,"featured_media":0,"parent":0,"menu_order":0,"comment_status":"closed","ping_status":"closed","template":"","meta":{"site-sidebar-layout":"default","site-content-layout":"default","ast-global-header-display":"","ast-main-header-display":"","ast-hfb-above-header-display":"","ast-hfb-below-header-display":"","ast-hfb-mobile-header-display":"","site-post-title":"","ast-breadcrumbs-content":"","ast-featured-img":"","footer-sml-layout":"","theme-transparent-header-meta":"","adv-header-id-meta":"","stick-header-meta":"","header-above-stick-meta":"","header-main-stick-meta":"","header-below-stick-meta":"","_joinchat":[],"footnotes":""},"class_list":["post-602","page","type-page","status-publish","hentry"],"_links":{"self":[{"href":"https:\/\/hospirent.com\/Hospirentsv\/wp-json\/wp\/v2\/pages\/602","targetHints":{"allow":["GET"]}}],"collection":[{"href":"https:\/\/hospirent.com\/Hospirentsv\/wp-json\/wp\/v2\/pages"}],"about":[{"href":"https:\/\/hospirent.com\/Hospirentsv\/wp-json\/wp\/v2\/types\/page"}],"author":[{"embeddable":true,"href":"https:\/\/hospirent.com\/Hospirentsv\/wp-json\/wp\/v2\/users\/1"}],"replies":[{"embeddable":true,"href":"https:\/\/hospirent.com\/Hospirentsv\/wp-json\/wp\/v2\/comments?post=602"}],"version-history":[{"count":29,"href":"https:\/\/hospirent.com\/Hospirentsv\/wp-json\/wp\/v2\/pages\/602\/revisions"}],"predecessor-version":[{"id":2282,"href":"https:\/\/hospirent.com\/Hospirentsv\/wp-json\/wp\/v2\/pages\/602\/revisions\/2282"}],"wp:attachment":[{"href":"https:\/\/hospirent.com\/Hospirentsv\/wp-json\/wp\/v2\/media?parent=602"}],"curies":[{"name":"wp","href":"https:\/\/api.w.org\/{rel}","templated":true}]}}